{"id":703,"date":"2018-09-24T20:48:11","date_gmt":"2018-09-24T20:48:11","guid":{"rendered":"https:\/\/vezelay.eu\/d\/?page_id=703"},"modified":"2020-06-12T10:21:56","modified_gmt":"2020-06-12T10:21:56","slug":"promener","status":"publish","type":"page","link":"https:\/\/vezelay.eu\/f\/promener\/","title":{"rendered":"Promener"},"content":{"rendered":"<div id=\"pl-703\"  class=\"panel-layout\" ><div id=\"pg-703-0\"  class=\"panel-grid panel-no-style\" ><div id=\"pgc-703-0-0\"  class=\"panel-grid-cell panel-grid-cell-mobile-last\" ><div id=\"panel-703-0-0-0\" class=\"so-panel widget widget_sow-editor panel-first-child panel-last-child\" data-index=\"0\" ><div\n\t\t\t\n\t\t\tclass=\"so-widget-sow-editor so-widget-sow-editor-base\"\n\t\t\t\n\t\t>\n<div class=\"siteorigin-widget-tinymce textwidget\">\n\t<\/div>\n<\/div><\/div><\/div><div id=\"pgc-703-0-1\"  class=\"panel-grid-cell panel-grid-cell-empty\" ><\/div><\/div><div id=\"pg-703-1\"  class=\"panel-grid panel-has-style\" ><div class=\"siteorigin-panels-stretch panel-row-style panel-row-style-for-703-1\" data-stretch-type=\"full-stretched\" ><div id=\"pgc-703-1-0\"  class=\"panel-grid-cell panel-grid-cell-empty\" ><\/div><div id=\"pgc-703-1-1\"  class=\"panel-grid-cell\" ><div id=\"panel-703-1-1-0\" class=\"so-panel widget widget_sow-editor panel-first-child panel-last-child\" data-index=\"1\" ><div\n\t\t\t\n\t\t\tclass=\"so-widget-sow-editor so-widget-sow-editor-base\"\n\t\t\t\n\t\t><h3 class=\"widget-title\">Petites promenades \u00e0 V\u00e9zelay \u21b4<\/h3>\n<div class=\"siteorigin-widget-tinymce textwidget\">\n\t<p style=\"font-family: libre-baskerville; font-size: 13pt;\"><a href=\"https:\/\/drive.google.com\/open?id=148x_rZZCX67NIJQ8U4GFEohSsOMpPjbA&amp;usp=sharing\" target=\"_blank\" rel=\"noopener\"><img loading=\"lazy\" decoding=\"async\" class=\"alignnone size-full wp-image-537\" src=\"https:\/\/vezelay.eu\/d\/wp-content\/uploads\/2018\/09\/SDC10962a.jpg\" alt=\"\" width=\"1280\" height=\"720\" srcset=\"https:\/\/vezelay.eu\/f\/wp-content\/uploads\/2018\/09\/SDC10962a.jpg 1280w, https:\/\/vezelay.eu\/f\/wp-content\/uploads\/2018\/09\/SDC10962a-600x338.jpg 600w, https:\/\/vezelay.eu\/f\/wp-content\/uploads\/2018\/09\/SDC10962a-768x432.jpg 768w, https:\/\/vezelay.eu\/f\/wp-content\/uploads\/2018\/09\/SDC10962a-171x96.jpg 171w\" sizes=\"auto, (max-width: 767px) 89vw, (max-width: 1000px) 54vw, (max-width: 1071px) 543px, 580px\" \/><\/a>Voici les courtes distances. L'extension peut durer \u00e9ternellement.<\/p>\n<h3 style=\"font-size: 16t;\">Promenade \u00e0 les Fontaines Sal\u00e9es (8km)\u00a0\u21b4<\/h3>\n<p><img loading=\"lazy\" decoding=\"async\" class=\"alignnone size-full wp-image-734\" src=\"https:\/\/vezelay.eu\/d\/wp-content\/uploads\/2018\/09\/1374782_10200946464128398_2105963316_n.jpg\" alt=\"\" width=\"1280\" height=\"720\" srcset=\"https:\/\/vezelay.eu\/f\/wp-content\/uploads\/2018\/09\/1374782_10200946464128398_2105963316_n.jpg 1280w, https:\/\/vezelay.eu\/f\/wp-content\/uploads\/2018\/09\/1374782_10200946464128398_2105963316_n-600x338.jpg 600w, https:\/\/vezelay.eu\/f\/wp-content\/uploads\/2018\/09\/1374782_10200946464128398_2105963316_n-768x432.jpg 768w, https:\/\/vezelay.eu\/f\/wp-content\/uploads\/2018\/09\/1374782_10200946464128398_2105963316_n-171x96.jpg 171w\" sizes=\"auto, (max-width: 767px) 89vw, (max-width: 1000px) 54vw, (max-width: 1071px) 543px, 580px\" \/><span style=\"font-family: libre-baskerville; font-size: 13pt;\">Bien s\u00fbr, il peut aussi \u00eatre plus court<\/span><\/p>\n<h3 class=\"widget-title\"><span style=\"font-size: 16pt;\">De Sermizelles \u00e0 Saint P\u00e8re (12km)\u00a0\u21b4<\/span><\/h3>\n<p><a href=\"https:\/\/drive.google.com\/open?id=1syF7GhBvyitmMGCb_baM14RVeF4YrzBY&amp;usp=sharing\" target=\"_blank\" rel=\"noopener\"><img loading=\"lazy\" decoding=\"async\" class=\"alignnone size-full wp-image-692\" src=\"https:\/\/vezelay.eu\/d\/wp-content\/uploads\/2018\/09\/unnamed.jpg\" alt=\"\" width=\"1280\" height=\"720\" srcset=\"https:\/\/vezelay.eu\/f\/wp-content\/uploads\/2018\/09\/unnamed.jpg 1280w, https:\/\/vezelay.eu\/f\/wp-content\/uploads\/2018\/09\/unnamed-600x338.jpg 600w, https:\/\/vezelay.eu\/f\/wp-content\/uploads\/2018\/09\/unnamed-768x432.jpg 768w, https:\/\/vezelay.eu\/f\/wp-content\/uploads\/2018\/09\/unnamed-171x96.jpg 171w\" sizes=\"auto, (max-width: 767px) 89vw, (max-width: 1000px) 54vw, (max-width: 1071px) 543px, 580px\" \/><\/a><span style=\"font-family: libre-baskerville; font-size: 13pt;\"><span style=\"color: #333333;\"><span lang=\"de-DE\">Sur les anciens chemins de p\u00e8lerinage \u00e0 V\u00e9zelay (y compris les horaires de bus et un tip restaurant)<\/span><\/span><\/span><\/p>\n<h3 class=\"widget-title\"><span style=\"font-size: 18pt;\">Autour des grottes d'Arcy sur Cure<\/span><span style=\"font-size: 16pt;\"><span style=\"font-size: 18pt;\">\u00a0<\/span>(9km)\u00a0\u21b4<\/span><\/h3>\n<p><a href=\"https:\/\/drive.google.com\/open?id=1KzKHKTkn1n63htap0AonGpIyTDsOkNJX&amp;usp=sharing\" target=\"_blank\" rel=\"noopener\"><img loading=\"lazy\" decoding=\"async\" class=\"alignnone size-full wp-image-1408\" src=\"https:\/\/vezelay.eu\/d\/wp-content\/uploads\/2018\/10\/arcy.jpg\" alt=\"\" width=\"1280\" height=\"720\" srcset=\"https:\/\/vezelay.eu\/f\/wp-content\/uploads\/2018\/10\/arcy.jpg 1280w, https:\/\/vezelay.eu\/f\/wp-content\/uploads\/2018\/10\/arcy-600x338.jpg 600w, https:\/\/vezelay.eu\/f\/wp-content\/uploads\/2018\/10\/arcy-768x432.jpg 768w, https:\/\/vezelay.eu\/f\/wp-content\/uploads\/2018\/10\/arcy-700x394.jpg 700w\" sizes=\"auto, (max-width: 767px) 89vw, (max-width: 1000px) 54vw, (max-width: 1071px) 543px, 580px\" \/><\/a><span style=\"font-family: libre-baskerville; font-size: 13pt;\">A la grotte aux peintures de mammouth et \u00e0 la grotte du l\u00e9gendaire adoreur de serpent P\u00e8re Leleu<span style=\"color: #333333;\"><span lang=\"de-DE\">.<\/span><\/span><\/span><\/p>\n<p>&nbsp;<\/p>\n<\/div>\n<\/div><\/div><\/div><div id=\"pgc-703-1-2\"  class=\"panel-grid-cell panel-grid-cell-mobile-last\" ><div id=\"panel-703-1-2-0\" class=\"so-panel widget widget_sow-editor panel-first-child panel-last-child\" data-index=\"2\" ><div\n\t\t\t\n\t\t\tclass=\"so-widget-sow-editor so-widget-sow-editor-base\"\n\t\t\t\n\t\t><h3 class=\"widget-title\">Tour \u00e0 l'est de V\u00e9zelay (10 km) \u21b4<\/h3>\n<div class=\"siteorigin-widget-tinymce textwidget\">\n\t<p><img loading=\"lazy\" decoding=\"async\" class=\"size-full wp-image-574\" src=\"https:\/\/vezelay.eu\/d\/wp-content\/uploads\/2018\/09\/zonnebloem.jpg\" alt=\"\" width=\"1280\" height=\"720\" srcset=\"https:\/\/vezelay.eu\/f\/wp-content\/uploads\/2018\/09\/zonnebloem.jpg 1280w, https:\/\/vezelay.eu\/f\/wp-content\/uploads\/2018\/09\/zonnebloem-600x338.jpg 600w, https:\/\/vezelay.eu\/f\/wp-content\/uploads\/2018\/09\/zonnebloem-768x432.jpg 768w, https:\/\/vezelay.eu\/f\/wp-content\/uploads\/2018\/09\/zonnebloem-171x96.jpg 171w\" sizes=\"auto, (max-width: 767px) 89vw, (max-width: 1000px) 54vw, (max-width: 1071px) 543px, 580px\" \/><br \/>\n<span style=\"font-family: libre-baskerville; font-size: 13pt;\">Le long des'maisons naines' dans la grande for\u00eat (10 km)<\/span><\/p>\n<h3 class=\"widget-title\"><span style=\"font-size: 16pt;\">Tour de V\u00e9zelay (12km)\u00a0\u21b4<\/span><\/h3>\n<p><img loading=\"lazy\" decoding=\"async\" class=\"alignnone size-full wp-image-582\" src=\"https:\/\/vezelay.eu\/d\/wp-content\/uploads\/2018\/09\/4979903588_64f19019a2_b-1.jpg\" alt=\"\" width=\"1280\" height=\"720\" srcset=\"https:\/\/vezelay.eu\/f\/wp-content\/uploads\/2018\/09\/4979903588_64f19019a2_b-1.jpg 1280w, https:\/\/vezelay.eu\/f\/wp-content\/uploads\/2018\/09\/4979903588_64f19019a2_b-1-600x338.jpg 600w, https:\/\/vezelay.eu\/f\/wp-content\/uploads\/2018\/09\/4979903588_64f19019a2_b-1-768x432.jpg 768w, https:\/\/vezelay.eu\/f\/wp-content\/uploads\/2018\/09\/4979903588_64f19019a2_b-1-171x96.jpg 171w\" sizes=\"auto, (max-width: 767px) 89vw, (max-width: 1000px) 54vw, (max-width: 1071px) 543px, 580px\" \/><span style=\"font-family: libre-baskerville; font-size: 13pt;\">La ville sur la montagne appara\u00eet encore et encore<\/span><\/p>\n<h3 class=\"widget-title\"><span style=\"font-size: 16pt;\">De Bazoches \u00e0 Saint Pere (12km)\u00a0\u21b4<\/span><\/h3>\n<p><img loading=\"lazy\" decoding=\"async\" class=\"alignnone size-full wp-image-584\" src=\"https:\/\/vezelay.eu\/d\/wp-content\/uploads\/2018\/09\/P1010031d-11.jpg\" alt=\"\" width=\"1280\" height=\"720\" srcset=\"https:\/\/vezelay.eu\/f\/wp-content\/uploads\/2018\/09\/P1010031d-11.jpg 1280w, https:\/\/vezelay.eu\/f\/wp-content\/uploads\/2018\/09\/P1010031d-11-600x338.jpg 600w, https:\/\/vezelay.eu\/f\/wp-content\/uploads\/2018\/09\/P1010031d-11-768x432.jpg 768w, https:\/\/vezelay.eu\/f\/wp-content\/uploads\/2018\/09\/P1010031d-11-171x96.jpg 171w\" sizes=\"auto, (max-width: 767px) 89vw, (max-width: 1000px) 54vw, (max-width: 1071px) 543px, 580px\" \/><span style=\"font-family: libre-baskerville; font-size: 13pt;\">Sur les voies romaines (y compris les horaires de bus jusqu'\u00e0 Bazoches et un tip restaurant)<\/span><\/p>\n<h3 class=\"widget-title\"><span style=\"font-size: 16pt;\">\u00a0Aller et retour Tharoiseau (10km)\u00a0\u21b4<\/span><\/h3>\n<p><img loading=\"lazy\" decoding=\"async\" class=\"alignnone size-full wp-image-563\" src=\"https:\/\/vezelay.eu\/d\/wp-content\/uploads\/2018\/09\/17797109_10208898487284007_1120918680_oa.jpg\" alt=\"\" width=\"1280\" height=\"720\" srcset=\"https:\/\/vezelay.eu\/f\/wp-content\/uploads\/2018\/09\/17797109_10208898487284007_1120918680_oa.jpg 1280w, https:\/\/vezelay.eu\/f\/wp-content\/uploads\/2018\/09\/17797109_10208898487284007_1120918680_oa-600x338.jpg 600w, https:\/\/vezelay.eu\/f\/wp-content\/uploads\/2018\/09\/17797109_10208898487284007_1120918680_oa-768x432.jpg 768w, https:\/\/vezelay.eu\/f\/wp-content\/uploads\/2018\/09\/17797109_10208898487284007_1120918680_oa-171x96.jpg 171w\" sizes=\"auto, (max-width: 767px) 89vw, (max-width: 1000px) 54vw, (max-width: 1071px) 543px, 580px\" \/><span style=\"font-family: libre-baskerville; font-size: 13pt;\">Carpe, Celtes et ch\u00e2teau sur la montagne<\/span><\/p>\n<p>&nbsp;<\/p>\n<\/div>\n<\/div><\/div><\/div><div id=\"pgc-703-1-3\"  class=\"panel-grid-cell panel-grid-cell-empty\" ><\/div><\/div><\/div><div id=\"pg-703-2\"  class=\"panel-grid panel-has-style\" ><div class=\"siteorigin-panels-stretch panel-row-style panel-row-style-for-703-2\" data-stretch-type=\"full-stretched\" ><div id=\"pgc-703-2-0\"  class=\"panel-grid-cell panel-grid-cell-empty\" ><\/div><div id=\"pgc-703-2-1\"  class=\"panel-grid-cell\" ><div id=\"panel-703-2-1-0\" class=\"so-panel widget widget_media_image panel-first-child panel-last-child\" data-index=\"3\" ><img loading=\"lazy\" decoding=\"async\" width=\"600\" height=\"85\" src=\"https:\/\/vezelay.eu\/f\/wp-content\/uploads\/2018\/10\/grijs-600x85.jpg\" class=\"image wp-image-2274  attachment-medium size-medium\" alt=\"\" style=\"max-width: 100%; height: auto;\" srcset=\"https:\/\/vezelay.eu\/f\/wp-content\/uploads\/2018\/10\/grijs-600x85.jpg 600w, https:\/\/vezelay.eu\/f\/wp-content\/uploads\/2018\/10\/grijs-768x109.jpg 768w, https:\/\/vezelay.eu\/f\/wp-content\/uploads\/2018\/10\/grijs-700x100.jpg 700w, https:\/\/vezelay.eu\/f\/wp-content\/uploads\/2018\/10\/grijs.jpg 1188w\" sizes=\"auto, 100vw\" \/><\/div><\/div><div id=\"pgc-703-2-2\"  class=\"panel-grid-cell panel-grid-cell-empty panel-grid-cell-mobile-last\" ><\/div><div id=\"pgc-703-2-3\"  class=\"panel-grid-cell panel-grid-cell-empty\" ><\/div><\/div><\/div><div id=\"pg-703-3\"  class=\"panel-grid panel-no-style\" ><div id=\"pgc-703-3-0\"  class=\"panel-grid-cell panel-grid-cell-empty panel-grid-cell-mobile-last\" ><\/div><div id=\"pgc-703-3-1\"  class=\"panel-grid-cell panel-grid-cell-empty\" ><\/div><\/div><\/div>","protected":false},"excerpt":{"rendered":"<p>Voici les courtes distances. L&rsquo;extension peut durer \u00e9ternellement. Promenade \u00e0 les Fontaines Sal\u00e9es (8km)\u00a0\u21b4 Bien s\u00fbr, il peut aussi \u00eatre plus court De Sermizelles \u00e0 Saint P\u00e8re (12km)\u00a0\u21b4 Sur les anciens chemins de p\u00e8lerinage \u00e0 V\u00e9zelay (y compris les horaires de bus et un tip restaurant) Autour des grottes d&rsquo;Arcy sur Cure\u00a0(9km)\u00a0\u21b4 A la grotte &hellip; <\/p>\n<p class=\"link-more\"><a href=\"https:\/\/vezelay.eu\/f\/promener\/\" class=\"more-link\">Continuer la lecture<span class=\"screen-reader-text\"> de &laquo;&nbsp;Promener&nbsp;&raquo;<\/span><\/a><\/p>\n","protected":false},"author":1,"featured_media":0,"parent":0,"menu_order":0,"comment_status":"closed","ping_status":"closed","template":"","meta":{"footnotes":""},"class_list":["post-703","page","type-page","status-publish","hentry"],"_links":{"self":[{"href":"https:\/\/vezelay.eu\/f\/wp-json\/wp\/v2\/pages\/703","targetHints":{"allow":["GET"]}}],"collection":[{"href":"https:\/\/vezelay.eu\/f\/wp-json\/wp\/v2\/pages"}],"about":[{"href":"https:\/\/vezelay.eu\/f\/wp-json\/wp\/v2\/types\/page"}],"author":[{"embeddable":true,"href":"https:\/\/vezelay.eu\/f\/wp-json\/wp\/v2\/users\/1"}],"replies":[{"embeddable":true,"href":"https:\/\/vezelay.eu\/f\/wp-json\/wp\/v2\/comments?post=703"}],"version-history":[{"count":129,"href":"https:\/\/vezelay.eu\/f\/wp-json\/wp\/v2\/pages\/703\/revisions"}],"predecessor-version":[{"id":3333,"href":"https:\/\/vezelay.eu\/f\/wp-json\/wp\/v2\/pages\/703\/revisions\/3333"}],"wp:attachment":[{"href":"https:\/\/vezelay.eu\/f\/wp-json\/wp\/v2\/media?parent=703"}],"curies":[{"name":"wp","href":"https:\/\/api.w.org\/{rel}","templated":true}]}}