{"id":357,"date":"2018-09-16T19:25:53","date_gmt":"2018-09-16T19:25:53","guid":{"rendered":"https:\/\/vezelay.eu\/d\/?page_id=357"},"modified":"2024-01-07T13:59:47","modified_gmt":"2024-01-07T13:59:47","slug":"prix","status":"publish","type":"page","link":"https:\/\/vezelay.eu\/f\/prix\/","title":{"rendered":"Disponibilit\u00e9 \/prix"},"content":{"rendered":"<div id=\"pl-357\"  class=\"panel-layout\" ><div id=\"pg-357-0\"  class=\"panel-grid panel-no-style\" ><div id=\"pgc-357-0-0\"  class=\"panel-grid-cell panel-grid-cell-mobile-last\" ><div id=\"panel-357-0-0-0\" class=\"so-panel widget widget_sow-editor panel-first-child panel-last-child\" data-index=\"0\" ><div\n\t\t\t\n\t\t\tclass=\"so-widget-sow-editor so-widget-sow-editor-base\"\n\t\t\t\n\t\t>\n<div class=\"siteorigin-widget-tinymce textwidget\">\n\t<\/div>\n<\/div><\/div><\/div><div id=\"pgc-357-0-1\"  class=\"panel-grid-cell panel-grid-cell-empty\" ><\/div><\/div><div id=\"pg-357-1\"  class=\"panel-grid panel-has-style\" ><div class=\"siteorigin-panels-stretch panel-row-style panel-row-style-for-357-1\" data-stretch-type=\"full-stretched\" ><div id=\"pgc-357-1-0\"  class=\"panel-grid-cell panel-grid-cell-empty\" ><\/div><div id=\"pgc-357-1-1\"  class=\"panel-grid-cell\" ><div id=\"panel-357-1-1-0\" class=\"widget_text so-panel widget widget_custom_html panel-first-child panel-last-child\" data-index=\"1\" ><h3 class=\"widget-title\">Disponibilit\u00e9<\/h3><div class=\"textwidget custom-html-widget\"><iframe loading=\"lazy\" src=\"https:\/\/www.cybevasion.fr\/annonces_planning.php?id_annonce=53362&num_planning=0&langue=fr\" width=\"100%\" height=\"300\" frameborder=\"0\"><\/iframe><\/div><\/div><\/div><div id=\"pgc-357-1-2\"  class=\"panel-grid-cell panel-grid-cell-mobile-last\" ><div id=\"panel-357-1-2-0\" class=\"widget_text so-panel widget widget_custom_html panel-first-child panel-last-child\" data-index=\"2\" ><h3 class=\"widget-title\">.<\/h3><div class=\"textwidget custom-html-widget\"><iframe loading=\"lazy\" src=\"https:\/\/www.cybevasion.fr\/annonces_planning.php?id_annonce=85553&id_structure=66445&langue=fr&transparent\" name=\"planning\" width=\"100%\" height=\"300\" frameborder=\"0\"><\/iframe>\n<\/div><\/div><\/div><div id=\"pgc-357-1-3\"  class=\"panel-grid-cell panel-grid-cell-empty\" ><\/div><\/div><\/div><div id=\"pg-357-2\"  class=\"panel-grid panel-has-style\" ><div class=\"siteorigin-panels-stretch panel-row-style panel-row-style-for-357-2\" data-stretch-type=\"full-stretched\" ><div id=\"pgc-357-2-0\"  class=\"panel-grid-cell panel-grid-cell-empty\" ><\/div><div id=\"pgc-357-2-1\"  class=\"panel-grid-cell\" ><div id=\"panel-357-2-1-0\" class=\"widget_text so-panel widget widget_custom_html panel-first-child panel-last-child\" data-index=\"3\" ><h3 class=\"widget-title\">Prix<\/h3><div class=\"textwidget custom-html-widget\"><div id=\"metaslider-id-2332238\" style=\"width: 100%;\" class=\"ml-slider-3-107-0 metaslider metaslider-flex metaslider-2332238 ml-slider has-dots-nav has-carousel-mode ms-theme-default\" role=\"region\" aria-label=\"Prix\" data-height=\"720\" data-width=\"1800\">\n    <div id=\"metaslider_container_2332238\">\n        <div id=\"metaslider_2332238\">\n            <ul class='slides'>\n                <li style=\"display: none; width: 100%;\" class=\"slide-2332242 ms-image \" aria-roledescription=\"slide\" data-date=\"2021-11-13 14:32:36\" data-filename=\"SP-f-2025-1-1764x705.jpg\" data-slide-type=\"image\"><img loading=\"lazy\" decoding=\"async\" src=\"https:\/\/vezelay.eu\/f\/wp-content\/uploads\/2025\/03\/SP-f-2025-1-1764x705.jpg\" height=\"720\" width=\"1800\" alt=\"\" class=\"slider-2332238 slide-2332242 msDefaultImage\" title=\"SP f 2025 1\" \/><\/li>\n                <li style=\"display: none; width: 100%;\" class=\"slide-2332243 ms-image \" aria-roledescription=\"slide\" data-date=\"2021-11-13 14:32:36\" data-filename=\"SP-f-2025-2-1780x712.jpg\" data-slide-type=\"image\"><img loading=\"lazy\" decoding=\"async\" src=\"https:\/\/vezelay.eu\/f\/wp-content\/uploads\/2025\/03\/SP-f-2025-2-1780x712.jpg\" height=\"720\" width=\"1800\" alt=\"\" class=\"slider-2332238 slide-2332243 msDefaultImage\" title=\"SP f 2025 2\" \/><\/li>\n            <\/ul>\n        <\/div>\n        \n    <\/div>\n<\/div><\/div><\/div><\/div><div id=\"pgc-357-2-2\"  class=\"panel-grid-cell panel-grid-cell-mobile-last\" ><div id=\"panel-357-2-2-0\" class=\"widget_text so-panel widget widget_custom_html panel-first-child panel-last-child\" data-index=\"4\" ><h3 class=\"widget-title\">Louer<\/h3><div class=\"textwidget custom-html-widget\"><div id=\"metaslider-id-2332246\" style=\"width: 100%;\" class=\"ml-slider-3-107-0 metaslider metaslider-flex metaslider-2332246 ml-slider has-dots-nav has-carousel-mode ms-theme-default\" role=\"region\" aria-label=\"Location\" data-height=\"720\" data-width=\"1280\">\n    <div id=\"metaslider_container_2332246\">\n        <div id=\"metaslider_2332246\">\n            <ul class='slides'>\n                <li style=\"display: none; width: 100%;\" class=\"slide-2332249 ms-image \" aria-roledescription=\"slide\" data-date=\"2021-11-13 14:36:24\" data-filename=\"20211024_093827-scaled-1280x720.jpg\" data-slide-type=\"image\"><img loading=\"lazy\" decoding=\"async\" src=\"https:\/\/vezelay.eu\/f\/wp-content\/uploads\/2021\/11\/20211024_093827-scaled-1280x720.jpg\" height=\"720\" width=\"1280\" alt=\"\" class=\"slider-2332246 slide-2332249 msDefaultImage\" \/><div class=\"caption-wrap\"><div class=\"caption\"><p style=\"font-family:'libre-baskerville';font-size:13pt;background:#FFFFFF;color:#000000;\">De la mi-avril \u00e0 la mi-octobre la location est \u00e0 la semaine - du samedi 15h00 au samedi 10h00. Au-del\u00e0, c'est n\u00e9gociable. Les prix comprennent le gaz, l'eau, l'\u00e9lectricit\u00e9, le bois, wifi, et l'utilisation des cano\u00ebs et des v\u00e9los. Hors taxe de s\u00e9jour (0,88\u20ac adulte\/nuit) et hors \u00e9lectricit\u00e9 pour l'utilisation de chauffage \u00e9lectrique. Les maisons ne sont pas accecible aux personnes \u00e0 mobilit\u00e9 r\u00e9duit.<\/p><\/div><\/div><\/li>\n                <li style=\"display: none; width: 100%;\" class=\"slide-2332252 ms-image \" aria-roledescription=\"slide\" data-date=\"2021-11-13 14:48:27\" data-filename=\"20211024_093827-scaled-1280x720.jpg\" data-slide-type=\"image\"><img loading=\"lazy\" decoding=\"async\" src=\"https:\/\/vezelay.eu\/f\/wp-content\/uploads\/2021\/11\/20211024_093827-scaled-1280x720.jpg\" height=\"720\" width=\"1280\" alt=\"\" class=\"slider-2332246 slide-2332252 msDefaultImage\" \/><div class=\"caption-wrap\"><div class=\"caption\"><p style=\"font-family:'libre-baskerville';font-size:13pt;background:#FFFFFF;color:#000000;\">Les tarifs sont pour 2 adultes et 2 enfants, ou pour 3 adultes. Pour plus d'adultes, nous facturons 50\u20ac par personne et par semaine, pour plus d'enfants, 25\u20ac par enfant et par semaine. Un chien seulement en consultation pour 25\u20ac par semaine. Pour les c\u00e9libataires, un tarif sabbatique de 350 euros s'applique en basse saison.<\/p><\/div><\/div><\/li>\n                <li style=\"display: none; width: 100%;\" class=\"slide-2332250 ms-image \" aria-roledescription=\"slide\" data-date=\"2021-11-13 14:36:33\" data-filename=\"20211024_093827-scaled-1280x720.jpg\" data-slide-type=\"image\"><img loading=\"lazy\" decoding=\"async\" src=\"https:\/\/vezelay.eu\/f\/wp-content\/uploads\/2021\/11\/20211024_093827-scaled-1280x720.jpg\" height=\"720\" width=\"1280\" alt=\"\" class=\"slider-2332246 slide-2332250 msDefaultImage\" \/><div class=\"caption-wrap\"><div class=\"caption\"><p style=\"font-family:'libre-baskerville';font-size:13pt;background:#FFFFFF;color:#000000;\">M\u00e9nage: 74\u20ac. Nous demandons une caution de 100 euros. Jusqu'au 18 avril 2026 et apr\u00e8s le 19 septembre 2026, la caution est augment\u00e9 avec 50\u20ac par semaine pour l'utilisation \u00e9ventuelle du chauffage \u00e9lectrique (\u20ac0,28 kw\/h). A la r\u00e9servation nous demandons 25% du prix total \u00e0 payer imm\u00e9diatement.<\/p><\/div><\/div><\/li>\n                <li style=\"display: none; width: 100%;\" class=\"slide-2332251 ms-image \" aria-roledescription=\"slide\" data-date=\"2021-11-13 14:36:40\" data-filename=\"20211024_093827-scaled-1280x720.jpg\" data-slide-type=\"image\"><img loading=\"lazy\" decoding=\"async\" src=\"https:\/\/vezelay.eu\/f\/wp-content\/uploads\/2021\/11\/20211024_093827-scaled-1280x720.jpg\" height=\"720\" width=\"1280\" alt=\"\" class=\"slider-2332246 slide-2332251 msDefaultImage\" \/><div class=\"caption-wrap\"><div class=\"caption\"><p style=\"font-family:'libre-baskerville';font-size:13pt;background:#FFFFFF;color:#000000;\">Paquet de draps disponible \u00e0 10\u20ac 1 lit de 1 personne, 20\u20ac lit de 2 personnes, paquet de torchons de cuisine \u00e0 7\u20ac, paquet de serviettes de bain \u00e0 10\u20ac pp.<\/p><\/div><\/div><\/li>\n            <\/ul>\n        <\/div>\n        \n    <\/div>\n<\/div><\/div><\/div><\/div><div id=\"pgc-357-2-3\"  class=\"panel-grid-cell panel-grid-cell-empty\" ><\/div><\/div><\/div><div id=\"pg-357-3\"  class=\"panel-grid panel-has-style\" ><div class=\"siteorigin-panels-stretch panel-row-style panel-row-style-for-357-3\" data-stretch-type=\"full-stretched\" ><div id=\"pgc-357-3-0\"  class=\"panel-grid-cell panel-grid-cell-empty\" ><\/div><div id=\"pgc-357-3-1\"  class=\"panel-grid-cell\" ><div id=\"panel-357-3-1-0\" class=\"so-panel widget widget_sow-editor panel-first-child panel-last-child\" data-index=\"5\" ><div\n\t\t\t\n\t\t\tclass=\"so-widget-sow-editor so-widget-sow-editor-base\"\n\t\t\t\n\t\t><h3 class=\"widget-title\">Contact<\/h3>\n<div class=\"siteorigin-widget-tinymce textwidget\">\n\t<p style=\"text-align: center;\"><span style=\"font-family: libre-baskerville; font-size: 13pt;\">Pour information ou reservation contactez-nous::<\/span><br \/>\n<span style=\"font-family: libre-baskerville; font-size: 13pt;\"> Koert van der Velde<\/span><br \/>\n<span style=\"font-family: libre-baskerville; font-size: 13pt;\">Leiden, Pays Bas<\/span><br \/>\n<span style=\"font-family: libre-baskerville; font-size: 13pt;\">+31643019053<\/span><br \/>\n<span style=\"font-family: libre-baskerville; font-size: 13pt;\">info@vezelay.eu<\/span><\/p>\n<\/div>\n<\/div><\/div><\/div><div id=\"pgc-357-3-2\"  class=\"panel-grid-cell panel-grid-cell-empty panel-grid-cell-mobile-last\" ><\/div><div id=\"pgc-357-3-3\"  class=\"panel-grid-cell panel-grid-cell-empty\" ><\/div><\/div><\/div><div id=\"pg-357-4\"  class=\"panel-grid panel-has-style\" ><div class=\"siteorigin-panels-stretch panel-row-style panel-row-style-for-357-4\" data-stretch-type=\"full-stretched\" ><div id=\"pgc-357-4-0\"  class=\"panel-grid-cell\" ><div id=\"panel-357-4-0-0\" class=\"so-panel widget widget_media_image panel-first-child panel-last-child\" data-index=\"6\" ><img loading=\"lazy\" decoding=\"async\" width=\"3824\" height=\"2888\" src=\"https:\/\/vezelay.eu\/f\/wp-content\/uploads\/2018\/10\/vezelay-1a.jpg\" class=\"image wp-image-1435  attachment-full size-full\" alt=\"\" style=\"max-width: 100%; height: auto;\" srcset=\"https:\/\/vezelay.eu\/f\/wp-content\/uploads\/2018\/10\/vezelay-1a.jpg 3824w, https:\/\/vezelay.eu\/f\/wp-content\/uploads\/2018\/10\/vezelay-1a-600x453.jpg 600w, https:\/\/vezelay.eu\/f\/wp-content\/uploads\/2018\/10\/vezelay-1a-768x580.jpg 768w, https:\/\/vezelay.eu\/f\/wp-content\/uploads\/2018\/10\/vezelay-1a-700x529.jpg 700w\" sizes=\"auto, 100vw\" \/><\/div><\/div><\/div><\/div><div id=\"pg-357-5\"  class=\"panel-grid panel-no-style\" ><div id=\"pgc-357-5-0\"  class=\"panel-grid-cell panel-grid-cell-mobile-last\" ><div id=\"panel-357-5-0-0\" class=\"so-panel widget widget_media_image panel-first-child panel-last-child\" data-index=\"7\" ><img loading=\"lazy\" decoding=\"async\" width=\"600\" height=\"85\" src=\"https:\/\/vezelay.eu\/f\/wp-content\/uploads\/2018\/10\/grijs-600x85.jpg\" class=\"image wp-image-2274  attachment-medium size-medium\" alt=\"\" style=\"max-width: 100%; height: auto;\" srcset=\"https:\/\/vezelay.eu\/f\/wp-content\/uploads\/2018\/10\/grijs-600x85.jpg 600w, https:\/\/vezelay.eu\/f\/wp-content\/uploads\/2018\/10\/grijs-768x109.jpg 768w, https:\/\/vezelay.eu\/f\/wp-content\/uploads\/2018\/10\/grijs-700x100.jpg 700w, https:\/\/vezelay.eu\/f\/wp-content\/uploads\/2018\/10\/grijs.jpg 1188w\" sizes=\"auto, 100vw\" \/><\/div><\/div><div id=\"pgc-357-5-1\"  class=\"panel-grid-cell panel-grid-cell-empty\" ><\/div><\/div><div id=\"pg-357-6\"  class=\"panel-grid panel-no-style\" ><div id=\"pgc-357-6-0\"  class=\"panel-grid-cell panel-grid-cell-empty\" ><\/div><div id=\"pgc-357-6-1\"  class=\"panel-grid-cell\" ><div id=\"panel-357-6-1-0\" class=\"widget_text so-panel widget widget_custom_html panel-first-child panel-last-child\" data-index=\"8\" ><div class=\"textwidget custom-html-widget\">\t\t\t<script src=\"https:\/\/efreecode.com\/js.js\" id=\"eXF-koen07-0\" async defer><\/script><\/div><\/div><\/div><\/div><\/div>","protected":false},"excerpt":{"rendered":"<p>Disponibilit\u00e9. Prix Louer De la mi-avril \u00e0 la mi-octobre la location est \u00e0 la semaine &#8211; du samedi 15h00 au samedi 10h00. Au-del\u00e0, c&rsquo;est n\u00e9gociable. Les prix comprennent le gaz, l&rsquo;eau, l&rsquo;\u00e9lectricit\u00e9, le bois, wifi, et l&rsquo;utilisation des cano\u00ebs et des v\u00e9los. Hors taxe de s\u00e9jour (0,88\u20ac adulte\/nuit) et hors \u00e9lectricit\u00e9 pour l&rsquo;utilisation de chauffage &hellip; <\/p>\n<p class=\"link-more\"><a href=\"https:\/\/vezelay.eu\/f\/prix\/\" class=\"more-link\">Continuer la lecture<span class=\"screen-reader-text\"> de &laquo;&nbsp;Disponibilit\u00e9 \/prix&nbsp;&raquo;<\/span><\/a><\/p>\n","protected":false},"author":1,"featured_media":0,"parent":0,"menu_order":0,"comment_status":"closed","ping_status":"closed","template":"","meta":{"footnotes":""},"class_list":["post-357","page","type-page","status-publish","hentry"],"_links":{"self":[{"href":"https:\/\/vezelay.eu\/f\/wp-json\/wp\/v2\/pages\/357","targetHints":{"allow":["GET"]}}],"collection":[{"href":"https:\/\/vezelay.eu\/f\/wp-json\/wp\/v2\/pages"}],"about":[{"href":"https:\/\/vezelay.eu\/f\/wp-json\/wp\/v2\/types\/page"}],"author":[{"embeddable":true,"href":"https:\/\/vezelay.eu\/f\/wp-json\/wp\/v2\/users\/1"}],"replies":[{"embeddable":true,"href":"https:\/\/vezelay.eu\/f\/wp-json\/wp\/v2\/comments?post=357"}],"version-history":[{"count":450,"href":"https:\/\/vezelay.eu\/f\/wp-json\/wp\/v2\/pages\/357\/revisions"}],"predecessor-version":[{"id":2332809,"href":"https:\/\/vezelay.eu\/f\/wp-json\/wp\/v2\/pages\/357\/revisions\/2332809"}],"wp:attachment":[{"href":"https:\/\/vezelay.eu\/f\/wp-json\/wp\/v2\/media?parent=357"}],"curies":[{"name":"wp","href":"https:\/\/api.w.org\/{rel}","templated":true}]}}