{"id":354,"date":"2018-09-16T19:25:22","date_gmt":"2018-09-16T19:25:22","guid":{"rendered":"https:\/\/vezelay.eu\/d\/?page_id=354"},"modified":"2021-11-12T06:40:03","modified_gmt":"2021-11-12T06:40:03","slug":"sabbatical","status":"publish","type":"page","link":"https:\/\/vezelay.eu\/f\/sabbatical\/","title":{"rendered":"Sabbatical"},"content":{"rendered":"<div id=\"pl-354\"  class=\"panel-layout\" ><div id=\"pg-354-0\"  class=\"panel-grid panel-no-style\" ><div id=\"pgc-354-0-0\"  class=\"panel-grid-cell panel-grid-cell-empty panel-grid-cell-mobile-last\" ><\/div><div id=\"pgc-354-0-1\"  class=\"panel-grid-cell panel-grid-cell-empty\" ><\/div><\/div><div id=\"pg-354-1\"  class=\"panel-grid panel-has-style\" ><div class=\"siteorigin-panels-stretch panel-row-style panel-row-style-for-354-1\" data-stretch-type=\"full-stretched\" ><div id=\"pgc-354-1-0\"  class=\"panel-grid-cell panel-grid-cell-empty\" ><\/div><div id=\"pgc-354-1-1\"  class=\"panel-grid-cell\" ><div id=\"panel-354-1-1-0\" class=\"so-panel widget widget_metaslider_widget panel-first-child panel-last-child\" data-index=\"0\" ><div id=\"metaslider-id-2343\" style=\"width: 100%;\" class=\"ml-slider-3-108-0 metaslider metaslider-flex metaslider-2343 ml-slider has-dots-nav has-carousel-mode ms-theme-default\" role=\"region\" aria-label=\"sabbatical\" data-height=\"920\" data-width=\"1280\">\n    <div id=\"metaslider_container_2343\">\n        <div id=\"metaslider_2343\">\n            <ul class='slides'>\n                <li style=\"display: none; width: 100%;\" class=\"slide-2414 ms-image \" aria-roledescription=\"slide\" data-date=\"2018-10-07 09:12:41\" data-filename=\"20180502_212944-1280x920.jpg\" data-slide-type=\"image\"><img loading=\"lazy\" decoding=\"async\" src=\"https:\/\/vezelay.eu\/f\/wp-content\/uploads\/2018\/10\/20180502_212944-1280x920.jpg\" height=\"920\" width=\"1280\" alt=\"\" class=\"slider-2343 slide-2414 msDefaultImage\" \/><\/li>\n                <li style=\"display: none; width: 100%;\" class=\"slide-3014 ms-image \" aria-roledescription=\"slide\" data-date=\"2018-11-06 13:43:54\" data-filename=\"sabbatical-1-f-1280x920.jpg\" data-slide-type=\"image\"><img loading=\"lazy\" decoding=\"async\" src=\"https:\/\/vezelay.eu\/f\/wp-content\/uploads\/2018\/11\/sabbatical-1-f-1280x920.jpg\" height=\"920\" width=\"1280\" alt=\"\" class=\"slider-2343 slide-3014 msDefaultImage\" \/><\/li>\n            <\/ul>\n        <\/div>\n        \n    <\/div>\n<\/div><\/div><\/div><div id=\"pgc-354-1-2\"  class=\"panel-grid-cell panel-grid-cell-mobile-last\" ><div id=\"panel-354-1-2-0\" class=\"so-panel widget widget_metaslider_widget panel-first-child panel-last-child\" data-index=\"1\" ><div id=\"metaslider-id-2304\" style=\"width: 100%;\" class=\"ml-slider-3-108-0 metaslider metaslider-flex metaslider-2304 ml-slider has-dots-nav has-carousel-mode ms-theme-default\" role=\"region\" aria-label=\"seizoenen\" data-height=\"920\" data-width=\"1280\">\n    <div id=\"metaslider_container_2304\">\n        <div id=\"metaslider_2304\">\n            <ul class='slides'>\n                <li style=\"display: none; width: 100%;\" class=\"slide-2336 ms-image \" aria-roledescription=\"slide\" data-date=\"2018-10-06 12:00:33\" data-filename=\"p5021921-A.jpg\" data-slide-type=\"image\"><img loading=\"lazy\" decoding=\"async\" src=\"https:\/\/vezelay.eu\/f\/wp-content\/uploads\/2018\/10\/p5021921-A.jpg\" height=\"920\" width=\"1280\" alt=\"\" class=\"slider-2304 slide-2336 msDefaultImage\" \/><\/li>\n                <li style=\"display: none; width: 100%;\" class=\"slide-2337 ms-image \" aria-roledescription=\"slide\" data-date=\"2018-10-06 12:00:33\" data-filename=\"pc040343-A.jpg\" data-slide-type=\"image\"><img loading=\"lazy\" decoding=\"async\" src=\"https:\/\/vezelay.eu\/f\/wp-content\/uploads\/2018\/10\/pc040343-A.jpg\" height=\"920\" width=\"1280\" alt=\"\" class=\"slider-2304 slide-2337 msDefaultImage\" \/><\/li>\n                <li style=\"display: none; width: 100%;\" class=\"slide-2338 ms-image \" aria-roledescription=\"slide\" data-date=\"2018-10-06 12:00:33\" data-filename=\"SDC15196-A.jpg\" data-slide-type=\"image\"><img loading=\"lazy\" decoding=\"async\" src=\"https:\/\/vezelay.eu\/f\/wp-content\/uploads\/2018\/10\/SDC15196-A.jpg\" height=\"920\" width=\"1280\" alt=\"\" class=\"slider-2304 slide-2338 msDefaultImage\" \/><\/li>\n            <\/ul>\n        <\/div>\n        \n    <\/div>\n<\/div><\/div><\/div><div id=\"pgc-354-1-3\"  class=\"panel-grid-cell panel-grid-cell-empty\" ><\/div><\/div><\/div><div id=\"pg-354-2\"  class=\"panel-grid panel-has-style\" ><div class=\"siteorigin-panels-stretch panel-row-style panel-row-style-for-354-2\" data-stretch-type=\"full-stretched\" ><div id=\"pgc-354-2-0\"  class=\"panel-grid-cell panel-grid-cell-empty\" ><\/div><div id=\"pgc-354-2-1\"  class=\"panel-grid-cell\" ><div id=\"panel-354-2-1-0\" class=\"so-panel widget widget_media_image panel-first-child panel-last-child\" data-index=\"2\" ><img loading=\"lazy\" decoding=\"async\" width=\"1280\" height=\"950\" src=\"https:\/\/vezelay.eu\/f\/wp-content\/uploads\/2018\/11\/28.jpg\" class=\"image wp-image-3015  attachment-full size-full\" alt=\"\" style=\"max-width: 100%; height: auto;\" srcset=\"https:\/\/vezelay.eu\/f\/wp-content\/uploads\/2018\/11\/28.jpg 1280w, https:\/\/vezelay.eu\/f\/wp-content\/uploads\/2018\/11\/28-600x445.jpg 600w, https:\/\/vezelay.eu\/f\/wp-content\/uploads\/2018\/11\/28-768x570.jpg 768w, https:\/\/vezelay.eu\/f\/wp-content\/uploads\/2018\/11\/28-700x520.jpg 700w\" sizes=\"auto, 100vw\" \/><\/div><\/div><div id=\"pgc-354-2-2\"  class=\"panel-grid-cell panel-grid-cell-mobile-last\" ><div id=\"panel-354-2-2-0\" class=\"so-panel widget widget_metaslider_widget panel-first-child panel-last-child\" data-index=\"3\" ><div id=\"metaslider-id-3006\" style=\"width: 100%;\" class=\"ml-slider-3-108-0 metaslider metaslider-flex metaslider-3006 ml-slider has-dots-nav has-carousel-mode ms-theme-default\" role=\"region\" aria-label=\"sabbat2\" data-height=\"920\" data-width=\"1280\">\n    <div id=\"metaslider_container_3006\">\n        <div id=\"metaslider_3006\">\n            <ul class='slides'>\n                <li style=\"display: none; width: 100%;\" class=\"slide-3013 ms-image \" aria-roledescription=\"slide\" data-date=\"2018-11-06 13:43:12\" data-filename=\"sabbatical2-f.jpg\" data-slide-type=\"image\"><img loading=\"lazy\" decoding=\"async\" src=\"https:\/\/vezelay.eu\/f\/wp-content\/uploads\/2018\/11\/sabbatical2-f.jpg\" height=\"920\" width=\"1280\" alt=\"\" class=\"slider-3006 slide-3013 msDefaultImage\" \/><\/li>\n            <\/ul>\n        <\/div>\n        \n    <\/div>\n<\/div><\/div><\/div><div id=\"pgc-354-2-3\"  class=\"panel-grid-cell panel-grid-cell-empty\" ><\/div><\/div><\/div><div id=\"pg-354-3\"  class=\"panel-grid panel-has-style\" ><div class=\"siteorigin-panels-stretch panel-row-style panel-row-style-for-354-3\" data-stretch-type=\"full-stretched\" ><div id=\"pgc-354-3-0\"  class=\"panel-grid-cell panel-grid-cell-empty\" ><\/div><div id=\"pgc-354-3-1\"  class=\"panel-grid-cell panel-grid-cell-mobile-last\" ><div id=\"panel-354-3-1-0\" class=\"so-panel widget widget_media_audio panel-first-child panel-last-child\" data-index=\"4\" ><h3 class=\"widget-title\">Chant de la messe quotidienne des fr\u00e8res et s\u0153urs de J\u00e9rusalem \u00e0 V\u00e9zelay<\/h3><audio class=\"wp-audio-shortcode\" id=\"audio-354-1\" preload=\"none\" style=\"width: 100%;\" controls=\"controls\"><source type=\"audio\/mpeg\" src=\"https:\/\/vezelay.eu\/d\/inhoud\/01%20Vezelay%20openingslied.m4a?_=1\" \/><source type=\"audio\/mpeg\" src=\"https:\/\/vezelay.eu\/d\/inhoud\/01%20Vezelay%20openingslied.m4a?_=1\" \/><a href=\"https:\/\/vezelay.eu\/d\/inhoud\/01%20Vezelay%20openingslied.m4a\">https:\/\/vezelay.eu\/d\/inhoud\/01%20Vezelay%20openingslied.m4a<\/a><\/audio><\/div><\/div><div id=\"pgc-354-3-2\"  class=\"panel-grid-cell panel-grid-cell-empty\" ><\/div><\/div><\/div><div id=\"pg-354-4\"  class=\"panel-grid panel-has-style\" ><div class=\"siteorigin-panels-stretch panel-row-style panel-row-style-for-354-4\" data-stretch-type=\"full-stretched\" ><div id=\"pgc-354-4-0\"  class=\"panel-grid-cell panel-grid-cell-empty\" ><\/div><div id=\"pgc-354-4-1\"  class=\"panel-grid-cell\" ><div id=\"panel-354-4-1-0\" class=\"so-panel widget widget_sow-editor panel-first-child panel-last-child\" data-index=\"5\" ><div\n\t\t\t\n\t\t\tclass=\"so-widget-sow-editor so-widget-sow-editor-base\"\n\t\t\t\n\t\t>\n<div class=\"siteorigin-widget-tinymce textwidget\">\n\t<p style=\"text-align: center;\"><span style=\"font-family: libre-baskerville; font-size: 13pt;\">En dehors de l'\u00e9t\u00e9, l'\u00e9glise et sa crypte ne d\u00e9pendent souvent que de vous. Pendant une semaine que vous passez \u00e0 Saint-P\u00e8re, vous pouvez vous rendre plus ou moins \u00e0 V\u00e9zelay. Les promenades ont tendance \u00e0 se terminer automatiquement \u00e0 V\u00e9zelay, o\u00f9 vous pourrez visiter l'\u00e9glise et sa crypte ou l'un des autres beaux sites religieux. Ces endroits dans et autour de la Madeleine offrent beaucoup d'inspiration pour ceux qui recherchent le sens et la s\u00e9r\u00e9nit\u00e9. Juste \u00e0 l'ext\u00e9rieur de V\u00e9zelay, sur la voie vers Asquins, se trouve la chapelle m\u00e9di\u00e9vale des Franciscains. Les portes sont toujours ouvertes. Le lieu de la croix \u00e0 c\u00f4t\u00e9 \u00e9tait \u00e9tait une fois un lieu de rencontre pour les croisadeurs qui allaient vers 'la terre promise'.<\/span><\/p>\n<\/div>\n<\/div><\/div><\/div><div id=\"pgc-354-4-2\"  class=\"panel-grid-cell panel-grid-cell-mobile-last\" ><div id=\"panel-354-4-2-0\" class=\"so-panel widget widget_sow-editor panel-first-child panel-last-child\" data-index=\"6\" ><div\n\t\t\t\n\t\t\tclass=\"so-widget-sow-editor so-widget-sow-editor-base\"\n\t\t\t\n\t\t>\n<div class=\"siteorigin-widget-tinymce textwidget\">\n\t<p style=\"text-align: center;\"><span style=\"font-family: libre-baskerville; font-size: 13pt;\">Cette \u00e9glise est construite comme un univers symbolique, irr\u00e9v\u00e9rencieusement dit, une sorte de reli-disney m\u00e9di\u00e9val. Le symbolisme n'est pas seulement v\u00e9cu en le d\u00e9couvrant et en le d\u00e9chiffrant, mais aussi en le laissant vous toucher et d\u00e9terminer votre relation avec lui. En entrant \u00e0 l'int\u00e9rieur, et en exp\u00e9rimentant le symbolisme, vous devenez partie int\u00e9grante du jeu g\u00e9om\u00e9trique des symboles. V\u00e9zelay est un voyage de d\u00e9couverte, un p\u00e8lerinage autour d'un lieu qui r\u00e9v\u00e8le peu \u00e0 peu ses secrets. De cette fa\u00e7<span style=\"font-size: 13pt;\">on, vous apprendrez quelque chose sur nos anc\u00eatres m\u00e9di\u00e9vaux, sur la religion et sur la vie elle-m\u00eame.\u00a0<\/span><\/span><span style=\"font-family: libre-baskerville; font-size: 13pt;\">V\u00e9zelay attire les croyants et les non-croyants - parce qu'il n'est pas n\u00e9cessaire de croire quoi que ce soit pour vivre une exp\u00e9rience religieuse \u00e0 V\u00e9zelay. Pour en savoir plus \u00e0 ce sujet, cliquez <a href=\"http:\/\/koertvandervelde.nl\/flirtenmetgod\" target=\"_blank\" rel=\"noopener\">ici<\/a>.<\/span><\/p>\n<\/div>\n<\/div><\/div><\/div><div id=\"pgc-354-4-3\"  class=\"panel-grid-cell panel-grid-cell-empty\" ><\/div><\/div><\/div><div id=\"pg-354-5\"  class=\"panel-grid panel-has-style\" ><div class=\"siteorigin-panels-stretch panel-row-style panel-row-style-for-354-5\" data-stretch-type=\"full-stretched\" ><div id=\"pgc-354-5-0\"  class=\"panel-grid-cell\" ><div id=\"panel-354-5-0-0\" class=\"so-panel widget widget_media_image panel-first-child panel-last-child\" data-index=\"7\" ><img loading=\"lazy\" decoding=\"async\" width=\"2048\" height=\"1536\" src=\"https:\/\/vezelay.eu\/f\/wp-content\/uploads\/2018\/10\/herfst.jpg\" class=\"image wp-image-1675  attachment-full size-full\" alt=\"\" style=\"max-width: 100%; height: auto;\" srcset=\"https:\/\/vezelay.eu\/f\/wp-content\/uploads\/2018\/10\/herfst.jpg 2048w, https:\/\/vezelay.eu\/f\/wp-content\/uploads\/2018\/10\/herfst-600x450.jpg 600w, https:\/\/vezelay.eu\/f\/wp-content\/uploads\/2018\/10\/herfst-768x576.jpg 768w, https:\/\/vezelay.eu\/f\/wp-content\/uploads\/2018\/10\/herfst-700x525.jpg 700w\" sizes=\"auto, 100vw\" \/><\/div><\/div><\/div><\/div><div id=\"pg-354-6\"  class=\"panel-grid panel-has-style\" ><div class=\"siteorigin-panels-stretch panel-row-style panel-row-style-for-354-6\" data-stretch-type=\"full-stretched\" ><div id=\"pgc-354-6-0\"  class=\"panel-grid-cell panel-grid-cell-empty\" ><\/div><div id=\"pgc-354-6-1\"  class=\"panel-grid-cell panel-grid-cell-mobile-last\" ><div id=\"panel-354-6-1-0\" class=\"so-panel widget widget_sow-editor panel-first-child panel-last-child\" data-index=\"8\" ><div\n\t\t\t\n\t\t\tclass=\"so-widget-sow-editor so-widget-sow-editor-base\"\n\t\t\t\n\t\t>\n<div class=\"siteorigin-widget-tinymce textwidget\">\n\t<p style=\"text-align: center;\"><span style=\"font-family: libre-franklin; font-size: 13pt;\">V\u00c9ZELAY<\/span><br \/>\n<span style=\"font-family: libre-franklin; font-size: 13pt;\">par GUILLAUME VAN DER GRAFT<\/span><\/p>\n<p style=\"text-align: center;\"><span style=\"font-family: libre-baskerville; font-size: 13pt;\">Ce que je sais encore sur V\u00e9zelay<\/span><br \/>\n<span style=\"font-family: libre-baskerville; font-size: 13pt;\">J'y \u00e9tais il y a quatorze ans,<\/span><br \/>\n<span style=\"font-family: libre-baskerville; font-size: 13pt;\">J'ai dormi dans un lit avec des boutons en cuivre,<\/span><br \/>\n<span style=\"font-family: libre-baskerville; font-size: 13pt;\">La rue a couru avec des cailloux b\u00e2cl\u00e9s.<\/span><\/p>\n<p style=\"text-align: center;\"><span style=\"font-family: libre-baskerville; font-size: 13pt;\">Derri\u00e8re les murs vivaient les odeurs<\/span><br \/>\n<span style=\"font-family: libre-baskerville; font-size: 13pt;\">de bois, de foin et de pain, un \u00e9t\u00e9 fran\u00e7ais,<\/span><br \/>\n<span style=\"font-family: libre-baskerville; font-size: 13pt;\">au bout de la rue en tant que<\/span><br \/>\n<span style=\"font-family: libre-baskerville; font-size: 13pt;\">une t\u00eate sur le cou,<\/span><br \/>\n<span style=\"font-family: libre-baskerville; font-size: 13pt;\">cr\u00e2ne noble, maison de l'esprit d\u00e9labr\u00e9e,<\/span><br \/>\n<span style=\"font-family: libre-baskerville; font-size: 13pt;\">une coquille de cerveau :<\/span><br \/>\n<span style=\"font-family: libre-baskerville; font-size: 13pt;\">l'\u00e9glise.<\/span><\/p>\n<p style=\"text-align: center;\"><span style=\"font-family: libre-baskerville; font-size: 13pt;\">Autour : les montagnes \u00e0 distance<\/span><br \/>\n<span style=\"font-family: libre-baskerville; font-size: 13pt;\">avec tant d'arbres sur les pieds<\/span><br \/>\n<span style=\"font-family: libre-baskerville; font-size: 13pt;\">s'\u00e9coulant dans la vall\u00e9e le long des pentes<\/span><br \/>\n<span style=\"font-family: libre-baskerville; font-size: 13pt;\">comme une \u00e9poque m\u00e9di\u00e9vale pleine de p\u00e8lerins.<\/span><\/p>\n<p style=\"text-align: center;\"><span style=\"font-family: libre-baskerville; font-size: 13pt;\">Je devrais y vivre tout l'automne.<\/span><br \/>\n<span style=\"font-family: libre-baskerville; font-size: 13pt;\">comme une ex-libris dans un livre,<\/span><br \/>\n<span style=\"font-family: libre-baskerville; font-size: 13pt;\">pour la fen\u00eatre d'une pi\u00e8ce avec des boutons en cuivre<\/span><br \/>\n<span style=\"font-family: libre-baskerville; font-size: 13pt;\">une salle de lecture \u00e0 l'h\u00f4tel de la Poste<\/span><\/p>\n<p style=\"text-align: center;\"><span style=\"font-family: libre-baskerville; font-size: 13pt;\">Pour entendre la m\u00e9moire<\/span><br \/>\n<span style=\"font-family: libre-baskerville; font-size: 13pt;\">entre les arches et les arbres,<\/span><br \/>\n<span style=\"font-family: libre-baskerville; font-size: 13pt;\">les for\u00eats se d\u00e9colorent lentement,<\/span><br \/>\n<span style=\"font-family: libre-baskerville; font-size: 13pt;\">laissons la terre s'exprimer<\/span><\/p>\n<p style=\"text-align: center;\"><span style=\"font-family: libre-baskerville; font-size: 13pt;\">et r\u00e9pondre sur papier.<\/span><\/p>\n<\/div>\n<\/div><\/div><\/div><div id=\"pgc-354-6-2\"  class=\"panel-grid-cell panel-grid-cell-empty\" ><\/div><\/div><\/div><div id=\"pg-354-7\"  class=\"panel-grid panel-no-style\" ><div id=\"pgc-354-7-0\"  class=\"panel-grid-cell panel-grid-cell-mobile-last\" ><div id=\"panel-354-7-0-0\" class=\"so-panel widget widget_media_image panel-first-child panel-last-child\" data-index=\"9\" ><img loading=\"lazy\" decoding=\"async\" width=\"600\" height=\"85\" src=\"https:\/\/vezelay.eu\/f\/wp-content\/uploads\/2018\/10\/grijs-600x85.jpg\" class=\"image wp-image-2274  attachment-medium size-medium\" alt=\"\" style=\"max-width: 100%; height: auto;\" srcset=\"https:\/\/vezelay.eu\/f\/wp-content\/uploads\/2018\/10\/grijs-600x85.jpg 600w, https:\/\/vezelay.eu\/f\/wp-content\/uploads\/2018\/10\/grijs-768x109.jpg 768w, https:\/\/vezelay.eu\/f\/wp-content\/uploads\/2018\/10\/grijs-700x100.jpg 700w, https:\/\/vezelay.eu\/f\/wp-content\/uploads\/2018\/10\/grijs.jpg 1188w\" sizes=\"auto, 100vw\" \/><\/div><\/div><div id=\"pgc-354-7-1\"  class=\"panel-grid-cell panel-grid-cell-empty\" ><\/div><\/div><div id=\"pg-354-8\"  class=\"panel-grid panel-no-style\" ><div id=\"pgc-354-8-0\"  class=\"panel-grid-cell panel-grid-cell-mobile-last\" ><div id=\"panel-354-8-0-0\" class=\"so-panel widget widget_media_image panel-first-child panel-last-child\" data-index=\"10\" ><img loading=\"lazy\" decoding=\"async\" width=\"600\" height=\"85\" src=\"https:\/\/vezelay.eu\/f\/wp-content\/uploads\/2018\/10\/grijs-600x85.jpg\" class=\"image wp-image-2274  attachment-medium size-medium\" alt=\"\" style=\"max-width: 100%; height: auto;\" srcset=\"https:\/\/vezelay.eu\/f\/wp-content\/uploads\/2018\/10\/grijs-600x85.jpg 600w, https:\/\/vezelay.eu\/f\/wp-content\/uploads\/2018\/10\/grijs-768x109.jpg 768w, https:\/\/vezelay.eu\/f\/wp-content\/uploads\/2018\/10\/grijs-700x100.jpg 700w, https:\/\/vezelay.eu\/f\/wp-content\/uploads\/2018\/10\/grijs.jpg 1188w\" sizes=\"auto, 100vw\" \/><\/div><\/div><div id=\"pgc-354-8-1\"  class=\"panel-grid-cell panel-grid-cell-empty\" ><\/div><\/div><div id=\"pg-354-9\"  class=\"panel-grid panel-no-style\" ><div id=\"pgc-354-9-0\"  class=\"panel-grid-cell panel-grid-cell-mobile-last\" ><div id=\"panel-354-9-0-0\" class=\"so-panel widget widget_media_image panel-first-child panel-last-child\" data-index=\"11\" ><img loading=\"lazy\" decoding=\"async\" width=\"600\" height=\"85\" src=\"https:\/\/vezelay.eu\/f\/wp-content\/uploads\/2018\/10\/grijs-600x85.jpg\" class=\"image wp-image-2274  attachment-medium size-medium\" alt=\"\" style=\"max-width: 100%; height: auto;\" srcset=\"https:\/\/vezelay.eu\/f\/wp-content\/uploads\/2018\/10\/grijs-600x85.jpg 600w, https:\/\/vezelay.eu\/f\/wp-content\/uploads\/2018\/10\/grijs-768x109.jpg 768w, https:\/\/vezelay.eu\/f\/wp-content\/uploads\/2018\/10\/grijs-700x100.jpg 700w, https:\/\/vezelay.eu\/f\/wp-content\/uploads\/2018\/10\/grijs.jpg 1188w\" sizes=\"auto, 100vw\" \/><\/div><\/div><div id=\"pgc-354-9-1\"  class=\"panel-grid-cell panel-grid-cell-empty\" ><\/div><\/div><div id=\"pg-354-10\"  class=\"panel-grid panel-no-style\" ><div id=\"pgc-354-10-0\"  class=\"panel-grid-cell panel-grid-cell-mobile-last\" ><div id=\"panel-354-10-0-0\" class=\"so-panel widget widget_media_image panel-first-child panel-last-child\" data-index=\"12\" ><img loading=\"lazy\" decoding=\"async\" width=\"600\" height=\"85\" src=\"https:\/\/vezelay.eu\/f\/wp-content\/uploads\/2018\/10\/grijs-600x85.jpg\" class=\"image wp-image-2274  attachment-medium size-medium\" alt=\"\" style=\"max-width: 100%; height: auto;\" srcset=\"https:\/\/vezelay.eu\/f\/wp-content\/uploads\/2018\/10\/grijs-600x85.jpg 600w, https:\/\/vezelay.eu\/f\/wp-content\/uploads\/2018\/10\/grijs-768x109.jpg 768w, https:\/\/vezelay.eu\/f\/wp-content\/uploads\/2018\/10\/grijs-700x100.jpg 700w, https:\/\/vezelay.eu\/f\/wp-content\/uploads\/2018\/10\/grijs.jpg 1188w\" sizes=\"auto, 100vw\" \/><\/div><\/div><div id=\"pgc-354-10-1\"  class=\"panel-grid-cell panel-grid-cell-empty\" ><\/div><\/div><div id=\"pg-354-11\"  class=\"panel-grid panel-no-style\" ><div id=\"pgc-354-11-0\"  class=\"panel-grid-cell panel-grid-cell-mobile-last\" ><div id=\"panel-354-11-0-0\" class=\"so-panel widget widget_media_image panel-first-child panel-last-child\" data-index=\"13\" ><img loading=\"lazy\" decoding=\"async\" width=\"600\" height=\"85\" src=\"https:\/\/vezelay.eu\/f\/wp-content\/uploads\/2018\/10\/grijs-600x85.jpg\" class=\"image wp-image-2274  attachment-medium size-medium\" alt=\"\" style=\"max-width: 100%; height: auto;\" srcset=\"https:\/\/vezelay.eu\/f\/wp-content\/uploads\/2018\/10\/grijs-600x85.jpg 600w, https:\/\/vezelay.eu\/f\/wp-content\/uploads\/2018\/10\/grijs-768x109.jpg 768w, https:\/\/vezelay.eu\/f\/wp-content\/uploads\/2018\/10\/grijs-700x100.jpg 700w, https:\/\/vezelay.eu\/f\/wp-content\/uploads\/2018\/10\/grijs.jpg 1188w\" sizes=\"auto, 100vw\" \/><\/div><\/div><div id=\"pgc-354-11-1\"  class=\"panel-grid-cell panel-grid-cell-empty\" ><\/div><\/div><div id=\"pg-354-12\"  class=\"panel-grid panel-no-style\" ><div id=\"pgc-354-12-0\"  class=\"panel-grid-cell panel-grid-cell-mobile-last\" ><div id=\"panel-354-12-0-0\" class=\"so-panel widget widget_media_image panel-first-child panel-last-child\" data-index=\"14\" ><img loading=\"lazy\" decoding=\"async\" width=\"600\" height=\"85\" src=\"https:\/\/vezelay.eu\/f\/wp-content\/uploads\/2018\/10\/grijs-600x85.jpg\" class=\"image wp-image-2274  attachment-medium size-medium\" alt=\"\" style=\"max-width: 100%; height: auto;\" srcset=\"https:\/\/vezelay.eu\/f\/wp-content\/uploads\/2018\/10\/grijs-600x85.jpg 600w, https:\/\/vezelay.eu\/f\/wp-content\/uploads\/2018\/10\/grijs-768x109.jpg 768w, https:\/\/vezelay.eu\/f\/wp-content\/uploads\/2018\/10\/grijs-700x100.jpg 700w, https:\/\/vezelay.eu\/f\/wp-content\/uploads\/2018\/10\/grijs.jpg 1188w\" sizes=\"auto, 100vw\" \/><\/div><\/div><div id=\"pgc-354-12-1\"  class=\"panel-grid-cell panel-grid-cell-empty\" ><\/div><\/div><div id=\"pg-354-13\"  class=\"panel-grid panel-no-style\" ><div id=\"pgc-354-13-0\"  class=\"panel-grid-cell panel-grid-cell-empty panel-grid-cell-mobile-last\" ><\/div><div id=\"pgc-354-13-1\"  class=\"panel-grid-cell panel-grid-cell-empty\" ><\/div><\/div><\/div>","protected":false},"excerpt":{"rendered":"<p>Chant de la messe quotidienne des fr\u00e8res et s\u0153urs de J\u00e9rusalem \u00e0 V\u00e9zelayhttps:\/\/vezelay.eu\/d\/inhoud\/01%20Vezelay%20openingslied.m4a En dehors de l&rsquo;\u00e9t\u00e9, l&rsquo;\u00e9glise et sa crypte ne d\u00e9pendent souvent que de vous. Pendant une semaine que vous passez \u00e0 Saint-P\u00e8re, vous pouvez vous rendre plus ou moins \u00e0 V\u00e9zelay. Les promenades ont tendance \u00e0 se terminer automatiquement \u00e0 V\u00e9zelay, o\u00f9 &hellip; <\/p>\n<p class=\"link-more\"><a href=\"https:\/\/vezelay.eu\/f\/sabbatical\/\" class=\"more-link\">Continuer la lecture<span class=\"screen-reader-text\"> de &laquo;&nbsp;Sabbatical&nbsp;&raquo;<\/span><\/a><\/p>\n","protected":false},"author":1,"featured_media":0,"parent":0,"menu_order":0,"comment_status":"closed","ping_status":"closed","template":"","meta":{"footnotes":""},"class_list":["post-354","page","type-page","status-publish","hentry"],"_links":{"self":[{"href":"https:\/\/vezelay.eu\/f\/wp-json\/wp\/v2\/pages\/354","targetHints":{"allow":["GET"]}}],"collection":[{"href":"https:\/\/vezelay.eu\/f\/wp-json\/wp\/v2\/pages"}],"about":[{"href":"https:\/\/vezelay.eu\/f\/wp-json\/wp\/v2\/types\/page"}],"author":[{"embeddable":true,"href":"https:\/\/vezelay.eu\/f\/wp-json\/wp\/v2\/users\/1"}],"replies":[{"embeddable":true,"href":"https:\/\/vezelay.eu\/f\/wp-json\/wp\/v2\/comments?post=354"}],"version-history":[{"count":114,"href":"https:\/\/vezelay.eu\/f\/wp-json\/wp\/v2\/pages\/354\/revisions"}],"predecessor-version":[{"id":2332235,"href":"https:\/\/vezelay.eu\/f\/wp-json\/wp\/v2\/pages\/354\/revisions\/2332235"}],"wp:attachment":[{"href":"https:\/\/vezelay.eu\/f\/wp-json\/wp\/v2\/media?parent=354"}],"curies":[{"name":"wp","href":"https:\/\/api.w.org\/{rel}","templated":true}]}}