{"id":345,"date":"2018-09-16T19:24:39","date_gmt":"2018-09-16T19:24:39","guid":{"rendered":"https:\/\/vezelay.eu\/d\/?page_id=345"},"modified":"2022-06-19T07:18:04","modified_gmt":"2022-06-19T07:18:04","slug":"maison-pecheur","status":"publish","type":"page","link":"https:\/\/vezelay.eu\/f\/maison-pecheur\/","title":{"rendered":"Maison p\u00eacheur"},"content":{"rendered":"<div id=\"pl-345\"  class=\"panel-layout\" ><div id=\"pg-345-0\"  class=\"panel-grid panel-has-style\" ><div class=\"siteorigin-panels-stretch panel-row-style panel-row-style-for-345-0\" data-stretch-type=\"full-stretched\" ><div id=\"pgc-345-0-0\"  class=\"panel-grid-cell panel-grid-cell-empty\" ><\/div><div id=\"pgc-345-0-1\"  class=\"panel-grid-cell\" ><div id=\"panel-345-0-1-0\" class=\"so-panel widget widget_sow-editor panel-first-child panel-last-child\" data-index=\"0\" ><div\n\t\t\t\n\t\t\tclass=\"so-widget-sow-editor so-widget-sow-editor-base\"\n\t\t\t\n\t\t><h3 class=\"widget-title\">.<\/h3>\n<div class=\"siteorigin-widget-tinymce textwidget\">\n\t<p style=\"text-align: center;\"><img loading=\"lazy\" decoding=\"async\" class=\"alignnone size-full wp-image-941\" src=\"https:\/\/vezelay.eu\/d\/wp-content\/uploads\/2018\/09\/SDC10421-1.jpg\" alt=\"\" width=\"1280\" height=\"920\" srcset=\"https:\/\/vezelay.eu\/f\/wp-content\/uploads\/2018\/09\/SDC10421-1.jpg 1280w, https:\/\/vezelay.eu\/f\/wp-content\/uploads\/2018\/09\/SDC10421-1-600x431.jpg 600w, https:\/\/vezelay.eu\/f\/wp-content\/uploads\/2018\/09\/SDC10421-1-768x552.jpg 768w, https:\/\/vezelay.eu\/f\/wp-content\/uploads\/2018\/09\/SDC10421-1-134x96.jpg 134w\" sizes=\"auto, (max-width: 767px) 89vw, (max-width: 1000px) 54vw, (max-width: 1071px) 543px, 580px\" \/><span style=\"font-family: libre-baskerville; font-size: 13pt;\">Le jardin ensoleill\u00e9 est profond de 16 m\u00e8tres et m\u00e8ne au fleuve. On a une vue magnifique sur les collines, les for\u00eats et les prairies. Des meubles de jardin et un gril sont disponibles. Pour les locataires, il y a aussi deux canots disponibles. <\/span><img loading=\"lazy\" decoding=\"async\" class=\"alignnone wp-image-3029 size-full\" src=\"https:\/\/vezelay.eu\/f\/wp-content\/uploads\/2018\/12\/keuken28.jpg\" alt=\"\" width=\"1280\" height=\"820\" srcset=\"https:\/\/vezelay.eu\/f\/wp-content\/uploads\/2018\/12\/keuken28.jpg 1280w, https:\/\/vezelay.eu\/f\/wp-content\/uploads\/2018\/12\/keuken28-600x384.jpg 600w, https:\/\/vezelay.eu\/f\/wp-content\/uploads\/2018\/12\/keuken28-768x492.jpg 768w, https:\/\/vezelay.eu\/f\/wp-content\/uploads\/2018\/12\/keuken28-700x448.jpg 700w\" sizes=\"auto, (max-width: 767px) 89vw, (max-width: 1000px) 54vw, (max-width: 1071px) 543px, 580px\" \/><span style=\"color: #333333; font-family: libre-baskerville; font-size: 13pt;\">La grande cuisine est un bon endroit pour rester. La cuisine est \u00e9quip\u00e9e d'un lave-vaisselle, four, etc. Ici vous pouvez aussi surfer sur Internet. En \u00e9t\u00e9, vous pouvez emporter votre plateau avec vous dans la cave ou en bas de l'escalier dans l'arri\u00e8re-salle jusqu'au jardin au bord de la rivi\u00e8re. <\/span><img loading=\"lazy\" decoding=\"async\" class=\"alignnone wp-image-3028 size-full\" src=\"https:\/\/vezelay.eu\/f\/wp-content\/uploads\/2018\/12\/huiskamer28.jpg\" alt=\"\" width=\"1280\" height=\"820\" srcset=\"https:\/\/vezelay.eu\/f\/wp-content\/uploads\/2018\/12\/huiskamer28.jpg 1280w, https:\/\/vezelay.eu\/f\/wp-content\/uploads\/2018\/12\/huiskamer28-600x384.jpg 600w, https:\/\/vezelay.eu\/f\/wp-content\/uploads\/2018\/12\/huiskamer28-768x492.jpg 768w, https:\/\/vezelay.eu\/f\/wp-content\/uploads\/2018\/12\/huiskamer28-700x448.jpg 700w\" sizes=\"auto, (max-width: 767px) 89vw, (max-width: 1000px) 54vw, (max-width: 1071px) 543px, 580px\" \/><span style=\"font-family: libre-baskerville; font-size: 13pt;\"><span style=\"color: #333333;\"><span lang=\"de-DE\"><br \/>\nLe Jukebox Giga du salon contient des milliers d'heures de musique et des livres, tous dans diff\u00e9rents genres. Dans l'ancienne cave vo\u00fbt\u00e9e en dessous de vous pouvez encore voir les grands bassins o\u00f9 les poissons p\u00each\u00e9s dans la rivi\u00e8re pouvaient nager pendant un certain temps - d'o\u00f9 la'maison du p\u00eacheur'.<\/span><\/span><\/span><\/p>\n<p>&nbsp;<\/p>\n<\/div>\n<\/div><\/div><\/div><div id=\"pgc-345-0-2\"  class=\"panel-grid-cell panel-grid-cell-mobile-last\" ><div id=\"panel-345-0-2-0\" class=\"so-panel widget widget_sow-editor panel-first-child panel-last-child\" data-index=\"1\" ><div\n\t\t\t\n\t\t\tclass=\"so-widget-sow-editor so-widget-sow-editor-base\"\n\t\t\t\n\t\t><h3 class=\"widget-title\">.<\/h3>\n<div class=\"siteorigin-widget-tinymce textwidget\">\n\t<p style=\"text-align: center;\"><img loading=\"lazy\" decoding=\"async\" src=\"https:\/\/vezelay.eu\/d\/wp-content\/uploads\/2018\/09\/SDC10360-1.jpg\" alt=\"\" width=\"1280\" height=\"920\" \/><span style=\"font-family: libre-baskerville; font-size: 13pt;\"><span lang=\"de-DE\">La maison de p\u00eache a une grande cour o\u00f9 vous pouvez garer votre v\u00e9hicule. Sous un vo\u00fbte il y a une table de pique-nique et un swing. Pour les h\u00f4tes il y a deux VTT disponibles avec lesquels vous pouvez vous baladez en v\u00e9lo dans les bois et les pr\u00e9s. <\/span><\/span><img loading=\"lazy\" decoding=\"async\" class=\"alignnone wp-image-3030 size-full\" src=\"https:\/\/vezelay.eu\/f\/wp-content\/uploads\/2018\/12\/keuken28a.jpg\" alt=\"\" width=\"1280\" height=\"820\" srcset=\"https:\/\/vezelay.eu\/f\/wp-content\/uploads\/2018\/12\/keuken28a.jpg 1280w, https:\/\/vezelay.eu\/f\/wp-content\/uploads\/2018\/12\/keuken28a-600x384.jpg 600w, https:\/\/vezelay.eu\/f\/wp-content\/uploads\/2018\/12\/keuken28a-768x492.jpg 768w, https:\/\/vezelay.eu\/f\/wp-content\/uploads\/2018\/12\/keuken28a-700x448.jpg 700w\" sizes=\"auto, (max-width: 767px) 89vw, (max-width: 1000px) 54vw, (max-width: 1071px) 543px, 580px\" \/><span style=\"color: #333333; font-family: libre-baskerville; font-size: 13pt;\">Hors saison, le chauffage est \u00e9lectrique ou au bois - vous pouvez voir les flammes danser derri\u00e8re les fen\u00eatres. Ils peuvent aller faire les course au coin de la rue. La sont un boulanger, un <a href=\"https:\/\/boucheriedesaintpere.fr\/\" target=\"_blank\" rel=\"noopener\">boucherie-charcuterie<\/a> et un petit supermarch\u00e9, et aussi un caf\u00e9 et un restaurant. <\/span><img loading=\"lazy\" decoding=\"async\" class=\"alignnone wp-image-3031 size-full\" src=\"https:\/\/vezelay.eu\/f\/wp-content\/uploads\/2018\/12\/P5080849.jpg\" alt=\"\" width=\"1280\" height=\"820\" srcset=\"https:\/\/vezelay.eu\/f\/wp-content\/uploads\/2018\/12\/P5080849.jpg 1280w, https:\/\/vezelay.eu\/f\/wp-content\/uploads\/2018\/12\/P5080849-600x384.jpg 600w, https:\/\/vezelay.eu\/f\/wp-content\/uploads\/2018\/12\/P5080849-768x492.jpg 768w, https:\/\/vezelay.eu\/f\/wp-content\/uploads\/2018\/12\/P5080849-700x448.jpg 700w\" sizes=\"auto, (max-width: 767px) 89vw, (max-width: 1000px) 54vw, (max-width: 1071px) 543px, 580px\" \/><span style=\"font-family: libre-baskerville; font-size: 13pt;\"><span style=\"color: #333333;\"><span lang=\"de-DE\">La maison d\u00e9gage une atmosph\u00e8re authentique: sols anciens carrel\u00e9, plafonds massifs avec poutres et d\u00e9tails tels que placards et chemin\u00e9e ancienne. Il y a quatre chambres et il y a place pour sept personnes. Mais aussi pour deux vous pouvez rester \u00e0 l'aise ici.<\/span><\/span><\/span><\/p>\n<\/div>\n<\/div><\/div><\/div><div id=\"pgc-345-0-3\"  class=\"panel-grid-cell panel-grid-cell-empty\" ><\/div><\/div><\/div><div id=\"pg-345-1\"  class=\"panel-grid panel-has-style\" ><div class=\"siteorigin-panels-stretch panel-row-style panel-row-style-for-345-1\" data-stretch-type=\"full-stretched\" ><div id=\"pgc-345-1-0\"  class=\"panel-grid-cell panel-grid-cell-empty\" ><\/div><div id=\"pgc-345-1-1\"  class=\"panel-grid-cell\" ><div id=\"panel-345-1-1-0\" class=\"widget_text so-panel widget widget_custom_html panel-first-child panel-last-child\" data-index=\"2\" ><h3 class=\"widget-title\">Jetez un coup a 360\u00b0 par vous-m\u00eame<\/h3><div class=\"textwidget custom-html-widget\"><div class=\"momentopress-container\"><iframe class=\"momentopress-embed\" src=\"https:\/\/momento360.com\/e\/uc\/d966ff8f789646809c86fcf424c2ba4d?utm_campaign=embed&utm_source=other&utm_medium=other\" allowfullscreen=\"allowfullscreen\"><\/iframe><\/div>\n<p lang=\"de-DE\"><span style=\"font-family: libre-baskerville;\"><span style=\"font-size: 13pt;\"><span style=\"color: #333333;\" >&gt; D\u00e9place le bouton gauche de la souris vers la gauche et la droite.\n<\/span><\/span><\/span><span style=\"font-family: libre-baskerville;\"><span style=\"font-size: 13pt;\" >  &gt; Scroll avec la molette de la souris avant et arri\u00e8re. \n &gt; Tablette ou telephone portable: Glisse avec un doigt.<\/span><\/span><\/p><\/div><\/div><\/div><div id=\"pgc-345-1-2\"  class=\"panel-grid-cell panel-grid-cell-mobile-last\" ><div id=\"panel-345-1-2-0\" class=\"so-panel widget widget_media_image panel-first-child panel-last-child\" data-index=\"3\" ><h3 class=\"widget-title\">Plan \u21b4<\/h3><a href=\"https:\/\/floorplanner.com\/whp81s#details\" target=\"_blank\"><img loading=\"lazy\" decoding=\"async\" width=\"1280\" height=\"720\" src=\"https:\/\/vezelay.eu\/f\/wp-content\/uploads\/2018\/10\/aaaaaa-1.jpg\" class=\"image wp-image-2448  attachment-full size-full\" alt=\"\" style=\"max-width: 100%; height: auto;\" srcset=\"https:\/\/vezelay.eu\/f\/wp-content\/uploads\/2018\/10\/aaaaaa-1.jpg 1280w, https:\/\/vezelay.eu\/f\/wp-content\/uploads\/2018\/10\/aaaaaa-1-600x338.jpg 600w, https:\/\/vezelay.eu\/f\/wp-content\/uploads\/2018\/10\/aaaaaa-1-768x432.jpg 768w, https:\/\/vezelay.eu\/f\/wp-content\/uploads\/2018\/10\/aaaaaa-1-700x394.jpg 700w\" sizes=\"auto, 100vw\" \/><\/a><\/div><\/div><div id=\"pgc-345-1-3\"  class=\"panel-grid-cell panel-grid-cell-empty\" ><\/div><\/div><\/div><div id=\"pg-345-2\"  class=\"panel-grid panel-has-style\" ><div class=\"siteorigin-panels-stretch panel-row-style panel-row-style-for-345-2\" data-stretch-type=\"full-stretched\" ><div id=\"pgc-345-2-0\"  class=\"panel-grid-cell panel-grid-cell-empty\" ><\/div><div id=\"pgc-345-2-1\"  class=\"panel-grid-cell\" ><div id=\"panel-345-2-1-0\" class=\"so-panel widget widget_sow-editor panel-first-child panel-last-child\" data-index=\"4\" ><div\n\t\t\t\n\t\t\tclass=\"so-widget-sow-editor so-widget-sow-editor-base\"\n\t\t\t\n\t\t><h3 class=\"widget-title\">Wie kann man 360\u00b0 sehen?<\/h3>\n<div class=\"siteorigin-widget-tinymce textwidget\">\n\t<div class=\"siteorigin-widget-tinymce textwidget\">\n<div class=\"siteorigin-widget-tinymce textwidget\">\n<p lang=\"de-DE\"><span style=\"font-family: libre-baskerville; font-size: 13pt;\">&gt;Bewegen Sie mit die linke Maustaste nach unten nach links und rechts. \u00a0 \u00a0 &gt; Scrollen Sie mit dem Mausrad nach vorne und hinten. \u00a0 \u00a0 &gt;Tablette oder Handy: Streichen mit dem Finger<\/span><\/p>\n<\/div>\n<\/div>\n<\/div>\n<\/div><\/div><\/div><\/div><\/div><div id=\"pg-345-3\"  class=\"panel-grid panel-no-style\" ><div id=\"pgc-345-3-0\"  class=\"panel-grid-cell panel-grid-cell-mobile-last\" ><div id=\"panel-345-3-0-0\" class=\"so-panel widget widget_media_image panel-first-child panel-last-child\" data-index=\"5\" ><img loading=\"lazy\" decoding=\"async\" width=\"600\" height=\"85\" src=\"https:\/\/vezelay.eu\/f\/wp-content\/uploads\/2018\/10\/grijs-600x85.jpg\" class=\"image wp-image-2274  attachment-medium size-medium\" alt=\"\" style=\"max-width: 100%; height: auto;\" srcset=\"https:\/\/vezelay.eu\/f\/wp-content\/uploads\/2018\/10\/grijs-600x85.jpg 600w, https:\/\/vezelay.eu\/f\/wp-content\/uploads\/2018\/10\/grijs-768x109.jpg 768w, https:\/\/vezelay.eu\/f\/wp-content\/uploads\/2018\/10\/grijs-700x100.jpg 700w, https:\/\/vezelay.eu\/f\/wp-content\/uploads\/2018\/10\/grijs.jpg 1188w\" sizes=\"auto, 100vw\" \/><\/div><\/div><div id=\"pgc-345-3-1\"  class=\"panel-grid-cell panel-grid-cell-empty\" ><\/div><\/div><div id=\"pg-345-4\"  class=\"panel-grid panel-no-style\" ><div id=\"pgc-345-4-0\"  class=\"panel-grid-cell panel-grid-cell-mobile-last\" ><div id=\"panel-345-4-0-0\" class=\"so-panel widget widget_media_image panel-first-child panel-last-child\" data-index=\"6\" ><img loading=\"lazy\" decoding=\"async\" width=\"600\" height=\"85\" src=\"https:\/\/vezelay.eu\/f\/wp-content\/uploads\/2018\/10\/grijs-600x85.jpg\" class=\"image wp-image-2274  attachment-medium size-medium\" alt=\"\" style=\"max-width: 100%; height: auto;\" srcset=\"https:\/\/vezelay.eu\/f\/wp-content\/uploads\/2018\/10\/grijs-600x85.jpg 600w, https:\/\/vezelay.eu\/f\/wp-content\/uploads\/2018\/10\/grijs-768x109.jpg 768w, https:\/\/vezelay.eu\/f\/wp-content\/uploads\/2018\/10\/grijs-700x100.jpg 700w, https:\/\/vezelay.eu\/f\/wp-content\/uploads\/2018\/10\/grijs.jpg 1188w\" sizes=\"auto, 100vw\" \/><\/div><\/div><div id=\"pgc-345-4-1\"  class=\"panel-grid-cell panel-grid-cell-empty\" ><\/div><\/div><div id=\"pg-345-5\"  class=\"panel-grid panel-no-style\" ><div id=\"pgc-345-5-0\"  class=\"panel-grid-cell panel-grid-cell-mobile-last\" ><div id=\"panel-345-5-0-0\" class=\"so-panel widget widget_media_image panel-first-child panel-last-child\" data-index=\"7\" ><img loading=\"lazy\" decoding=\"async\" width=\"600\" height=\"85\" src=\"https:\/\/vezelay.eu\/f\/wp-content\/uploads\/2018\/10\/grijs-600x85.jpg\" class=\"image wp-image-2274  attachment-medium size-medium\" alt=\"\" style=\"max-width: 100%; height: auto;\" srcset=\"https:\/\/vezelay.eu\/f\/wp-content\/uploads\/2018\/10\/grijs-600x85.jpg 600w, https:\/\/vezelay.eu\/f\/wp-content\/uploads\/2018\/10\/grijs-768x109.jpg 768w, https:\/\/vezelay.eu\/f\/wp-content\/uploads\/2018\/10\/grijs-700x100.jpg 700w, https:\/\/vezelay.eu\/f\/wp-content\/uploads\/2018\/10\/grijs.jpg 1188w\" sizes=\"auto, 100vw\" \/><\/div><\/div><div id=\"pgc-345-5-1\"  class=\"panel-grid-cell panel-grid-cell-empty\" ><\/div><\/div><div id=\"pg-345-6\"  class=\"panel-grid panel-no-style\" ><div id=\"pgc-345-6-0\"  class=\"panel-grid-cell panel-grid-cell-mobile-last\" ><div id=\"panel-345-6-0-0\" class=\"so-panel widget widget_media_image panel-first-child panel-last-child\" data-index=\"8\" ><img loading=\"lazy\" decoding=\"async\" width=\"600\" height=\"85\" src=\"https:\/\/vezelay.eu\/f\/wp-content\/uploads\/2018\/10\/grijs-600x85.jpg\" class=\"image wp-image-2274  attachment-medium size-medium\" alt=\"\" style=\"max-width: 100%; height: auto;\" srcset=\"https:\/\/vezelay.eu\/f\/wp-content\/uploads\/2018\/10\/grijs-600x85.jpg 600w, https:\/\/vezelay.eu\/f\/wp-content\/uploads\/2018\/10\/grijs-768x109.jpg 768w, https:\/\/vezelay.eu\/f\/wp-content\/uploads\/2018\/10\/grijs-700x100.jpg 700w, https:\/\/vezelay.eu\/f\/wp-content\/uploads\/2018\/10\/grijs.jpg 1188w\" sizes=\"auto, 100vw\" \/><\/div><\/div><div id=\"pgc-345-6-1\"  class=\"panel-grid-cell panel-grid-cell-empty\" ><\/div><\/div><div id=\"pg-345-7\"  class=\"panel-grid panel-no-style\" ><div id=\"pgc-345-7-0\"  class=\"panel-grid-cell panel-grid-cell-mobile-last\" ><div id=\"panel-345-7-0-0\" class=\"so-panel widget widget_media_image panel-first-child panel-last-child\" data-index=\"9\" ><img loading=\"lazy\" decoding=\"async\" width=\"600\" height=\"85\" src=\"https:\/\/vezelay.eu\/f\/wp-content\/uploads\/2018\/10\/grijs-600x85.jpg\" class=\"image wp-image-2274  attachment-medium size-medium\" alt=\"\" style=\"max-width: 100%; height: auto;\" srcset=\"https:\/\/vezelay.eu\/f\/wp-content\/uploads\/2018\/10\/grijs-600x85.jpg 600w, https:\/\/vezelay.eu\/f\/wp-content\/uploads\/2018\/10\/grijs-768x109.jpg 768w, https:\/\/vezelay.eu\/f\/wp-content\/uploads\/2018\/10\/grijs-700x100.jpg 700w, https:\/\/vezelay.eu\/f\/wp-content\/uploads\/2018\/10\/grijs.jpg 1188w\" sizes=\"auto, 100vw\" \/><\/div><\/div><div id=\"pgc-345-7-1\"  class=\"panel-grid-cell panel-grid-cell-empty\" ><\/div><\/div><div id=\"pg-345-8\"  class=\"panel-grid panel-no-style\" ><div id=\"pgc-345-8-0\"  class=\"panel-grid-cell panel-grid-cell-mobile-last\" ><div id=\"panel-345-8-0-0\" class=\"so-panel widget widget_media_image panel-first-child panel-last-child\" data-index=\"10\" ><img loading=\"lazy\" decoding=\"async\" width=\"600\" height=\"85\" src=\"https:\/\/vezelay.eu\/f\/wp-content\/uploads\/2018\/10\/grijs-600x85.jpg\" class=\"image wp-image-2274  attachment-medium size-medium\" alt=\"\" style=\"max-width: 100%; height: auto;\" srcset=\"https:\/\/vezelay.eu\/f\/wp-content\/uploads\/2018\/10\/grijs-600x85.jpg 600w, https:\/\/vezelay.eu\/f\/wp-content\/uploads\/2018\/10\/grijs-768x109.jpg 768w, https:\/\/vezelay.eu\/f\/wp-content\/uploads\/2018\/10\/grijs-700x100.jpg 700w, https:\/\/vezelay.eu\/f\/wp-content\/uploads\/2018\/10\/grijs.jpg 1188w\" sizes=\"auto, 100vw\" \/><\/div><\/div><div id=\"pgc-345-8-1\"  class=\"panel-grid-cell panel-grid-cell-empty\" ><\/div><\/div><div id=\"pg-345-9\"  class=\"panel-grid panel-no-style\" ><div id=\"pgc-345-9-0\"  class=\"panel-grid-cell panel-grid-cell-empty panel-grid-cell-mobile-last\" ><\/div><div id=\"pgc-345-9-1\"  class=\"panel-grid-cell panel-grid-cell-empty\" ><\/div><\/div><\/div>","protected":false},"excerpt":{"rendered":"<p>Le jardin ensoleill\u00e9 est profond de 16 m\u00e8tres et m\u00e8ne au fleuve. On a une vue magnifique sur les collines, les for\u00eats et les prairies. Des meubles de jardin et un gril sont disponibles. Pour les locataires, il y a aussi deux canots disponibles. La grande cuisine est un bon endroit pour rester. La cuisine &hellip; <\/p>\n<p class=\"link-more\"><a href=\"https:\/\/vezelay.eu\/f\/maison-pecheur\/\" class=\"more-link\">Continuer la lecture<span class=\"screen-reader-text\"> de &laquo;&nbsp;Maison p\u00eacheur&nbsp;&raquo;<\/span><\/a><\/p>\n","protected":false},"author":1,"featured_media":0,"parent":0,"menu_order":0,"comment_status":"closed","ping_status":"closed","template":"","meta":{"footnotes":""},"class_list":["post-345","page","type-page","status-publish","hentry"],"_links":{"self":[{"href":"https:\/\/vezelay.eu\/f\/wp-json\/wp\/v2\/pages\/345","targetHints":{"allow":["GET"]}}],"collection":[{"href":"https:\/\/vezelay.eu\/f\/wp-json\/wp\/v2\/pages"}],"about":[{"href":"https:\/\/vezelay.eu\/f\/wp-json\/wp\/v2\/types\/page"}],"author":[{"embeddable":true,"href":"https:\/\/vezelay.eu\/f\/wp-json\/wp\/v2\/users\/1"}],"replies":[{"embeddable":true,"href":"https:\/\/vezelay.eu\/f\/wp-json\/wp\/v2\/comments?post=345"}],"version-history":[{"count":172,"href":"https:\/\/vezelay.eu\/f\/wp-json\/wp\/v2\/pages\/345\/revisions"}],"predecessor-version":[{"id":2332728,"href":"https:\/\/vezelay.eu\/f\/wp-json\/wp\/v2\/pages\/345\/revisions\/2332728"}],"wp:attachment":[{"href":"https:\/\/vezelay.eu\/f\/wp-json\/wp\/v2\/media?parent=345"}],"curies":[{"name":"wp","href":"https:\/\/api.w.org\/{rel}","templated":true}]}}