{"id":342,"date":"2018-09-16T19:24:24","date_gmt":"2018-09-16T19:24:24","guid":{"rendered":"https:\/\/vezelay.eu\/d\/?page_id=342"},"modified":"2022-06-19T08:05:44","modified_gmt":"2022-06-19T08:05:44","slug":"maison-riviere","status":"publish","type":"page","link":"https:\/\/vezelay.eu\/f\/maison-riviere\/","title":{"rendered":"Maison rivi\u00e8re"},"content":{"rendered":"<div id=\"pl-342\"  class=\"panel-layout\" ><div id=\"pg-342-0\"  class=\"panel-grid panel-has-style\" ><div class=\"siteorigin-panels-stretch panel-row-style panel-row-style-for-342-0\" data-stretch-type=\"full-stretched\" ><div id=\"pgc-342-0-0\"  class=\"panel-grid-cell panel-grid-cell-empty\" ><\/div><div id=\"pgc-342-0-1\"  class=\"panel-grid-cell\" ><div id=\"panel-342-0-1-0\" class=\"so-panel widget widget_sow-editor panel-first-child panel-last-child\" data-index=\"0\" ><div\n\t\t\t\n\t\t\tclass=\"so-widget-sow-editor so-widget-sow-editor-base\"\n\t\t\t\n\t\t><h3 class=\"widget-title\">.<\/h3>\n<div class=\"siteorigin-widget-tinymce textwidget\">\n\t<p style=\"text-align: center;\"><img loading=\"lazy\" decoding=\"async\" class=\"alignnone size-full wp-image-442\" src=\"https:\/\/vezelay.eu\/d\/wp-content\/uploads\/2018\/09\/26.jpg\" alt=\"\" width=\"4000\" height=\"3000\" srcset=\"https:\/\/vezelay.eu\/f\/wp-content\/uploads\/2018\/09\/26.jpg 4000w, https:\/\/vezelay.eu\/f\/wp-content\/uploads\/2018\/09\/26-600x450.jpg 600w, https:\/\/vezelay.eu\/f\/wp-content\/uploads\/2018\/09\/26-768x576.jpg 768w, https:\/\/vezelay.eu\/f\/wp-content\/uploads\/2018\/09\/26-1280x960.jpg 1280w, https:\/\/vezelay.eu\/f\/wp-content\/uploads\/2018\/09\/26-2000x1500.jpg 2000w, https:\/\/vezelay.eu\/f\/wp-content\/uploads\/2018\/09\/26-128x96.jpg 128w\" sizes=\"auto, (max-width: 767px) 89vw, (max-width: 1000px) 54vw, (max-width: 1071px) 543px, 580px\" \/><span style=\"font-family: libre-baskerville; font-size: 13pt;\"> La terrasse donne une vue magnifique sur la rivi\u00e8re qui coule ici depuis des <\/span><span style=\"font-family: libre-baskerville; font-size: 13pt;\">millions d'ann\u00e9es. <\/span><span style=\"font-family: libre-baskerville; font-size: 17.3333px;\">Des meubles de jardin et un gril sont disponibles. La rivi\u00e8re <\/span><span style=\"font-family: libre-baskerville; font-size: 13pt;\">donne beaucoup de plaisir en \u00e9t\u00e9 - construction de barrages, la p\u00eache ou la naviguer avec les cano\u00ebs disponibles. <\/span><img loading=\"lazy\" decoding=\"async\" class=\"alignnone wp-image-3023 size-full\" style=\"font-size: 1rem;\" src=\"https:\/\/vezelay.eu\/f\/wp-content\/uploads\/2018\/12\/10.jpg\" alt=\"\" width=\"1280\" height=\"820\" srcset=\"https:\/\/vezelay.eu\/f\/wp-content\/uploads\/2018\/12\/10.jpg 1280w, https:\/\/vezelay.eu\/f\/wp-content\/uploads\/2018\/12\/10-600x384.jpg 600w, https:\/\/vezelay.eu\/f\/wp-content\/uploads\/2018\/12\/10-768x492.jpg 768w, https:\/\/vezelay.eu\/f\/wp-content\/uploads\/2018\/12\/10-700x448.jpg 700w\" sizes=\"auto, (max-width: 767px) 89vw, (max-width: 1000px) 54vw, (max-width: 1071px) 543px, 580px\" \/><span style=\"font-family: libre-baskerville; font-size: 13pt;\">La maison a \u00e9t\u00e9 la demeure d'une famille paysanne. Il est assez grand pour sept personnes, mais aussi pour deux ou pour une seule personne il y a une bonne vie. Hors saison, c'est bien chez le po\u00eale \u00e0 bois. Wifi et machine \u00e0 laver etc. sont disponibles.<\/span><img loading=\"lazy\" decoding=\"async\" class=\"alignnone wp-image-3025 size-full\" style=\"font-size: 1rem;\" src=\"https:\/\/vezelay.eu\/f\/wp-content\/uploads\/2018\/12\/SDC11620A.jpg\" alt=\"\" width=\"1280\" height=\"820\" srcset=\"https:\/\/vezelay.eu\/f\/wp-content\/uploads\/2018\/12\/SDC11620A.jpg 1280w, https:\/\/vezelay.eu\/f\/wp-content\/uploads\/2018\/12\/SDC11620A-600x384.jpg 600w, https:\/\/vezelay.eu\/f\/wp-content\/uploads\/2018\/12\/SDC11620A-768x492.jpg 768w, https:\/\/vezelay.eu\/f\/wp-content\/uploads\/2018\/12\/SDC11620A-700x448.jpg 700w\" sizes=\"auto, (max-width: 767px) 89vw, (max-width: 1000px) 54vw, (max-width: 1071px) 543px, 580px\" \/><span style=\"font-family: libre-baskerville; font-size: 13pt;\"><span lang=\"de-DE\">Dans la grande cuisine-salle \u00e0 manger vous pouvez rester bien. La cuisson extensive est possible. Au coin de la rue se trouvent un boulanger, un boucher et un petit supermarch\u00e9. La cuisine dans le grange est id\u00e9ale si vous voulez manger \u00e0 la rivi\u00e8re.<\/span><\/span><\/p>\n<\/div>\n<\/div><\/div><\/div><div id=\"pgc-342-0-2\"  class=\"panel-grid-cell panel-grid-cell-mobile-last\" ><div id=\"panel-342-0-2-0\" class=\"so-panel widget widget_sow-editor panel-first-child panel-last-child\" data-index=\"1\" ><div\n\t\t\t\n\t\t\tclass=\"so-widget-sow-editor so-widget-sow-editor-base\"\n\t\t\t\n\t\t><h3 class=\"widget-title\">.<\/h3>\n<div class=\"siteorigin-widget-tinymce textwidget\">\n\t<p style=\"text-align: center;\"><img loading=\"lazy\" decoding=\"async\" class=\"alignnone size-full wp-image-443\" src=\"https:\/\/vezelay.eu\/d\/wp-content\/uploads\/2018\/09\/SDC10924-A.jpg\" alt=\"\" width=\"4000\" height=\"3000\" srcset=\"https:\/\/vezelay.eu\/f\/wp-content\/uploads\/2018\/09\/SDC10924-A.jpg 4000w, https:\/\/vezelay.eu\/f\/wp-content\/uploads\/2018\/09\/SDC10924-A-600x450.jpg 600w, https:\/\/vezelay.eu\/f\/wp-content\/uploads\/2018\/09\/SDC10924-A-768x576.jpg 768w, https:\/\/vezelay.eu\/f\/wp-content\/uploads\/2018\/09\/SDC10924-A-1280x960.jpg 1280w, https:\/\/vezelay.eu\/f\/wp-content\/uploads\/2018\/09\/SDC10924-A-2000x1500.jpg 2000w, https:\/\/vezelay.eu\/f\/wp-content\/uploads\/2018\/09\/SDC10924-A-128x96.jpg 128w\" sizes=\"auto, (max-width: 767px) 89vw, (max-width: 1000px) 54vw, (max-width: 1071px) 543px, 580px\" \/><span style=\"font-family: libre-baskerville; font-size: 13pt;\"><span lang=\"de-DE\">La grange au bord de la rivi\u00e8re fait actuellement partie de la maison. De l'autre c\u00f4t\u00e9 de l'impasse se trouve un vieux moulin \u00e0 eau qui est hors service depuis des temps imm\u00e9moriaux. Il y a longtemps, les fermiers sont venus ici pour moudre leur grain.<\/span><\/span><img loading=\"lazy\" decoding=\"async\" class=\"alignnone wp-image-3022 size-full\" src=\"https:\/\/vezelay.eu\/f\/wp-content\/uploads\/2018\/12\/MG_206320kl.jpg\" alt=\"\" width=\"1280\" height=\"820\" srcset=\"https:\/\/vezelay.eu\/f\/wp-content\/uploads\/2018\/12\/MG_206320kl.jpg 1280w, https:\/\/vezelay.eu\/f\/wp-content\/uploads\/2018\/12\/MG_206320kl-600x384.jpg 600w, https:\/\/vezelay.eu\/f\/wp-content\/uploads\/2018\/12\/MG_206320kl-768x492.jpg 768w, https:\/\/vezelay.eu\/f\/wp-content\/uploads\/2018\/12\/MG_206320kl-700x448.jpg 700w\" sizes=\"auto, (max-width: 767px) 89vw, (max-width: 1000px) 54vw, (max-width: 1071px) 543px, 580px\" \/><span style=\"font-family: libre-baskerville; font-size: 13pt;\"><span lang=\"de-DE\">Le tr\u00e8s grand salon \u00e0 l'\u00e9tage de la grange r\u00e9nov\u00e9e offre une belle vue sur la rivi\u00e8re et la campagne. Il y a une belle construction de toit authentique avec de vieilles poutres et il y a un petit \u00e9tage, ou on peut o\u00f9 l'on peut regarder la t\u00e9l\u00e9vision. <\/span><\/span><img loading=\"lazy\" decoding=\"async\" class=\"alignnone wp-image-3024 size-full\" src=\"https:\/\/vezelay.eu\/f\/wp-content\/uploads\/2018\/12\/SDC11002.jpg\" alt=\"\" width=\"1280\" height=\"820\" srcset=\"https:\/\/vezelay.eu\/f\/wp-content\/uploads\/2018\/12\/SDC11002.jpg 1280w, https:\/\/vezelay.eu\/f\/wp-content\/uploads\/2018\/12\/SDC11002-600x384.jpg 600w, https:\/\/vezelay.eu\/f\/wp-content\/uploads\/2018\/12\/SDC11002-768x492.jpg 768w, https:\/\/vezelay.eu\/f\/wp-content\/uploads\/2018\/12\/SDC11002-700x448.jpg 700w\" sizes=\"auto, (max-width: 767px) 89vw, (max-width: 1000px) 54vw, (max-width: 1071px) 543px, 580px\" \/><span style=\"font-family: libre-baskerville; font-size: 13pt;\">Le petit salon poss\u00e8de une collection \u00e9tendue de disques (diff\u00e9rents genres). Il y a aussi une collection de livres et de jeux. Pour ceux qui veulent s'amuser dans le village: il y a aussi un caf\u00e9 et un restaurant.<\/span><\/p>\n<\/div>\n<\/div><\/div><\/div><div id=\"pgc-342-0-3\"  class=\"panel-grid-cell panel-grid-cell-empty\" ><\/div><\/div><\/div><div id=\"pg-342-1\"  class=\"panel-grid panel-has-style\" ><div class=\"siteorigin-panels-stretch panel-row-style panel-row-style-for-342-1\" data-stretch-type=\"full-stretched\" ><div id=\"pgc-342-1-0\"  class=\"panel-grid-cell panel-grid-cell-empty\" ><\/div><div id=\"pgc-342-1-1\"  class=\"panel-grid-cell\" ><div id=\"panel-342-1-1-0\" class=\"widget_text so-panel widget widget_custom_html panel-first-child panel-last-child\" data-index=\"2\" ><h3 class=\"widget-title\">Jetez un coup a 360\u00b0 par vous-m\u00eame<\/h3><div class=\"textwidget custom-html-widget\"><div class=\"momentopress-container\"><iframe class=\"momentopress-embed\" src=\"https:\/\/momento360.com\/e\/uc\/37b3da78a28d4489b8c12bd9b66f1748?utm_campaign=embed&utm_source=other&utm_medium=other\" allowfullscreen=\"allowfullscreen\"><\/iframe><\/div>\n<p lang=\"de-DE\"><span style=\"font-family: libre-baskerville;\"><span style=\"font-size: 13pt;\"><span style=\"color: #333333;\" >&gt; D\u00e9place le bouton gauche de la souris vers la gauche et la droite.\n<\/span><\/span><\/span><span style=\"font-family: libre-baskerville;\"><span style=\"font-size: 13pt;\" >  &gt; Scroll avec la molette de la souris avant et arri\u00e8re. \n &gt; Tablette ou telephone portable: Glisse avec un doigt.<\/span><\/span><\/p>\n\n\n<\/div><\/div><\/div><div id=\"pgc-342-1-2\"  class=\"panel-grid-cell panel-grid-cell-mobile-last\" ><div id=\"panel-342-1-2-0\" class=\"so-panel widget widget_media_image panel-first-child panel-last-child\" data-index=\"3\" ><h3 class=\"widget-title\">Plan \u21b4<\/h3><a href=\"https:\/\/floorplanner.com\/1bmcx3\" target=\"_blank\"><img loading=\"lazy\" decoding=\"async\" width=\"1270\" height=\"720\" src=\"https:\/\/vezelay.eu\/f\/wp-content\/uploads\/2018\/09\/plattegrond-26-A-1.jpg\" class=\"image wp-image-440  attachment-full size-full\" alt=\"\" style=\"max-width: 100%; height: auto;\" srcset=\"https:\/\/vezelay.eu\/f\/wp-content\/uploads\/2018\/09\/plattegrond-26-A-1.jpg 1270w, https:\/\/vezelay.eu\/f\/wp-content\/uploads\/2018\/09\/plattegrond-26-A-1-600x340.jpg 600w, https:\/\/vezelay.eu\/f\/wp-content\/uploads\/2018\/09\/plattegrond-26-A-1-768x435.jpg 768w, https:\/\/vezelay.eu\/f\/wp-content\/uploads\/2018\/09\/plattegrond-26-A-1-169x96.jpg 169w\" sizes=\"auto, 100vw\" \/><\/a><\/div><\/div><div id=\"pgc-342-1-3\"  class=\"panel-grid-cell panel-grid-cell-empty\" ><\/div><\/div><\/div><div id=\"pg-342-2\"  class=\"panel-grid panel-no-style\" ><div id=\"pgc-342-2-0\"  class=\"panel-grid-cell panel-grid-cell-mobile-last\" ><div id=\"panel-342-2-0-0\" class=\"so-panel widget widget_media_image panel-first-child panel-last-child\" data-index=\"4\" ><img loading=\"lazy\" decoding=\"async\" width=\"600\" height=\"85\" src=\"https:\/\/vezelay.eu\/f\/wp-content\/uploads\/2018\/10\/grijs-600x85.jpg\" class=\"image wp-image-2274  attachment-medium size-medium\" alt=\"\" style=\"max-width: 100%; height: auto;\" srcset=\"https:\/\/vezelay.eu\/f\/wp-content\/uploads\/2018\/10\/grijs-600x85.jpg 600w, https:\/\/vezelay.eu\/f\/wp-content\/uploads\/2018\/10\/grijs-768x109.jpg 768w, https:\/\/vezelay.eu\/f\/wp-content\/uploads\/2018\/10\/grijs-700x100.jpg 700w, https:\/\/vezelay.eu\/f\/wp-content\/uploads\/2018\/10\/grijs.jpg 1188w\" sizes=\"auto, 100vw\" \/><\/div><\/div><div id=\"pgc-342-2-1\"  class=\"panel-grid-cell panel-grid-cell-empty\" ><\/div><\/div><div id=\"pg-342-3\"  class=\"panel-grid panel-no-style\" ><div id=\"pgc-342-3-0\"  class=\"panel-grid-cell panel-grid-cell-empty panel-grid-cell-mobile-last\" ><\/div><div id=\"pgc-342-3-1\"  class=\"panel-grid-cell panel-grid-cell-empty\" ><\/div><\/div><\/div>","protected":false},"excerpt":{"rendered":"<p>La terrasse donne une vue magnifique sur la rivi\u00e8re qui coule ici depuis des millions d&rsquo;ann\u00e9es. Des meubles de jardin et un gril sont disponibles. La rivi\u00e8re donne beaucoup de plaisir en \u00e9t\u00e9 &#8211; construction de barrages, la p\u00eache ou la naviguer avec les cano\u00ebs disponibles. La maison a \u00e9t\u00e9 la demeure d&rsquo;une famille paysanne. &hellip; <\/p>\n<p class=\"link-more\"><a href=\"https:\/\/vezelay.eu\/f\/maison-riviere\/\" class=\"more-link\">Continuer la lecture<span class=\"screen-reader-text\"> de &laquo;&nbsp;Maison rivi\u00e8re&nbsp;&raquo;<\/span><\/a><\/p>\n","protected":false},"author":1,"featured_media":0,"parent":0,"menu_order":0,"comment_status":"closed","ping_status":"closed","template":"","meta":{"footnotes":""},"class_list":["post-342","page","type-page","status-publish","hentry"],"_links":{"self":[{"href":"https:\/\/vezelay.eu\/f\/wp-json\/wp\/v2\/pages\/342","targetHints":{"allow":["GET"]}}],"collection":[{"href":"https:\/\/vezelay.eu\/f\/wp-json\/wp\/v2\/pages"}],"about":[{"href":"https:\/\/vezelay.eu\/f\/wp-json\/wp\/v2\/types\/page"}],"author":[{"embeddable":true,"href":"https:\/\/vezelay.eu\/f\/wp-json\/wp\/v2\/users\/1"}],"replies":[{"embeddable":true,"href":"https:\/\/vezelay.eu\/f\/wp-json\/wp\/v2\/comments?post=342"}],"version-history":[{"count":283,"href":"https:\/\/vezelay.eu\/f\/wp-json\/wp\/v2\/pages\/342\/revisions"}],"predecessor-version":[{"id":2332730,"href":"https:\/\/vezelay.eu\/f\/wp-json\/wp\/v2\/pages\/342\/revisions\/2332730"}],"wp:attachment":[{"href":"https:\/\/vezelay.eu\/f\/wp-json\/wp\/v2\/media?parent=342"}],"curies":[{"name":"wp","href":"https:\/\/api.w.org\/{rel}","templated":true}]}}