{"id":2875,"date":"2018-10-27T07:42:48","date_gmt":"2018-10-27T07:42:48","guid":{"rendered":"https:\/\/vezelay.eu\/f\/?page_id=2875"},"modified":"2026-03-31T03:35:57","modified_gmt":"2026-03-31T03:35:57","slug":"login","status":"publish","type":"page","link":"https:\/\/vezelay.eu\/f\/login\/","title":{"rendered":"Infos pratiques pour les locataires"},"content":{"rendered":"<div id=\"pl-2875\"  class=\"panel-layout\" ><div id=\"pg-2875-0\"  class=\"panel-grid panel-no-style\" ><div id=\"pgc-2875-0-0\"  class=\"panel-grid-cell panel-grid-cell-mobile-last\" ><div id=\"panel-2875-0-0-0\" class=\"so-panel widget widget_sow-editor panel-first-child panel-last-child\" data-index=\"0\" ><div\n\t\t\t\n\t\t\tclass=\"so-widget-sow-editor so-widget-sow-editor-base\"\n\t\t\t\n\t\t>\n<div class=\"siteorigin-widget-tinymce textwidget\">\n\t<\/div>\n<\/div><\/div><\/div><div id=\"pgc-2875-0-1\"  class=\"panel-grid-cell panel-grid-cell-empty\" ><\/div><\/div><div id=\"pg-2875-1\"  class=\"panel-grid panel-no-style\" ><div id=\"pgc-2875-1-0\"  class=\"panel-grid-cell panel-grid-cell-empty panel-grid-cell-mobile-last\" ><\/div><div id=\"pgc-2875-1-1\"  class=\"panel-grid-cell panel-grid-cell-empty\" ><\/div><\/div><div id=\"pg-2875-2\"  class=\"panel-grid panel-has-style\" ><div class=\"siteorigin-panels-stretch panel-row-style panel-row-style-for-2875-2\" data-stretch-type=\"full-width-stretch\" ><div id=\"pgc-2875-2-0\"  class=\"panel-grid-cell panel-grid-cell-empty\" ><\/div><div id=\"pgc-2875-2-1\"  class=\"panel-grid-cell\" ><div id=\"panel-2875-2-1-0\" class=\"so-panel widget widget_sow-editor panel-first-child panel-last-child\" data-index=\"1\" ><div class=\"panel-widget-style panel-widget-style-for-2875-2-1-0\" ><div\n\t\t\t\n\t\t\tclass=\"so-widget-sow-editor so-widget-sow-editor-base\"\n\t\t\t\n\t\t><h3 class=\"widget-title\">Les cl\u00e9s<\/h3>\n<div class=\"siteorigin-widget-tinymce textwidget\">\n\t<p><img loading=\"lazy\" decoding=\"async\" class=\"alignnone size-full wp-image-3040\" src=\"https:\/\/vezelay.eu\/f\/wp-content\/uploads\/2018\/12\/sleutelkluisje-1.jpg\" alt=\"\" width=\"1280\" height=\"720\" srcset=\"https:\/\/vezelay.eu\/f\/wp-content\/uploads\/2018\/12\/sleutelkluisje-1.jpg 1280w, https:\/\/vezelay.eu\/f\/wp-content\/uploads\/2018\/12\/sleutelkluisje-1-600x338.jpg 600w, https:\/\/vezelay.eu\/f\/wp-content\/uploads\/2018\/12\/sleutelkluisje-1-768x432.jpg 768w, https:\/\/vezelay.eu\/f\/wp-content\/uploads\/2018\/12\/sleutelkluisje-1-700x394.jpg 700w\" sizes=\"auto, (max-width: 767px) 89vw, (max-width: 1000px) 54vw, (max-width: 1071px) 543px, 580px\" \/><br \/>\n<span style=\"font-family: libre-baskerville; font-size: 13pt;\">Fl\u00e8che rouge : le coffre \u00e0 cl\u00e9s avec les cl\u00e9s des deux maisons (26 = maison rivi\u00e8re, 28 = maison p\u00eacheur) dans le mur lat\u00e9ral de la maison rivi\u00e8re, dans l'all\u00e9e de la rivi\u00e8re. <\/span><\/p>\n<\/div>\n<\/div><\/div><\/div><\/div><div id=\"pgc-2875-2-2\"  class=\"panel-grid-cell panel-grid-cell-mobile-last\" ><div id=\"panel-2875-2-2-0\" class=\"so-panel widget widget_sow-editor panel-first-child panel-last-child\" data-index=\"2\" ><div class=\"panel-widget-style panel-widget-style-for-2875-2-2-0\" ><div\n\t\t\t\n\t\t\tclass=\"so-widget-sow-editor so-widget-sow-editor-base\"\n\t\t\t\n\t\t><h3 class=\"widget-title\">.<\/h3>\n<div class=\"siteorigin-widget-tinymce textwidget\">\n\t<p><img loading=\"lazy\" decoding=\"async\" class=\"alignnone size-full wp-image-3041\" src=\"https:\/\/vezelay.eu\/f\/wp-content\/uploads\/2018\/12\/kluisje2-1.jpg\" alt=\"\" width=\"1280\" height=\"720\" srcset=\"https:\/\/vezelay.eu\/f\/wp-content\/uploads\/2018\/12\/kluisje2-1.jpg 1280w, https:\/\/vezelay.eu\/f\/wp-content\/uploads\/2018\/12\/kluisje2-1-600x338.jpg 600w, https:\/\/vezelay.eu\/f\/wp-content\/uploads\/2018\/12\/kluisje2-1-768x432.jpg 768w, https:\/\/vezelay.eu\/f\/wp-content\/uploads\/2018\/12\/kluisje2-1-700x394.jpg 700w\" sizes=\"auto, (max-width: 767px) 89vw, (max-width: 1000px) 54vw, (max-width: 1071px) 543px, 580px\" \/><br \/>\n<span style=\"font-family: libre-baskerville; font-size: 13pt;\">Entrez le code re\u00e7u par courriel. Utilisez le bouton rotatif au-dessus pour l'ouvrir la porte. A votre d\u00e9part, stockez \u00e0 nouveau les cl\u00e9s ici.<\/span><\/p>\n<\/div>\n<\/div><\/div><\/div><\/div><div id=\"pgc-2875-2-3\"  class=\"panel-grid-cell panel-grid-cell-empty\" ><\/div><\/div><\/div><div id=\"pg-2875-3\"  class=\"panel-grid panel-has-style\" ><div class=\"siteorigin-panels-stretch panel-row-style panel-row-style-for-2875-3\" data-stretch-type=\"full-width-stretch\" ><div id=\"pgc-2875-3-0\"  class=\"panel-grid-cell panel-grid-cell-empty\" ><\/div><div id=\"pgc-2875-3-1\"  class=\"panel-grid-cell\" ><div id=\"panel-2875-3-1-0\" class=\"so-panel widget widget_media_image panel-first-child panel-last-child\" data-index=\"3\" ><h3 class=\"widget-title\">Arriv\u00e9e et s\u00e9jour \u00e0 la maison rivi\u00e8re. Manuel d&rsquo;utilisation \u21b4<\/h3><a href=\"http:\/\/vezelay.eu\/f\/26info\"><img loading=\"lazy\" decoding=\"async\" width=\"1280\" height=\"720\" src=\"https:\/\/vezelay.eu\/f\/wp-content\/uploads\/2018\/10\/MG_2086.jpg\" class=\"image wp-image-2883  attachment-full size-full\" alt=\"\" style=\"max-width: 100%; height: auto;\" title=\"Arriv\u00e9e et s\u00e9jour \u00e0 la maison rivi\u00e8re \u21b4\" srcset=\"https:\/\/vezelay.eu\/f\/wp-content\/uploads\/2018\/10\/MG_2086.jpg 1280w, https:\/\/vezelay.eu\/f\/wp-content\/uploads\/2018\/10\/MG_2086-600x338.jpg 600w, https:\/\/vezelay.eu\/f\/wp-content\/uploads\/2018\/10\/MG_2086-768x432.jpg 768w, https:\/\/vezelay.eu\/f\/wp-content\/uploads\/2018\/10\/MG_2086-700x394.jpg 700w\" sizes=\"auto, 100vw\" \/><\/a><\/div><\/div><div id=\"pgc-2875-3-2\"  class=\"panel-grid-cell panel-grid-cell-mobile-last\" ><div id=\"panel-2875-3-2-0\" class=\"so-panel widget widget_media_image panel-first-child panel-last-child\" data-index=\"4\" ><div class=\"panel-widget-style panel-widget-style-for-2875-3-2-0\" ><h3 class=\"widget-title\">Arriv\u00e9e et s\u00e9jour \u00e0 la maison p\u00eacheur. Manuel d&rsquo;utilisation \u21b4<\/h3><a href=\"http:\/\/vezelay.eu\/f\/28info\"><img loading=\"lazy\" decoding=\"async\" width=\"1280\" height=\"720\" src=\"https:\/\/vezelay.eu\/f\/wp-content\/uploads\/2018\/10\/SDC10189.jpg\" class=\"image wp-image-2881  attachment-full size-full\" alt=\"\" style=\"max-width: 100%; height: auto;\" title=\"Arriv\u00e9e et s\u00e9jour \u00e0 la maison p\u00eacheur \u21b4\" srcset=\"https:\/\/vezelay.eu\/f\/wp-content\/uploads\/2018\/10\/SDC10189.jpg 1280w, https:\/\/vezelay.eu\/f\/wp-content\/uploads\/2018\/10\/SDC10189-600x338.jpg 600w, https:\/\/vezelay.eu\/f\/wp-content\/uploads\/2018\/10\/SDC10189-768x432.jpg 768w, https:\/\/vezelay.eu\/f\/wp-content\/uploads\/2018\/10\/SDC10189-700x394.jpg 700w\" sizes=\"auto, 100vw\" \/><\/a><\/div><\/div><\/div><div id=\"pgc-2875-3-3\"  class=\"panel-grid-cell panel-grid-cell-empty\" ><\/div><\/div><\/div><div id=\"pg-2875-4\"  class=\"panel-grid panel-has-style\" ><div class=\"siteorigin-panels-stretch panel-row-style panel-row-style-for-2875-4\" data-stretch-type=\"full-width-stretch\" ><div id=\"pgc-2875-4-0\"  class=\"panel-grid-cell panel-grid-cell-empty\" ><\/div><div id=\"pgc-2875-4-1\"  class=\"panel-grid-cell\" ><div id=\"panel-2875-4-1-0\" class=\"so-panel widget widget_sow-editor panel-first-child panel-last-child\" data-index=\"5\" ><div\n\t\t\t\n\t\t\tclass=\"so-widget-sow-editor so-widget-sow-editor-base\"\n\t\t\t\n\t\t><h3 class=\"widget-title\">D\u00e9chets<\/h3>\n<div class=\"siteorigin-widget-tinymce textwidget\">\n\t<p><span style=\"font-family: libre-baskerville; font-size: 13pt;\">* Une fois par semaine, le mardi matin tr\u00e8s t\u00f4t, les ordures sont ramass\u00e9es. A partir du landi en fin d'apr\u00e8s-midi, les conteneurs avec le couvercle rouge et jaune peuvent \u00eatre plac\u00e9s au coin de l'all\u00e9e qui m\u00e8ne \u00e0 la rivi\u00e8re. <\/span><span style=\"font-family: libre-baskerville; font-size: 13pt;\">Un nouveau syst\u00e8me a \u00e9t\u00e9 introduit pour r\u00e9duire la quantit\u00e9 de d\u00e9chets. Seuls 15 conteneurs rouges contenant des d\u00e9chets m\u00e9nagers non recyclables peuvent \u00eatre \u00e9limin\u00e9s chaque ann\u00e9e. Il ne doit donc \u00eatre mis \u00e0 l'ext\u00e9rieur que lorsqu'il est compl\u00e8tement plein. Souhaitez-vous v\u00e9rifier le premier lundi de votre s\u00e9jour si le conteneur avec le couvercle rouge est plein et \u00e9ventuellement le mettre dehors ? Ensuite, il y a des poches de vos pr\u00e9d\u00e9cesseurs. Vos successeurs feront la m\u00eame chose pour vous plus tard.<\/span><br \/>\n<span style=\"font-family: libre-baskerville; font-size: 13pt;\"><span style=\"font-family: libre-baskerville; font-size: 13pt;\">* Le contenant jaune peut \u00eatre \u00e0 l'ext\u00e9rieur avec du plastique, du papier et des canettes recyclables. Autocollant avec quoi et quoi pas sur le r\u00e9frig\u00e9rateur, dans le d\u00e9pliant informatif, <a style=\"box-shadow: inset 0px -1px 0px rgba(15,15,15,1); color: #222222; text-decoration: none; transition-delay: 0s, 0s, 0s; transition-duration: 0.08s, 0.13s, 0.13s; transition-property: color, box-shadow, -webkit-box-shadow; transition-timing-function: cubic-bezier(0.42, 0, 1, 1), cubic-bezier(0.42, 0, 0.58, 1), cubic-bezier(0.42, 0, 0.58, 1);\" href=\"http:\/\/vezelay.eu\/inhoud\/gelecontainer.pdf\" target=\"_blank\" rel=\"noopener\">ou<span style=\"color: #ff0000;\"> ici \u21b4<\/span><\/a>.<\/span><\/span><br \/>\n<span style=\"font-family: libre-baskerville; font-size: 13pt;\">* Veuillez vous remettre le contenant dans le jardin ou cour le mardi matin.<\/span><br \/>\n<span style=\"font-family: libre-baskerville; font-size: 13pt;\">* En 2026, ils passeront pour le conteneur rouge et jaune dans les nuits de lundi a mardi: 13\/1, 27\/1, 10\/2, 24\/2,\u00a0 10\/3, 24\/3, 7\/4, 21\/4, 5\/5, 19\/5, 2\/6, 16\/6, 30\/6, 14\/7, 28\/7, 11\/8, 25\/8, 8\/9, 22\/09, 6\/10, 20\/10, 3\/11, 17\/11, 1\/12, 15\/12, 29\/12, 12\/1.<\/span><br \/>\n<span style=\"font-family: libre-baskerville; font-size: 13pt;\">* Sur le chemin du camping - rue du Colombier &gt; a gauche sur le pont, imm\u00e9diatement \u00e0 droite, apr\u00e8s 100 m\u00e8tres - se trouvent les poubelles en verre.<\/span><\/p>\n<\/div>\n<\/div><\/div><\/div><div id=\"pgc-2875-4-2\"  class=\"panel-grid-cell panel-grid-cell-mobile-last\" ><div id=\"panel-2875-4-2-0\" class=\"so-panel widget widget_media_image panel-first-child panel-last-child\" data-index=\"6\" ><h3 class=\"widget-title\">D\u00e9part \u21b4<\/h3><a href=\"https:\/\/vezelay.eu\/f\/depart\/\"><img loading=\"lazy\" decoding=\"async\" width=\"1280\" height=\"820\" src=\"https:\/\/vezelay.eu\/f\/wp-content\/uploads\/2018\/12\/100_0559-a.jpg\" class=\"image wp-image-3075  attachment-full size-full\" alt=\"\" style=\"max-width: 100%; height: auto;\" srcset=\"https:\/\/vezelay.eu\/f\/wp-content\/uploads\/2018\/12\/100_0559-a.jpg 1280w, https:\/\/vezelay.eu\/f\/wp-content\/uploads\/2018\/12\/100_0559-a-600x384.jpg 600w, https:\/\/vezelay.eu\/f\/wp-content\/uploads\/2018\/12\/100_0559-a-768x492.jpg 768w, https:\/\/vezelay.eu\/f\/wp-content\/uploads\/2018\/12\/100_0559-a-700x448.jpg 700w\" sizes=\"auto, 100vw\" \/><\/a><\/div><\/div><div id=\"pgc-2875-4-3\"  class=\"panel-grid-cell panel-grid-cell-empty\" ><\/div><\/div><\/div><div id=\"pg-2875-5\"  class=\"panel-grid panel-has-style\" ><div class=\"siteorigin-panels-stretch panel-row-style panel-row-style-for-2875-5\" data-stretch-type=\"full-width-stretch\" ><div id=\"pgc-2875-5-0\"  class=\"panel-grid-cell panel-grid-cell-empty\" ><\/div><div id=\"pgc-2875-5-1\"  class=\"panel-grid-cell\" ><\/div><div id=\"pgc-2875-5-2\"  class=\"panel-grid-cell panel-grid-cell-mobile-last\" ><div id=\"panel-2875-5-2-0\" class=\"so-panel widget widget_sow-editor panel-first-child panel-last-child\" data-index=\"8\" ><div\n\t\t\t\n\t\t\tclass=\"so-widget-sow-editor so-widget-sow-editor-base\"\n\t\t\t\n\t\t>\n<div class=\"siteorigin-widget-tinymce textwidget\">\n\t<\/div>\n<\/div><\/div><\/div><div id=\"pgc-2875-5-3\"  class=\"panel-grid-cell panel-grid-cell-empty\" ><\/div><\/div><\/div><div id=\"pg-2875-6\"  class=\"panel-grid panel-has-style\" ><div class=\"siteorigin-panels-stretch panel-row-style panel-row-style-for-2875-6\" data-stretch-type=\"full-width-stretch\" ><div id=\"pgc-2875-6-0\"  class=\"panel-grid-cell panel-grid-cell-empty\" ><\/div><div id=\"pgc-2875-6-1\"  class=\"panel-grid-cell\" ><\/div><div id=\"pgc-2875-6-2\"  class=\"panel-grid-cell panel-grid-cell-mobile-last\" ><\/div><div id=\"pgc-2875-6-3\"  class=\"panel-grid-cell panel-grid-cell-empty\" ><\/div><\/div><\/div><div id=\"pg-2875-7\"  class=\"panel-grid panel-no-style\" ><div id=\"pgc-2875-7-0\"  class=\"panel-grid-cell panel-grid-cell-mobile-last\" ><div id=\"panel-2875-7-0-0\" class=\"so-panel widget widget_media_image panel-first-child panel-last-child\" data-index=\"11\" ><img loading=\"lazy\" decoding=\"async\" width=\"600\" height=\"85\" src=\"https:\/\/vezelay.eu\/f\/wp-content\/uploads\/2018\/10\/grijs-600x85.jpg\" class=\"image wp-image-2274  attachment-medium size-medium\" alt=\"\" style=\"max-width: 100%; height: auto;\" srcset=\"https:\/\/vezelay.eu\/f\/wp-content\/uploads\/2018\/10\/grijs-600x85.jpg 600w, https:\/\/vezelay.eu\/f\/wp-content\/uploads\/2018\/10\/grijs-768x109.jpg 768w, https:\/\/vezelay.eu\/f\/wp-content\/uploads\/2018\/10\/grijs-700x100.jpg 700w, https:\/\/vezelay.eu\/f\/wp-content\/uploads\/2018\/10\/grijs.jpg 1188w\" sizes=\"auto, 100vw\" \/><\/div><\/div><div id=\"pgc-2875-7-1\"  class=\"panel-grid-cell panel-grid-cell-empty\" ><\/div><\/div><div id=\"pg-2875-8\"  class=\"panel-grid panel-no-style\" ><div id=\"pgc-2875-8-0\"  class=\"panel-grid-cell panel-grid-cell-empty panel-grid-cell-mobile-last\" ><\/div><div id=\"pgc-2875-8-1\"  class=\"panel-grid-cell panel-grid-cell-empty\" ><\/div><\/div><\/div>","protected":false},"excerpt":{"rendered":"<p>Les cl\u00e9s Fl\u00e8che rouge : le coffre \u00e0 cl\u00e9s avec les cl\u00e9s des deux maisons (26 = maison rivi\u00e8re, 28 = maison p\u00eacheur) dans le mur lat\u00e9ral de la maison rivi\u00e8re, dans l&rsquo;all\u00e9e de la rivi\u00e8re. . Entrez le code re\u00e7u par courriel. Utilisez le bouton rotatif au-dessus pour l&rsquo;ouvrir la porte. A votre d\u00e9part, &hellip; <\/p>\n<p class=\"link-more\"><a href=\"https:\/\/vezelay.eu\/f\/login\/\" class=\"more-link\">Continuer la lecture<span class=\"screen-reader-text\"> de &laquo;&nbsp;Infos pratiques pour les locataires&nbsp;&raquo;<\/span><\/a><\/p>\n","protected":false},"author":1,"featured_media":0,"parent":0,"menu_order":0,"comment_status":"closed","ping_status":"closed","template":"","meta":{"footnotes":""},"class_list":["post-2875","page","type-page","status-publish","hentry"],"_links":{"self":[{"href":"https:\/\/vezelay.eu\/f\/wp-json\/wp\/v2\/pages\/2875","targetHints":{"allow":["GET"]}}],"collection":[{"href":"https:\/\/vezelay.eu\/f\/wp-json\/wp\/v2\/pages"}],"about":[{"href":"https:\/\/vezelay.eu\/f\/wp-json\/wp\/v2\/types\/page"}],"author":[{"embeddable":true,"href":"https:\/\/vezelay.eu\/f\/wp-json\/wp\/v2\/users\/1"}],"replies":[{"embeddable":true,"href":"https:\/\/vezelay.eu\/f\/wp-json\/wp\/v2\/comments?post=2875"}],"version-history":[{"count":119,"href":"https:\/\/vezelay.eu\/f\/wp-json\/wp\/v2\/pages\/2875\/revisions"}],"predecessor-version":[{"id":2332826,"href":"https:\/\/vezelay.eu\/f\/wp-json\/wp\/v2\/pages\/2875\/revisions\/2332826"}],"wp:attachment":[{"href":"https:\/\/vezelay.eu\/f\/wp-json\/wp\/v2\/media?parent=2875"}],"curies":[{"name":"wp","href":"https:\/\/api.w.org\/{rel}","templated":true}]}}