{"id":1809,"date":"2018-10-03T14:37:12","date_gmt":"2018-10-03T14:37:12","guid":{"rendered":"https:\/\/vezelay.eu\/d\/?page_id=1809"},"modified":"2021-04-24T14:20:02","modified_gmt":"2021-04-24T14:20:02","slug":"manger","status":"publish","type":"page","link":"https:\/\/vezelay.eu\/f\/manger\/","title":{"rendered":"Manger"},"content":{"rendered":"<div id=\"pl-1809\"  class=\"panel-layout\" ><div id=\"pg-1809-0\"  class=\"panel-grid panel-has-style\" ><div class=\"siteorigin-panels-stretch panel-row-style panel-row-style-for-1809-0\" data-stretch-type=\"full-stretched\" ><div id=\"pgc-1809-0-0\"  class=\"panel-grid-cell panel-grid-cell-empty\" ><\/div><div id=\"pgc-1809-0-1\"  class=\"panel-grid-cell panel-grid-cell-empty panel-grid-cell-mobile-last\" ><\/div><div id=\"pgc-1809-0-2\"  class=\"panel-grid-cell panel-grid-cell-empty\" ><\/div><\/div><\/div><div id=\"pg-1809-1\"  class=\"panel-grid panel-has-style\" ><div class=\"siteorigin-panels-stretch panel-row-style panel-row-style-for-1809-1\" data-stretch-type=\"full-stretched\" ><div id=\"pgc-1809-1-0\"  class=\"panel-grid-cell panel-grid-cell-empty\" ><\/div><div id=\"pgc-1809-1-1\"  class=\"panel-grid-cell\" ><div id=\"panel-1809-1-1-0\" class=\"widget_text so-panel widget widget_custom_html panel-first-child panel-last-child\" data-index=\"0\" ><div class=\"widget_text panel-widget-style panel-widget-style-for-1809-1-1-0\" ><div class=\"textwidget custom-html-widget\"><iframe loading=\"lazy\" src=\"https:\/\/www.google.com\/maps\/d\/u\/0\/embed?mid=1o2QI-OgsCijgb3zJ7W4nfNpO27remm_H\" width=\"640\" height=\"480\"><\/iframe><\/div><\/div><\/div><\/div><div id=\"pgc-1809-1-2\"  class=\"panel-grid-cell panel-grid-cell-mobile-last\" ><div id=\"panel-1809-1-2-0\" class=\"so-panel widget widget_sow-editor panel-first-child panel-last-child\" data-index=\"1\" ><div class=\"panel-widget-style panel-widget-style-for-1809-1-2-0\" ><div\n\t\t\t\n\t\t\tclass=\"so-widget-sow-editor so-widget-sow-editor-base\"\n\t\t\t\n\t\t><h3 class=\"widget-title\">Cuisine bourguignonne<\/h3>\n<div class=\"siteorigin-widget-tinymce textwidget\">\n\t<p><span style=\"font-family: libre-baskerville; font-size: 13pt;\">A Saint P\u00e8re sous V\u00e9zelay, vous \u00eates au c\u0153ur de la Bourgogne, et donc au c\u0153ur du go\u00fbt fran\u00e7ais.<\/span><\/p>\n<p><span style=\"font-family: libre-baskerville; font-size: 13pt;\">Ils ont de d\u00e9licieux restaurants (voir carte), mais n'oubliez pas de visiter le <a href=\"https:\/\/boucheriedesaintpere.fr\/\" target=\"_blank\" rel=\"noopener\">boucherie-chacuterie local<\/a> au coin de la rue. C'est un professionnel avec les meilleures sp\u00e9cialit\u00e9s maison.<\/span><\/p>\n<p><span style=\"font-family: libre-baskerville; font-size: 13pt;\">Les points forts de la cuisine bourguignonne sont Jambon Persil\u00e9e, Oeufs Meurettes, Boeuf Bourgingon et Coq au Vin.<\/span><\/p>\n<p><span style=\"font-family: libre-baskerville; font-size: 13pt;\">Encore trois conseils : Dans les grands supermarch\u00e9s comme Auchan \u00e0 Avallon, le rayon poisson est abondant, frais et vari\u00e9. <\/span><\/p>\n<p><span style=\"font-family: libre-baskerville; font-size: 13pt;\">Essayez aussi le Cr\u00e9mant de Bourgogne - Champagne, mais \u00e0 un prix convivial.<\/span><\/p>\n<p><span style=\"font-family: libre-baskerville; font-size: 13pt;\">Egalement d\u00e9licieux : gigot d'agneau congel\u00e9, que l'on peut se procurer dans les supermarch\u00e9s. Sur le gril avec de la mayonnaise \u00e0 l'ail.<\/span><\/p>\n<p><span style=\"font-family: libre-baskerville; font-size: 13pt;\">Amusez-vous bien !<\/span><\/p>\n<\/div>\n<\/div><\/div><\/div><\/div><div id=\"pgc-1809-1-3\"  class=\"panel-grid-cell panel-grid-cell-empty\" ><\/div><\/div><\/div><div id=\"pg-1809-2\"  class=\"panel-grid panel-has-style\" ><div class=\"siteorigin-panels-stretch panel-row-style panel-row-style-for-1809-2\" data-stretch-type=\"full-stretched\" ><div id=\"pgc-1809-2-0\"  class=\"panel-grid-cell panel-grid-cell-empty\" ><\/div><div id=\"pgc-1809-2-1\"  class=\"panel-grid-cell panel-grid-cell-empty\" ><\/div><div id=\"pgc-1809-2-2\"  class=\"panel-grid-cell panel-grid-cell-empty panel-grid-cell-mobile-last\" ><\/div><div id=\"pgc-1809-2-3\"  class=\"panel-grid-cell panel-grid-cell-empty\" ><\/div><\/div><\/div><div id=\"pg-1809-3\"  class=\"panel-grid panel-no-style\" ><div id=\"pgc-1809-3-0\"  class=\"panel-grid-cell panel-grid-cell-empty panel-grid-cell-mobile-last\" ><\/div><div id=\"pgc-1809-3-1\"  class=\"panel-grid-cell panel-grid-cell-empty\" ><\/div><\/div><\/div>","protected":false},"excerpt":{"rendered":"<p>A Saint P\u00e8re sous V\u00e9zelay, vous \u00eates au c\u0153ur de la Bourgogne, et donc au c\u0153ur du go\u00fbt fran\u00e7ais. Ils ont de d\u00e9licieux restaurants (voir carte), mais n&rsquo;oubliez pas de visiter le boucherie-chacuterie local au coin de la rue. C&rsquo;est un professionnel avec les meilleures sp\u00e9cialit\u00e9s maison. Les points forts de la cuisine bourguignonne sont &hellip; <\/p>\n<p class=\"link-more\"><a href=\"https:\/\/vezelay.eu\/f\/manger\/\" class=\"more-link\">Continuer la lecture<span class=\"screen-reader-text\"> de &laquo;&nbsp;Manger&nbsp;&raquo;<\/span><\/a><\/p>\n","protected":false},"author":1,"featured_media":0,"parent":0,"menu_order":0,"comment_status":"closed","ping_status":"closed","template":"","meta":{"footnotes":""},"class_list":["post-1809","page","type-page","status-publish","hentry"],"_links":{"self":[{"href":"https:\/\/vezelay.eu\/f\/wp-json\/wp\/v2\/pages\/1809","targetHints":{"allow":["GET"]}}],"collection":[{"href":"https:\/\/vezelay.eu\/f\/wp-json\/wp\/v2\/pages"}],"about":[{"href":"https:\/\/vezelay.eu\/f\/wp-json\/wp\/v2\/types\/page"}],"author":[{"embeddable":true,"href":"https:\/\/vezelay.eu\/f\/wp-json\/wp\/v2\/users\/1"}],"replies":[{"embeddable":true,"href":"https:\/\/vezelay.eu\/f\/wp-json\/wp\/v2\/comments?post=1809"}],"version-history":[{"count":78,"href":"https:\/\/vezelay.eu\/f\/wp-json\/wp\/v2\/pages\/1809\/revisions"}],"predecessor-version":[{"id":2332099,"href":"https:\/\/vezelay.eu\/f\/wp-json\/wp\/v2\/pages\/1809\/revisions\/2332099"}],"wp:attachment":[{"href":"https:\/\/vezelay.eu\/f\/wp-json\/wp\/v2\/media?parent=1809"}],"curies":[{"name":"wp","href":"https:\/\/api.w.org\/{rel}","templated":true}]}}