{"id":354,"date":"2018-09-16T19:25:22","date_gmt":"2018-09-16T19:25:22","guid":{"rendered":"https:\/\/vezelay.eu\/d\/?page_id=354"},"modified":"2021-11-12T06:42:08","modified_gmt":"2021-11-12T06:42:08","slug":"sabbatical","status":"publish","type":"page","link":"https:\/\/vezelay.eu\/e\/sabbatical\/","title":{"rendered":"Sabbatical"},"content":{"rendered":"<div id=\"pl-354\"  class=\"panel-layout\" ><div id=\"pg-354-0\"  class=\"panel-grid panel-no-style\" ><div id=\"pgc-354-0-0\"  class=\"panel-grid-cell panel-grid-cell-empty panel-grid-cell-mobile-last\" ><\/div><div id=\"pgc-354-0-1\"  class=\"panel-grid-cell panel-grid-cell-empty\" ><\/div><\/div><div id=\"pg-354-1\"  class=\"panel-grid panel-has-style\" ><div class=\"siteorigin-panels-stretch panel-row-style panel-row-style-for-354-1\" data-stretch-type=\"full-stretched\" ><div id=\"pgc-354-1-0\"  class=\"panel-grid-cell panel-grid-cell-empty\" ><\/div><div id=\"pgc-354-1-1\"  class=\"panel-grid-cell\" ><div id=\"panel-354-1-1-0\" class=\"so-panel widget widget_metaslider_widget panel-first-child panel-last-child\" data-index=\"0\" ><div id=\"metaslider-id-2343\" style=\"width: 100%;\" class=\"ml-slider-3-107-0 metaslider metaslider-flex metaslider-2343 ml-slider has-dots-nav has-carousel-mode ms-theme-default\" role=\"region\" aria-label=\"sabbatical\" data-height=\"920\" data-width=\"1280\">\n    <div id=\"metaslider_container_2343\">\n        <div id=\"metaslider_2343\">\n            <ul class='slides'>\n                <li style=\"display: none; width: 100%;\" class=\"slide-2414 ms-image \" aria-roledescription=\"slide\" data-date=\"2018-10-07 09:12:41\" data-filename=\"20180502_212944-1280x920.jpg\" data-slide-type=\"image\"><img loading=\"lazy\" decoding=\"async\" src=\"https:\/\/vezelay.eu\/e\/wp-content\/uploads\/2018\/10\/20180502_212944-1280x920.jpg\" height=\"920\" width=\"1280\" alt=\"\" class=\"slider-2343 slide-2414 msDefaultImage\" \/><\/li>\n                <li style=\"display: none; width: 100%;\" class=\"slide-3063 ms-image \" aria-roledescription=\"slide\" data-date=\"2018-11-06 09:42:22\" data-filename=\"sabbatical-1-e-1280x920.jpg\" data-slide-type=\"image\"><img loading=\"lazy\" decoding=\"async\" src=\"https:\/\/vezelay.eu\/e\/wp-content\/uploads\/2018\/11\/sabbatical-1-e-1280x920.jpg\" height=\"920\" width=\"1280\" alt=\"\" class=\"slider-2343 slide-3063 msDefaultImage\" \/><\/li>\n            <\/ul>\n        <\/div>\n        \n    <\/div>\n<\/div><\/div><\/div><div id=\"pgc-354-1-2\"  class=\"panel-grid-cell panel-grid-cell-mobile-last\" ><div id=\"panel-354-1-2-0\" class=\"so-panel widget widget_metaslider_widget panel-first-child panel-last-child\" data-index=\"1\" ><div id=\"metaslider-id-2304\" style=\"width: 100%;\" class=\"ml-slider-3-107-0 metaslider metaslider-flex metaslider-2304 ml-slider has-dots-nav has-carousel-mode ms-theme-default\" role=\"region\" aria-label=\"seizoenen\" data-height=\"920\" data-width=\"1280\">\n    <div id=\"metaslider_container_2304\">\n        <div id=\"metaslider_2304\">\n            <ul class='slides'>\n                <li style=\"display: none; width: 100%;\" class=\"slide-2336 ms-image \" aria-roledescription=\"slide\" data-date=\"2018-10-06 12:00:33\" data-filename=\"p5021921-A.jpg\" data-slide-type=\"image\"><img loading=\"lazy\" decoding=\"async\" src=\"https:\/\/vezelay.eu\/e\/wp-content\/uploads\/2018\/10\/p5021921-A.jpg\" height=\"920\" width=\"1280\" alt=\"\" class=\"slider-2304 slide-2336 msDefaultImage\" \/><\/li>\n                <li style=\"display: none; width: 100%;\" class=\"slide-2337 ms-image \" aria-roledescription=\"slide\" data-date=\"2018-10-06 12:00:33\" data-filename=\"pc040343-A.jpg\" data-slide-type=\"image\"><img loading=\"lazy\" decoding=\"async\" src=\"https:\/\/vezelay.eu\/e\/wp-content\/uploads\/2018\/10\/pc040343-A.jpg\" height=\"920\" width=\"1280\" alt=\"\" class=\"slider-2304 slide-2337 msDefaultImage\" \/><\/li>\n                <li style=\"display: none; width: 100%;\" class=\"slide-2338 ms-image \" aria-roledescription=\"slide\" data-date=\"2018-10-06 12:00:33\" data-filename=\"SDC15196-A.jpg\" data-slide-type=\"image\"><img loading=\"lazy\" decoding=\"async\" src=\"https:\/\/vezelay.eu\/e\/wp-content\/uploads\/2018\/10\/SDC15196-A.jpg\" height=\"920\" width=\"1280\" alt=\"\" class=\"slider-2304 slide-2338 msDefaultImage\" \/><\/li>\n            <\/ul>\n        <\/div>\n        \n    <\/div>\n<\/div><\/div><\/div><div id=\"pgc-354-1-3\"  class=\"panel-grid-cell panel-grid-cell-empty\" ><\/div><\/div><\/div><div id=\"pg-354-2\"  class=\"panel-grid panel-has-style\" ><div class=\"siteorigin-panels-stretch panel-row-style panel-row-style-for-354-2\" data-stretch-type=\"full-stretched\" ><div id=\"pgc-354-2-0\"  class=\"panel-grid-cell panel-grid-cell-empty\" ><\/div><div id=\"pgc-354-2-1\"  class=\"panel-grid-cell\" ><div id=\"panel-354-2-1-0\" class=\"so-panel widget widget_media_image panel-first-child panel-last-child\" data-index=\"2\" ><img loading=\"lazy\" decoding=\"async\" width=\"1280\" height=\"950\" src=\"https:\/\/vezelay.eu\/e\/wp-content\/uploads\/2018\/11\/28.jpg\" class=\"image wp-image-3042  attachment-full size-full\" alt=\"\" style=\"max-width: 100%; height: auto;\" srcset=\"https:\/\/vezelay.eu\/e\/wp-content\/uploads\/2018\/11\/28.jpg 1280w, https:\/\/vezelay.eu\/e\/wp-content\/uploads\/2018\/11\/28-600x445.jpg 600w, https:\/\/vezelay.eu\/e\/wp-content\/uploads\/2018\/11\/28-768x570.jpg 768w, https:\/\/vezelay.eu\/e\/wp-content\/uploads\/2018\/11\/28-700x520.jpg 700w\" sizes=\"auto, 100vw\" \/><\/div><\/div><div id=\"pgc-354-2-2\"  class=\"panel-grid-cell panel-grid-cell-mobile-last\" ><div id=\"panel-354-2-2-0\" class=\"so-panel widget widget_metaslider_widget panel-first-child panel-last-child\" data-index=\"3\" ><div id=\"metaslider-id-3037\" style=\"width: 100%;\" class=\"ml-slider-3-107-0 metaslider metaslider-flex metaslider-3037 ml-slider has-dots-nav has-carousel-mode ms-theme-default\" role=\"region\" aria-label=\"Sabbatical2\" data-height=\"920\" data-width=\"1280\">\n    <div id=\"metaslider_container_3037\">\n        <div id=\"metaslider_3037\">\n            <ul class='slides'>\n                <li style=\"display: none; width: 100%;\" class=\"slide-3062 ms-image \" aria-roledescription=\"slide\" data-date=\"2018-11-06 09:41:39\" data-filename=\"sabbatical2-e.jpg\" data-slide-type=\"image\"><img loading=\"lazy\" decoding=\"async\" src=\"https:\/\/vezelay.eu\/e\/wp-content\/uploads\/2018\/11\/sabbatical2-e.jpg\" height=\"920\" width=\"1280\" alt=\"\" class=\"slider-3037 slide-3062 msDefaultImage\" \/><\/li>\n            <\/ul>\n        <\/div>\n        \n    <\/div>\n<\/div><\/div><\/div><div id=\"pgc-354-2-3\"  class=\"panel-grid-cell panel-grid-cell-empty\" ><\/div><\/div><\/div><div id=\"pg-354-3\"  class=\"panel-grid panel-has-style\" ><div class=\"siteorigin-panels-stretch panel-row-style panel-row-style-for-354-3\" data-stretch-type=\"full-stretched\" ><div id=\"pgc-354-3-0\"  class=\"panel-grid-cell panel-grid-cell-empty\" ><\/div><div id=\"pgc-354-3-1\"  class=\"panel-grid-cell panel-grid-cell-mobile-last\" ><div id=\"panel-354-3-1-0\" class=\"so-panel widget widget_media_audio panel-first-child panel-last-child\" data-index=\"4\" ><h3 class=\"widget-title\">Song from the daily mass of the brothers and sisters of Jerusalem in V\u00e9zelay<\/h3><!--[if lt IE 9]><script>document.createElement('audio');<\/script><![endif]-->\n<audio class=\"wp-audio-shortcode\" id=\"audio-354-1\" preload=\"none\" style=\"width: 100%;\" controls=\"controls\"><source type=\"audio\/mpeg\" src=\"https:\/\/vezelay.eu\/d\/inhoud\/01%20Vezelay%20openingslied.m4a?_=1\" \/><source type=\"audio\/mpeg\" src=\"https:\/\/vezelay.eu\/d\/inhoud\/01%20Vezelay%20openingslied.m4a?_=1\" \/><a href=\"https:\/\/vezelay.eu\/d\/inhoud\/01%20Vezelay%20openingslied.m4a\">https:\/\/vezelay.eu\/d\/inhoud\/01%20Vezelay%20openingslied.m4a<\/a><\/audio><\/div><\/div><div id=\"pgc-354-3-2\"  class=\"panel-grid-cell panel-grid-cell-empty\" ><\/div><\/div><\/div><div id=\"pg-354-4\"  class=\"panel-grid panel-has-style\" ><div class=\"siteorigin-panels-stretch panel-row-style panel-row-style-for-354-4\" data-stretch-type=\"full-stretched\" ><div id=\"pgc-354-4-0\"  class=\"panel-grid-cell panel-grid-cell-empty\" ><\/div><div id=\"pgc-354-4-1\"  class=\"panel-grid-cell\" ><div id=\"panel-354-4-1-0\" class=\"so-panel widget widget_sow-editor panel-first-child panel-last-child\" data-index=\"5\" ><div\n\t\t\t\n\t\t\tclass=\"so-widget-sow-editor so-widget-sow-editor-base\"\n\t\t\t\n\t\t>\n<div class=\"siteorigin-widget-tinymce textwidget\">\n\t<p style=\"text-align: center;\"><span style=\"font-family: libre-baskerville; font-size: 13pt;\">Besides the summer, the church and its crypt is often up to you alone. During the week that you stay in Saint-P\u00e8re, you can go to V\u00e9zelay as much or little as you wish. Walks tend to end automatically in V\u00e9zelay, where you can visit the church and its crypt or one of the other beautiful religious places. Those places in and around the Madeleine offer plenty of inspiration for those seeking sense and quietness. Just outside V\u00e9zelay, on the slope towards Asquins, lies the medieval chapel of the Franciscans. The doors are always open. Once upon a time the place of the cross next to it was a meeting place for crusaders who went on their way to 'the promised land'.<\/span><\/p>\n<\/div>\n<\/div><\/div><\/div><div id=\"pgc-354-4-2\"  class=\"panel-grid-cell panel-grid-cell-mobile-last\" ><div id=\"panel-354-4-2-0\" class=\"so-panel widget widget_sow-editor panel-first-child panel-last-child\" data-index=\"6\" ><div\n\t\t\t\n\t\t\tclass=\"so-widget-sow-editor so-widget-sow-editor-base\"\n\t\t\t\n\t\t>\n<div class=\"siteorigin-widget-tinymce textwidget\">\n\t<p style=\"text-align: center;\"><span style=\"font-family: libre-baskerville; font-size: 13pt;\">This church is built as a symbolic universe, irreverently said, a medieval kind of reli-disney. The symbolism is not only experienced by discovering and deciphering it, but also by letting it affect you and by determining your relationship to it. By going inside and experiencing the symbolism, you become part of the geometric play of symbols. V\u00e9zelay is a journey of discovery, a pilgrimage around a place that little by little reveals its secrets. You will learn something about our medieval ancestors, about religion, and about life itself. V\u00e9zelay attracts believers and non-believers - because you don't have to believe anything to experience something of the religious in V\u00e9zelay. More about this <a href=\"http:\/\/koertvandervelde.nl\/flirtenmetgod.nl\" target=\"_blank\" rel=\"noopener\">here<\/a>.<\/span><\/p>\n<\/div>\n<\/div><\/div><\/div><div id=\"pgc-354-4-3\"  class=\"panel-grid-cell panel-grid-cell-empty\" ><\/div><\/div><\/div><div id=\"pg-354-5\"  class=\"panel-grid panel-has-style\" ><div class=\"siteorigin-panels-stretch panel-row-style panel-row-style-for-354-5\" data-stretch-type=\"full-stretched\" ><div id=\"pgc-354-5-0\"  class=\"panel-grid-cell\" ><div id=\"panel-354-5-0-0\" class=\"so-panel widget widget_media_image panel-first-child panel-last-child\" data-index=\"7\" ><img loading=\"lazy\" decoding=\"async\" width=\"2048\" height=\"1536\" src=\"https:\/\/vezelay.eu\/e\/wp-content\/uploads\/2018\/10\/herfst.jpg\" class=\"image wp-image-1675  attachment-full size-full\" alt=\"\" style=\"max-width: 100%; height: auto;\" srcset=\"https:\/\/vezelay.eu\/e\/wp-content\/uploads\/2018\/10\/herfst.jpg 2048w, https:\/\/vezelay.eu\/e\/wp-content\/uploads\/2018\/10\/herfst-600x450.jpg 600w, https:\/\/vezelay.eu\/e\/wp-content\/uploads\/2018\/10\/herfst-768x576.jpg 768w, https:\/\/vezelay.eu\/e\/wp-content\/uploads\/2018\/10\/herfst-700x525.jpg 700w\" sizes=\"auto, 100vw\" \/><\/div><\/div><\/div><\/div><div id=\"pg-354-6\"  class=\"panel-grid panel-has-style\" ><div class=\"siteorigin-panels-stretch panel-row-style panel-row-style-for-354-6\" data-stretch-type=\"full-stretched\" ><div id=\"pgc-354-6-0\"  class=\"panel-grid-cell panel-grid-cell-empty\" ><\/div><div id=\"pgc-354-6-1\"  class=\"panel-grid-cell panel-grid-cell-mobile-last\" ><div id=\"panel-354-6-1-0\" class=\"so-panel widget widget_sow-editor panel-first-child panel-last-child\" data-index=\"8\" ><div\n\t\t\t\n\t\t\tclass=\"so-widget-sow-editor so-widget-sow-editor-base\"\n\t\t\t\n\t\t>\n<div class=\"siteorigin-widget-tinymce textwidget\">\n\t<p style=\"text-align: center;\"><span style=\"font-family: libre-baskerville; font-size: 13pt;\">V\u00c9ZELAY<\/span><\/p>\n<p style=\"text-align: center;\"><span style=\"font-family: libre-baskerville; font-size: 13pt;\">by GUILLAUME VAN DER GRAFT<\/span><\/p>\n<p style=\"text-align: center;\"><span style=\"font-family: libre-baskerville; font-size: 13pt;\">What I still know about V\u00e9zelay<\/span><br \/>\n<span style=\"font-family: libre-baskerville; font-size: 13pt;\">I was there fourteen years ago,<\/span><br \/>\n<span style=\"font-family: libre-baskerville; font-size: 13pt;\">I slept in a bed with copper buttons,<\/span><br \/>\n<span style=\"font-family: libre-baskerville; font-size: 13pt;\">The street ran up with sloppy stones.<\/span><\/p>\n<p style=\"text-align: center;\"><span style=\"font-family: libre-baskerville; font-size: 13pt;\">Behind the walls lived smells<\/span><br \/>\n<span style=\"font-family: libre-baskerville; font-size: 13pt;\">of wood, hay and bread, a French summer,<\/span><br \/>\n<span style=\"font-family: libre-baskerville; font-size: 13pt;\">at the end of the street as<\/span><br \/>\n<span style=\"font-family: libre-baskerville; font-size: 13pt;\">a head on a neck,<\/span><br \/>\n<span style=\"font-family: libre-baskerville; font-size: 13pt;\">Noble skull, dilapidated mind house,<\/span><br \/>\n<span style=\"font-family: libre-baskerville; font-size: 13pt;\">a brain shell:<\/span><br \/>\n<span style=\"font-family: libre-baskerville; font-size: 13pt;\">The church.<\/span><\/p>\n<p style=\"text-align: center;\"><span style=\"font-family: libre-baskerville; font-size: 13pt;\">Around: the mountains at a distance<\/span><br \/>\n<span style=\"font-family: libre-baskerville; font-size: 13pt;\">with so many t<span style=\"color: #000000;\">rees on the feet<\/span><\/span><br \/>\n<span style=\"font-family: libre-baskerville; font-size: 13pt;\">flowing through the valley along the slopes<\/span><br \/>\n<span style=\"font-family: libre-baskerville; font-size: 13pt;\">as medieval times full of pilgrims.<\/span><\/p>\n<p style=\"text-align: center;\"><span style=\"font-family: libre-baskerville; font-size: 13pt;\">I should live there for a long autumn.<\/span><br \/>\n<span style=\"font-family: libre-baskerville; font-size: 13pt;\">as an ex libris in a book,<\/span><br \/>\n<span style=\"font-family: libre-baskerville; font-size: 13pt;\">for the window of a room with copper buttons<\/span><br \/>\n<span style=\"font-family: libre-baskerville; font-size: 13pt;\">a reading room in hotel de la poste<\/span><\/p>\n<p style=\"text-align: center;\"><span style=\"font-family: libre-baskerville; font-size: 13pt;\">To hear the memory<\/span><br \/>\n<span style=\"font-family: libre-baskerville; font-size: 13pt;\">between the arches and the trees,<\/span><br \/>\n<span style=\"font-family: libre-baskerville; font-size: 13pt;\">to see the forests slowly discolour,<\/span><br \/>\n<span style=\"font-family: libre-baskerville; font-size: 13pt;\">let the earth speak out<\/span><\/p>\n<p style=\"text-align: center;\"><span style=\"font-family: libre-baskerville; font-size: 13pt;\">and answer on paper.<\/span><\/p>\n<\/div>\n<\/div><\/div><\/div><div id=\"pgc-354-6-2\"  class=\"panel-grid-cell panel-grid-cell-empty\" ><\/div><\/div><\/div><div id=\"pg-354-7\"  class=\"panel-grid panel-no-style\" ><div id=\"pgc-354-7-0\"  class=\"panel-grid-cell panel-grid-cell-empty panel-grid-cell-mobile-last\" ><\/div><div id=\"pgc-354-7-1\"  class=\"panel-grid-cell panel-grid-cell-empty\" ><\/div><\/div><\/div>","protected":false},"excerpt":{"rendered":"<p>Song from the daily mass of the brothers and sisters of Jerusalem in V\u00e9zelayhttps:\/\/vezelay.eu\/d\/inhoud\/01%20Vezelay%20openingslied.m4a Besides the summer, the church and its crypt is often up to you alone. During the week that you stay in Saint-P\u00e8re, you can go to V\u00e9zelay as much or little as you wish. Walks tend to end automatically in V\u00e9zelay, &hellip; <\/p>\n<p class=\"link-more\"><a href=\"https:\/\/vezelay.eu\/e\/sabbatical\/\" class=\"more-link\">Continue reading<span class=\"screen-reader-text\"> &#8220;Sabbatical&#8221;<\/span><\/a><\/p>\n","protected":false},"author":1,"featured_media":0,"parent":0,"menu_order":0,"comment_status":"closed","ping_status":"closed","template":"","meta":{"footnotes":""},"class_list":["post-354","page","type-page","status-publish","hentry"],"_links":{"self":[{"href":"https:\/\/vezelay.eu\/e\/wp-json\/wp\/v2\/pages\/354","targetHints":{"allow":["GET"]}}],"collection":[{"href":"https:\/\/vezelay.eu\/e\/wp-json\/wp\/v2\/pages"}],"about":[{"href":"https:\/\/vezelay.eu\/e\/wp-json\/wp\/v2\/types\/page"}],"author":[{"embeddable":true,"href":"https:\/\/vezelay.eu\/e\/wp-json\/wp\/v2\/users\/1"}],"replies":[{"embeddable":true,"href":"https:\/\/vezelay.eu\/e\/wp-json\/wp\/v2\/comments?post=354"}],"version-history":[{"count":112,"href":"https:\/\/vezelay.eu\/e\/wp-json\/wp\/v2\/pages\/354\/revisions"}],"predecessor-version":[{"id":5460,"href":"https:\/\/vezelay.eu\/e\/wp-json\/wp\/v2\/pages\/354\/revisions\/5460"}],"wp:attachment":[{"href":"https:\/\/vezelay.eu\/e\/wp-json\/wp\/v2\/media?parent=354"}],"curies":[{"name":"wp","href":"https:\/\/api.w.org\/{rel}","templated":true}]}}