{"id":351,"date":"2018-09-16T19:25:09","date_gmt":"2018-09-16T19:25:09","guid":{"rendered":"https:\/\/vezelay.eu\/d\/?page_id=351"},"modified":"2020-06-08T14:24:30","modified_gmt":"2020-06-08T14:24:30","slug":"surroundings","status":"publish","type":"page","link":"https:\/\/vezelay.eu\/e\/surroundings\/","title":{"rendered":"Surroundings"},"content":{"rendered":"<div id=\"pl-351\"  class=\"panel-layout\" ><div id=\"pg-351-0\"  class=\"panel-grid panel-has-style\" ><div class=\"siteorigin-panels-stretch panel-row-style panel-row-style-for-351-0\" data-stretch-type=\"full-stretched\" ><div id=\"pgc-351-0-0\"  class=\"panel-grid-cell panel-grid-cell-mobile-last\" ><div id=\"panel-351-0-0-0\" class=\"so-panel widget widget_sow-editor panel-first-child panel-last-child\" data-index=\"0\" ><div\n\t\t\t\n\t\t\tclass=\"so-widget-sow-editor so-widget-sow-editor-base\"\n\t\t\t\n\t\t>\n<div class=\"siteorigin-widget-tinymce textwidget\">\n\t<\/div>\n<\/div><\/div><\/div><div id=\"pgc-351-0-1\"  class=\"panel-grid-cell panel-grid-cell-empty\" ><\/div><\/div><\/div><div id=\"pg-351-1\"  class=\"panel-grid panel-has-style\" ><div class=\"siteorigin-panels-stretch panel-row-style panel-row-style-for-351-1\" data-stretch-type=\"full-stretched\" ><div id=\"pgc-351-1-0\"  class=\"panel-grid-cell panel-grid-cell-empty\" ><\/div><div id=\"pgc-351-1-1\"  class=\"panel-grid-cell\" ><div id=\"panel-351-1-1-0\" class=\"so-panel widget widget_metaslider_widget panel-first-child panel-last-child\" data-index=\"1\" ><h3 class=\"widget-title\">Saint P\u00e8re sous V\u00e9zelay<\/h3><div id=\"metaslider-id-1258\" style=\"width: 100%;\" class=\"ml-slider-3-108-0 metaslider metaslider-flex metaslider-1258 ml-slider has-dots-nav has-carousel-mode ms-theme-default\" role=\"region\" aria-label=\"Saint Pere\" data-height=\"820\" data-width=\"1280\">\n    <div id=\"metaslider_container_1258\">\n        <div id=\"metaslider_1258\">\n            <ul class='slides'>\n                <li style=\"display: none; width: 100%;\" class=\"slide-1261 ms-image \" aria-roledescription=\"slide\" data-date=\"2018-09-30 13:07:37\" data-filename=\"SDC11714-1123x720.jpg\" data-slide-type=\"image\"><img loading=\"lazy\" decoding=\"async\" src=\"https:\/\/vezelay.eu\/e\/wp-content\/uploads\/2018\/09\/SDC11714-1123x720.jpg\" height=\"820\" width=\"1280\" alt=\"\" class=\"slider-1258 slide-1261 msDefaultImage\" \/><div class=\"caption-wrap\"><div class=\"caption\"><p style=\"font-family:'libre-baskerville';font-size:13pt;background:#FFFFFF;color:#000000;\">Saint-P\u00e8re (350 inhabitants) is famous for its 800 year old church.<\/p><\/div><\/div><\/li>\n                <li style=\"display: none; width: 100%;\" class=\"slide-2562 ms-image \" aria-roledescription=\"slide\" data-date=\"2018-10-09 17:03:54\" data-filename=\"SDC11700-1123x720.jpg\" data-slide-type=\"image\"><img loading=\"lazy\" decoding=\"async\" src=\"https:\/\/vezelay.eu\/e\/wp-content\/uploads\/2018\/10\/SDC11700-1123x720.jpg\" height=\"820\" width=\"1280\" alt=\"\" class=\"slider-1258 slide-2562 msDefaultImage\" \/><div class=\"caption-wrap\"><div class=\"caption\"><p style=\"font-family:'libre-baskerville';font-size:13pt;background:#FFFFFF;color:#000000;\">It has not been possible to outdo V\u00e9zelay, but the church is still exceptional.<\/p><\/div><\/div><\/li>\n                <li style=\"display: none; width: 100%;\" class=\"slide-1259 ms-image \" aria-roledescription=\"slide\" data-date=\"2018-09-30 13:06:22\" data-filename=\"stperestpierre89-3-1123x720.jpg\" data-slide-type=\"image\"><img loading=\"lazy\" decoding=\"async\" src=\"https:\/\/vezelay.eu\/e\/wp-content\/uploads\/2018\/09\/stperestpierre89-3-1123x720.jpg\" height=\"820\" width=\"1280\" alt=\"\" class=\"slider-1258 slide-1259 msDefaultImage\" \/><div class=\"caption-wrap\"><div class=\"caption\"><p style=\"font-family:'libre-baskerville';font-size:13pt;background:#FFFFFF;color:#000000;\">The first monastery from 858, destroyed by Normans.<\/p><\/div><\/div><\/li>\n                <li style=\"display: none; width: 100%;\" class=\"slide-2561 ms-image \" aria-roledescription=\"slide\" data-date=\"2018-10-09 17:03:41\" data-filename=\"SDC11711-1123x720.jpg\" data-slide-type=\"image\"><img loading=\"lazy\" decoding=\"async\" src=\"https:\/\/vezelay.eu\/e\/wp-content\/uploads\/2018\/10\/SDC11711-1123x720.jpg\" height=\"820\" width=\"1280\" alt=\"\" class=\"slider-1258 slide-2561 msDefaultImage\" \/><\/li>\n            <\/ul>\n        <\/div>\n        \n    <\/div>\n<\/div><\/div><\/div><div id=\"pgc-351-1-2\"  class=\"panel-grid-cell panel-grid-cell-mobile-last\" ><div id=\"panel-351-1-2-0\" class=\"so-panel widget widget_metaslider_widget panel-first-child panel-last-child\" data-index=\"2\" ><h3 class=\"widget-title\">Les Fontaines Sal\u00e9es<\/h3><div id=\"metaslider-id-1265\" style=\"width: 100%;\" class=\"ml-slider-3-108-0 metaslider metaslider-flex metaslider-1265 ml-slider has-dots-nav has-carousel-mode ms-theme-default\" role=\"region\" aria-label=\"Fontaines\" data-height=\"820\" data-width=\"1280\">\n    <div id=\"metaslider_container_1265\">\n        <div id=\"metaslider_1265\">\n            <ul class='slides'>\n                <li style=\"display: none; width: 100%;\" class=\"slide-1266 ms-image \" aria-roledescription=\"slide\" data-date=\"2018-09-30 13:19:30\" data-filename=\"Clipboard01-1-1123x720.jpg\" data-slide-type=\"image\"><img loading=\"lazy\" decoding=\"async\" src=\"https:\/\/vezelay.eu\/e\/wp-content\/uploads\/2018\/09\/Clipboard01-1-1123x720.jpg\" height=\"820\" width=\"1280\" alt=\"\" class=\"slider-1265 slide-1266 msDefaultImage\" \/><div class=\"caption-wrap\"><div class=\"caption\"><p style=\"font-family:'libre-baskerville';font-size:13pt;background:#FFFFFF;color:#000000;\">Outside Saint P\u00e8re there are medicinal springs. The Celts worshipped here the goddess Sulis, the Romans Minerva. The Celtic sanctuary and the Roman bathhouse have been excavated.<\/p><\/div><\/div><\/li>\n                <li style=\"display: none; width: 100%;\" class=\"slide-2560 ms-image \" aria-roledescription=\"slide\" data-date=\"2018-10-09 17:03:16\" data-filename=\"bassinfontaines-salees-1123x720.jpg\" data-slide-type=\"image\"><img loading=\"lazy\" decoding=\"async\" src=\"https:\/\/vezelay.eu\/e\/wp-content\/uploads\/2018\/10\/bassinfontaines-salees-1123x720.jpg\" height=\"820\" width=\"1280\" alt=\"\" class=\"slider-1265 slide-2560 msDefaultImage\" \/><div class=\"caption-wrap\"><div class=\"caption\"><p style=\"font-family:'libre-baskerville';font-size:13pt;background:#FFFFFF;color:#000000;\">The spring water, slightly radioactive and containing iodine, is still considered curative.<\/p><\/div><\/div><\/li>\n            <\/ul>\n        <\/div>\n        \n    <\/div>\n<\/div><\/div><\/div><div id=\"pgc-351-1-3\"  class=\"panel-grid-cell panel-grid-cell-empty\" ><\/div><\/div><\/div><div id=\"pg-351-2\"  class=\"panel-grid panel-has-style\" ><div class=\"siteorigin-panels-stretch panel-row-style panel-row-style-for-351-2\" data-stretch-type=\"full-stretched\" ><div id=\"pgc-351-2-0\"  class=\"panel-grid-cell panel-grid-cell-empty\" ><\/div><div id=\"pgc-351-2-1\"  class=\"panel-grid-cell\" ><div id=\"panel-351-2-1-0\" class=\"so-panel widget widget_metaslider_widget panel-first-child panel-last-child\" data-index=\"3\" ><h3 class=\"widget-title\">V\u00e9zelay<\/h3><div id=\"metaslider-id-1270\" style=\"width: 100%;\" class=\"ml-slider-3-108-0 metaslider metaslider-flex metaslider-1270 ml-slider has-dots-nav has-carousel-mode ms-theme-default\" role=\"region\" aria-label=\"Vezelay\" data-height=\"820\" data-width=\"1280\">\n    <div id=\"metaslider_container_1270\">\n        <div id=\"metaslider_1270\">\n            <ul class='slides'>\n                <li style=\"display: none; width: 100%;\" class=\"slide-1271 ms-image \" aria-roledescription=\"slide\" data-date=\"2018-09-30 13:30:38\" data-filename=\"vezelay1-1-1123x720.jpg\" data-slide-type=\"image\"><img loading=\"lazy\" decoding=\"async\" src=\"https:\/\/vezelay.eu\/e\/wp-content\/uploads\/2018\/09\/vezelay1-1-1123x720.jpg\" height=\"820\" width=\"1280\" alt=\"\" class=\"slider-1270 slide-1271 msDefaultImage\" title=\"vezelay1\" \/><div class=\"caption-wrap\"><div class=\"caption\"><p style=\"font-family:'libre-baskerville';font-size:13pt;background:#FFFFFF;color:#000000;\">V\u00e9zelay lies on the 300 meter high 'Scorpion Hill'.<\/p><\/div><\/div><\/li>\n                <li style=\"display: none; width: 100%;\" class=\"slide-2563 ms-image \" aria-roledescription=\"slide\" data-date=\"2018-10-09 17:04:18\" data-filename=\"05_vezelay_vuegenerale-1280x820.jpg\" data-slide-type=\"image\"><img loading=\"lazy\" decoding=\"async\" src=\"https:\/\/vezelay.eu\/e\/wp-content\/uploads\/2018\/10\/05_vezelay_vuegenerale-1280x820.jpg\" height=\"820\" width=\"1280\" alt=\"\" class=\"slider-1270 slide-2563 msDefaultImage\" \/><\/li>\n                <li style=\"display: none; width: 100%;\" class=\"slide-2564 ms-image \" aria-roledescription=\"slide\" data-date=\"2018-10-09 17:04:28\" data-filename=\"poort-1123x720.jpg\" data-slide-type=\"image\"><img loading=\"lazy\" decoding=\"async\" src=\"https:\/\/vezelay.eu\/e\/wp-content\/uploads\/2018\/10\/poort-1123x720.jpg\" height=\"820\" width=\"1280\" alt=\"\" class=\"slider-1270 slide-2564 msDefaultImage\" \/><div class=\"caption-wrap\"><div class=\"caption\"><p style=\"font-family:'libre-baskerville';font-size:13pt;background:#FFFFFF;color:#000000;\">In the walled city you can still feel the atmosphere of bygone times. In the Middle Ages, V\u00e9zelay was an important place of pilgrimage.<\/p><\/div><\/div><\/li>\n            <\/ul>\n        <\/div>\n        \n    <\/div>\n<\/div><\/div><\/div><div id=\"pgc-351-2-2\"  class=\"panel-grid-cell panel-grid-cell-mobile-last\" ><div id=\"panel-351-2-2-0\" class=\"so-panel widget widget_metaslider_widget panel-first-child panel-last-child\" data-index=\"4\" ><h3 class=\"widget-title\">The caves of Arcy sur Cure<\/h3><div id=\"metaslider-id-1274\" style=\"width: 100%;\" class=\"ml-slider-3-108-0 metaslider metaslider-flex metaslider-1274 ml-slider has-dots-nav has-carousel-mode ms-theme-default\" role=\"region\" aria-label=\"Arcy\" data-height=\"820\" data-width=\"1280\">\n    <div id=\"metaslider_container_1274\">\n        <div id=\"metaslider_1274\">\n            <ul class='slides'>\n                <li style=\"display: none; width: 100%;\" class=\"slide-1281 ms-image \" aria-roledescription=\"slide\" data-date=\"2018-09-30 13:40:04\" data-filename=\"prehis_arcy9-1123x720.jpg\" data-slide-type=\"image\"><img loading=\"lazy\" decoding=\"async\" src=\"https:\/\/vezelay.eu\/e\/wp-content\/uploads\/2018\/09\/prehis_arcy9-1123x720.jpg\" height=\"820\" width=\"1280\" alt=\"\" class=\"slider-1274 slide-1281 msDefaultImage\" \/><div class=\"caption-wrap\"><div class=\"caption\"><p style=\"font-family:'libre-baskerville';font-size:13pt;background:#FFFFFF;color:#000000;\">They are unknown, but spectacular: much older than Lascaux's, with children's handprints and many drawings of mammoths.<\/p><\/div><\/div><\/li>\n                <li style=\"display: none; width: 100%;\" class=\"slide-2567 ms-image \" aria-roledescription=\"slide\" data-date=\"2018-10-09 17:07:14\" data-filename=\"urn-newsml-dpa-com-20090101-140509-99-07809-large-4-3-1123x720.jpg\" data-slide-type=\"image\"><img loading=\"lazy\" decoding=\"async\" src=\"https:\/\/vezelay.eu\/e\/wp-content\/uploads\/2018\/10\/urn-newsml-dpa-com-20090101-140509-99-07809-large-4-3-1123x720.jpg\" height=\"820\" width=\"1280\" alt=\"\" class=\"slider-1274 slide-2567 msDefaultImage\" \/><\/li>\n                <li style=\"display: none; width: 100%;\" class=\"slide-2565 ms-image \" aria-roledescription=\"slide\" data-date=\"2018-10-09 17:04:47\" data-filename=\"2013-10-18-Vezelay-039-1123x720.jpg\" data-slide-type=\"image\"><img loading=\"lazy\" decoding=\"async\" src=\"https:\/\/vezelay.eu\/e\/wp-content\/uploads\/2018\/10\/2013-10-18-Vezelay-039-1123x720.jpg\" height=\"820\" width=\"1280\" alt=\"\" class=\"slider-1274 slide-2565 msDefaultImage\" \/><div class=\"caption-wrap\"><div class=\"caption\"><p style=\"font-family:'libre-baskerville';font-size:13pt;background:#FFFFFF;color:#000000;\">The 30,000-year-old cave paintings of Arcy-sur-Cure are 20 km downstream.<\/p><\/div><\/div><\/li>\n            <\/ul>\n        <\/div>\n        \n    <\/div>\n<\/div><\/div><\/div><div id=\"pgc-351-2-3\"  class=\"panel-grid-cell panel-grid-cell-empty\" ><\/div><\/div><\/div><div id=\"pg-351-3\"  class=\"panel-grid panel-has-style\" ><div class=\"siteorigin-panels-stretch panel-row-style panel-row-style-for-351-3\" data-stretch-type=\"full-stretched\" ><div id=\"pgc-351-3-0\"  class=\"panel-grid-cell panel-grid-cell-empty\" ><\/div><div id=\"pgc-351-3-1\"  class=\"panel-grid-cell\" ><div id=\"panel-351-3-1-0\" class=\"so-panel widget widget_metaslider_widget panel-first-child panel-last-child\" data-index=\"5\" ><h3 class=\"widget-title\">Pierre Perthuis<\/h3><div id=\"metaslider-id-1279\" style=\"width: 100%;\" class=\"ml-slider-3-108-0 metaslider metaslider-flex metaslider-1279 ml-slider has-dots-nav has-carousel-mode ms-theme-default\" role=\"region\" aria-label=\"Pierre Perthuis\" data-height=\"820\" data-width=\"1280\">\n    <div id=\"metaslider_container_1279\">\n        <div id=\"metaslider_1279\">\n            <ul class='slides'>\n                <li style=\"display: none; width: 100%;\" class=\"slide-1283 ms-image \" aria-roledescription=\"slide\" data-date=\"2018-09-30 13:42:17\" data-filename=\"1-2-1123x720.jpg\" data-slide-type=\"image\"><img loading=\"lazy\" decoding=\"async\" src=\"https:\/\/vezelay.eu\/e\/wp-content\/uploads\/2018\/09\/1-2-1123x720.jpg\" height=\"820\" width=\"1280\" alt=\"Prachtig gelegen dorpje, waar de rivier de Cure in de diepte langsstroomt.\" class=\"slider-1279 slide-1283 msDefaultImage\" \/><div class=\"caption-wrap\"><div class=\"caption\"><p style=\"font-family:'libre-baskerville';font-size:13pt;background:#FFFFFF;color:#000000;\">Upstream you find Pierre-Perthuis, a charming little village with a double bridge.<\/p><\/div><\/div><\/li>\n                <li style=\"display: none; width: 100%;\" class=\"slide-1284 ms-image \" aria-roledescription=\"slide\" data-date=\"2018-09-30 13:42:23\" data-filename=\"6-1123x720.jpg\" data-slide-type=\"image\"><img loading=\"lazy\" decoding=\"async\" src=\"https:\/\/vezelay.eu\/e\/wp-content\/uploads\/2018\/09\/6-1123x720.jpg\" height=\"820\" width=\"1280\" alt=\"\" class=\"slider-1279 slide-1284 msDefaultImage\" \/><div class=\"caption-wrap\"><div class=\"caption\"><p style=\"font-family:'libre-baskerville';font-size:13pt;background:#FFFFFF;color:#000000;\">An extraordinary rock formation is called 'la Roche Perc\u00e9e'.<\/p><\/div><\/div><\/li>\n            <\/ul>\n        <\/div>\n        \n    <\/div>\n<\/div><\/div><\/div><div id=\"pgc-351-3-2\"  class=\"panel-grid-cell panel-grid-cell-mobile-last\" ><div id=\"panel-351-3-2-0\" class=\"so-panel widget widget_metaslider_widget panel-first-child panel-last-child\" data-index=\"6\" ><div class=\"panel-widget-style panel-widget-style-for-351-3-2-0\" ><h3 class=\"widget-title\">Noyers sur Serein<\/h3><div id=\"metaslider-id-1285\" style=\"width: 100%;\" class=\"ml-slider-3-108-0 metaslider metaslider-flex metaslider-1285 ml-slider has-dots-nav has-carousel-mode ms-theme-default\" role=\"region\" aria-label=\"Noyers\" data-height=\"820\" data-width=\"1280\">\n    <div id=\"metaslider_container_1285\">\n        <div id=\"metaslider_1285\">\n            <ul class='slides'>\n                <li style=\"display: none; width: 100%;\" class=\"slide-1286 ms-image \" aria-roledescription=\"slide\" data-date=\"2018-09-30 13:42:51\" data-filename=\"noyers-sur-serein-1123x720.jpg\" data-slide-type=\"image\"><img loading=\"lazy\" decoding=\"async\" src=\"https:\/\/vezelay.eu\/e\/wp-content\/uploads\/2018\/09\/noyers-sur-serein-1123x720.jpg\" height=\"820\" width=\"1280\" alt=\"\" class=\"slider-1285 slide-1286 msDefaultImage\" \/><div class=\"caption-wrap\"><div class=\"caption\"><p style=\"font-family:'libre-baskerville';font-size:13pt;background:#FFFFFF;color:#000000;\">Noyers-sur-Serein is a charming little old town with old city walls, half-timbered houses.<\/p><\/div><\/div><\/li>\n                <li style=\"display: none; width: 100%;\" class=\"slide-1287 ms-image \" aria-roledescription=\"slide\" data-date=\"2018-09-30 13:42:56\" data-filename=\"unnamed-2-1123x720.jpg\" data-slide-type=\"image\"><img loading=\"lazy\" decoding=\"async\" src=\"https:\/\/vezelay.eu\/e\/wp-content\/uploads\/2018\/09\/unnamed-2-1123x720.jpg\" height=\"820\" width=\"1280\" alt=\"\" class=\"slider-1285 slide-1287 msDefaultImage\" \/><div class=\"caption-wrap\"><div class=\"caption\"><p style=\"font-family:'libre-baskerville';font-size:13pt;background:#FFFFFF;color:#000000;\">Very close to the city a castle is being rebuilt in a medieval style.<\/p><\/div><\/div><\/li>\n            <\/ul>\n        <\/div>\n        \n    <\/div>\n<\/div><\/div><\/div><\/div><div id=\"pgc-351-3-3\"  class=\"panel-grid-cell panel-grid-cell-empty\" ><\/div><\/div><\/div><div id=\"pg-351-4\"  class=\"panel-grid panel-has-style\" ><div class=\"siteorigin-panels-stretch panel-row-style panel-row-style-for-351-4\" data-stretch-type=\"full-stretched\" ><div id=\"pgc-351-4-0\"  class=\"panel-grid-cell panel-grid-cell-empty\" ><\/div><div id=\"pgc-351-4-1\"  class=\"panel-grid-cell\" ><div id=\"panel-351-4-1-0\" class=\"so-panel widget widget_metaslider_widget panel-first-child panel-last-child\" data-index=\"7\" ><h3 class=\"widget-title\">Tonnerre<\/h3><div id=\"metaslider-id-1289\" style=\"width: 100%;\" class=\"ml-slider-3-108-0 metaslider metaslider-flex metaslider-1289 ml-slider has-dots-nav has-carousel-mode ms-theme-default\" role=\"region\" aria-label=\"Tonnerre\" data-height=\"820\" data-width=\"1280\">\n    <div id=\"metaslider_container_1289\">\n        <div id=\"metaslider_1289\">\n            <ul class='slides'>\n                <li style=\"display: none; width: 100%;\" class=\"slide-1290 ms-image \" aria-roledescription=\"slide\" data-date=\"2018-09-30 13:52:31\" data-filename=\"unnamed-3-2.jpg\" data-slide-type=\"image\"><img loading=\"lazy\" decoding=\"async\" src=\"https:\/\/vezelay.eu\/e\/wp-content\/uploads\/2018\/09\/unnamed-3-2.jpg\" height=\"820\" width=\"1280\" alt=\"\" class=\"slider-1289 slide-1290 msDefaultImage\" \/><div class=\"caption-wrap\"><div class=\"caption\"><p style=\"font-family:'libre-baskerville';font-size:13pt;background:#FFFFFF;color:#000000;\">Tonnerre has a clear, deep blue-green spring. In Celtic times it was an important shrine.<\/p><\/div><\/div><\/li>\n                <li style=\"display: none; width: 100%;\" class=\"slide-1291 ms-image \" aria-roledescription=\"slide\" data-date=\"2018-09-30 13:53:40\" data-filename=\"ton-2.jpg\" data-slide-type=\"image\"><img loading=\"lazy\" decoding=\"async\" src=\"https:\/\/vezelay.eu\/e\/wp-content\/uploads\/2018\/09\/ton-2.jpg\" height=\"820\" width=\"1280\" alt=\"\" class=\"slider-1289 slide-1291 msDefaultImage\" \/><div class=\"caption-wrap\"><div class=\"caption\"><p style=\"font-family:'libre-baskerville';font-size:13pt;background:#FFFFFF;color:#000000;\">The medieval hospital.<\/p><\/div><\/div><\/li>\n            <\/ul>\n        <\/div>\n        \n    <\/div>\n<\/div><\/div><\/div><div id=\"pgc-351-4-2\"  class=\"panel-grid-cell panel-grid-cell-mobile-last\" ><div id=\"panel-351-4-2-0\" class=\"so-panel widget widget_metaslider_widget panel-first-child panel-last-child\" data-index=\"8\" ><div class=\"panel-widget-style panel-widget-style-for-351-4-2-0\" ><h3 class=\"widget-title\">Fontenay<\/h3><div id=\"metaslider-id-1293\" style=\"width: 100%;\" class=\"ml-slider-3-108-0 metaslider metaslider-flex metaslider-1293 ml-slider has-dots-nav has-carousel-mode ms-theme-default\" role=\"region\" aria-label=\"Fontenay\" data-height=\"820\" data-width=\"1280\">\n    <div id=\"metaslider_container_1293\">\n        <div id=\"metaslider_1293\">\n            <ul class='slides'>\n                <li style=\"display: none; width: 100%;\" class=\"slide-1294 ms-image \" aria-roledescription=\"slide\" data-date=\"2018-09-30 14:03:14\" data-filename=\"unnamed-4-1123x720.jpg\" data-slide-type=\"image\"><img loading=\"lazy\" decoding=\"async\" src=\"https:\/\/vezelay.eu\/e\/wp-content\/uploads\/2018\/09\/unnamed-4-1123x720.jpg\" height=\"820\" width=\"1280\" alt=\"\" class=\"slider-1293 slide-1294 msDefaultImage\" \/><div class=\"caption-wrap\"><div class=\"caption\"><p style=\"font-family:'libre-baskerville';font-size:13pt;background:#FFFFFF;color:#000000;\">In the woods to the east lies the well-preserved medieval monastery complex of Fontenay, a highlight in this field.<\/p><\/div><\/div><\/li>\n                <li style=\"display: none; width: 100%;\" class=\"slide-1296 ms-image \" aria-roledescription=\"slide\" data-date=\"2018-09-30 14:03:35\" data-filename=\"fontenay-1123x720.jpg\" data-slide-type=\"image\"><img loading=\"lazy\" decoding=\"async\" src=\"https:\/\/vezelay.eu\/e\/wp-content\/uploads\/2018\/09\/fontenay-1123x720.jpg\" height=\"820\" width=\"1280\" alt=\"\" class=\"slider-1293 slide-1296 msDefaultImage\" \/><div class=\"caption-wrap\"><div class=\"caption\"><p style=\"font-family:'libre-baskerville';font-size:13pt;background:#FFFFFF;color:#000000;\">The abbey church, the monastery, the saw hall, the carp ponds: everything looks as if the medieval monks had left it there, but could return any time soon.<\/p><\/div><\/div><\/li>\n            <\/ul>\n        <\/div>\n        \n    <\/div>\n<\/div><\/div><\/div><\/div><div id=\"pgc-351-4-3\"  class=\"panel-grid-cell panel-grid-cell-empty\" ><\/div><\/div><\/div><div id=\"pg-351-5\"  class=\"panel-grid panel-has-style\" ><div class=\"siteorigin-panels-stretch panel-row-style panel-row-style-for-351-5\" data-stretch-type=\"full-stretched\" ><div id=\"pgc-351-5-0\"  class=\"panel-grid-cell\" ><div id=\"panel-351-5-0-0\" class=\"widget_text so-panel widget widget_custom_html panel-first-child panel-last-child\" data-index=\"9\" ><div class=\"widget_text panel-widget-style panel-widget-style-for-351-5-0-0\" ><div class=\"textwidget custom-html-widget\"><td height=\"200\">&nbsp;<\/td>\n          <td valign=\"top\" colspan=\"3\">\n          <div align=\"center\">\n\t\t\t\t\t\t<h3 style=\"font-size: 16t;\">Interactive Map<\/h3>\n          <div align=\"center\"> <p style=\"font-family: libre-baskerville; font-size: 13pt;\">Click on the balloons to see pictures.<\/p>\n              <\/div><\/li>\n            <\/ul><iframe loading=\"lazy\" height=\"814\" marginheight=\"0\" src=\"https:\/\/www.google.com\/maps\/d\/embed?mid=1_Vubby2UOFwxBn9efb5-TiXvR85HH__y\" frameborder=\"0\" width=\"1100\" marginwidth=\"0\" scrolling=\"no\"><\/iframe>\n            <br \/><small><a style=\"TEXT-ALIGN: left; COLOR: rgb(0,0,255)\" href=\"http:\/\/maps.google.nl\/maps\/ms?hl=nl&amp;ie=UTF8&amp;msa=0&amp;msid=112200820382513567277.00043fefe8259e208a382&amp;t=h&amp;ll=47.383474,3.710632&amp;spn=1.376168,2.746582&amp;z=9&amp;source=embed\"><p style=\"font-family: libre-baskerville; font-size: 13pt;\">Show larger map<\/a><\/small><\/p>\n            <p>&nbsp;\n            <\/p>\t<\/div><\/div><\/div><\/div><\/div><\/div><div id=\"pg-351-6\"  class=\"panel-grid panel-has-style\" ><div class=\"siteorigin-panels-stretch panel-row-style panel-row-style-for-351-6\" data-stretch-type=\"full-stretched\" ><div id=\"pgc-351-6-0\"  class=\"panel-grid-cell panel-grid-cell-empty\" ><\/div><div id=\"pgc-351-6-1\"  class=\"panel-grid-cell panel-grid-cell-mobile-last\" ><div id=\"panel-351-6-1-0\" class=\"so-panel widget widget_sow-editor panel-first-child panel-last-child\" data-index=\"10\" ><div\n\t\t\t\n\t\t\tclass=\"so-widget-sow-editor so-widget-sow-editor-base\"\n\t\t\t\n\t\t>\n<div class=\"siteorigin-widget-tinymce textwidget\">\n\t<\/div>\n<\/div><\/div><\/div><div id=\"pgc-351-6-2\"  class=\"panel-grid-cell panel-grid-cell-empty\" ><\/div><\/div><\/div><div id=\"pg-351-7\"  class=\"panel-grid panel-no-style\" ><div id=\"pgc-351-7-0\"  class=\"panel-grid-cell panel-grid-cell-empty panel-grid-cell-mobile-last\" ><\/div><div id=\"pgc-351-7-1\"  class=\"panel-grid-cell panel-grid-cell-empty\" ><\/div><\/div><\/div>","protected":false},"excerpt":{"rendered":"<p>Saint P\u00e8re sous V\u00e9zelay Saint-P\u00e8re (350 inhabitants) is famous for its 800 year old church. It has not been possible to outdo V\u00e9zelay, but the church is still exceptional. The first monastery from 858, destroyed by Normans. Les Fontaines Sal\u00e9es Outside Saint P\u00e8re there are medicinal springs. The Celts worshipped here the goddess Sulis, the &hellip; <\/p>\n<p class=\"link-more\"><a href=\"https:\/\/vezelay.eu\/e\/surroundings\/\" class=\"more-link\">Continue reading<span class=\"screen-reader-text\"> &#8220;Surroundings&#8221;<\/span><\/a><\/p>\n","protected":false},"author":1,"featured_media":0,"parent":0,"menu_order":0,"comment_status":"closed","ping_status":"closed","template":"","meta":{"footnotes":""},"class_list":["post-351","page","type-page","status-publish","hentry"],"_links":{"self":[{"href":"https:\/\/vezelay.eu\/e\/wp-json\/wp\/v2\/pages\/351","targetHints":{"allow":["GET"]}}],"collection":[{"href":"https:\/\/vezelay.eu\/e\/wp-json\/wp\/v2\/pages"}],"about":[{"href":"https:\/\/vezelay.eu\/e\/wp-json\/wp\/v2\/types\/page"}],"author":[{"embeddable":true,"href":"https:\/\/vezelay.eu\/e\/wp-json\/wp\/v2\/users\/1"}],"replies":[{"embeddable":true,"href":"https:\/\/vezelay.eu\/e\/wp-json\/wp\/v2\/comments?post=351"}],"version-history":[{"count":286,"href":"https:\/\/vezelay.eu\/e\/wp-json\/wp\/v2\/pages\/351\/revisions"}],"predecessor-version":[{"id":3359,"href":"https:\/\/vezelay.eu\/e\/wp-json\/wp\/v2\/pages\/351\/revisions\/3359"}],"wp:attachment":[{"href":"https:\/\/vezelay.eu\/e\/wp-json\/wp\/v2\/media?parent=351"}],"curies":[{"name":"wp","href":"https:\/\/api.w.org\/{rel}","templated":true}]}}