{"id":703,"date":"2018-09-24T20:48:11","date_gmt":"2018-09-24T20:48:11","guid":{"rendered":"https:\/\/vezelay.eu\/d\/?page_id=703"},"modified":"2020-06-08T14:25:56","modified_gmt":"2020-06-08T14:25:56","slug":"wandern","status":"publish","type":"page","link":"https:\/\/vezelay.eu\/d\/wandern\/","title":{"rendered":"Wandern"},"content":{"rendered":"<div id=\"pl-703\"  class=\"panel-layout\" ><div id=\"pg-703-0\"  class=\"panel-grid panel-no-style\" ><div id=\"pgc-703-0-0\"  class=\"panel-grid-cell panel-grid-cell-mobile-last\" ><div id=\"panel-703-0-0-0\" class=\"so-panel widget widget_sow-editor panel-first-child panel-last-child\" data-index=\"0\" ><div\n\t\t\t\n\t\t\tclass=\"so-widget-sow-editor so-widget-sow-editor-base\"\n\t\t\t\n\t\t>\n<div class=\"siteorigin-widget-tinymce textwidget\">\n\t<\/div>\n<\/div><\/div><\/div><div id=\"pgc-703-0-1\"  class=\"panel-grid-cell panel-grid-cell-empty\" ><\/div><\/div><div id=\"pg-703-1\"  class=\"panel-grid panel-has-style\" ><div class=\"siteorigin-panels-stretch panel-row-style panel-row-style-for-703-1\" data-stretch-type=\"full-stretched\" ><div id=\"pgc-703-1-0\"  class=\"panel-grid-cell panel-grid-cell-empty\" ><\/div><div id=\"pgc-703-1-1\"  class=\"panel-grid-cell\" ><div id=\"panel-703-1-1-0\" class=\"so-panel widget widget_sow-editor panel-first-child panel-last-child\" data-index=\"1\" ><div\n\t\t\t\n\t\t\tclass=\"so-widget-sow-editor so-widget-sow-editor-base\"\n\t\t\t\n\t\t><h3 class=\"widget-title\">Kurze Wanderungen nach V\u00e9zelay \u21b4<\/h3>\n<div class=\"siteorigin-widget-tinymce textwidget\">\n\t<p style=\"font-family: libre-baskerville; font-size: 13pt;\"><a href=\"https:\/\/drive.google.com\/open?id=1kYogkbGNIYO3M1Z6UExemAhCcJal_IXz&amp;usp=sharing\" target=\"_blank\" rel=\"noopener\"><img loading=\"lazy\" decoding=\"async\" class=\"alignnone size-full wp-image-537\" src=\"https:\/\/vezelay.eu\/d\/wp-content\/uploads\/2018\/09\/SDC10962a.jpg\" alt=\"\" width=\"1280\" height=\"720\" srcset=\"https:\/\/vezelay.eu\/d\/wp-content\/uploads\/2018\/09\/SDC10962a.jpg 1280w, https:\/\/vezelay.eu\/d\/wp-content\/uploads\/2018\/09\/SDC10962a-600x338.jpg 600w, https:\/\/vezelay.eu\/d\/wp-content\/uploads\/2018\/09\/SDC10962a-768x432.jpg 768w, https:\/\/vezelay.eu\/d\/wp-content\/uploads\/2018\/09\/SDC10962a-171x96.jpg 171w\" sizes=\"auto, (max-width: 767px) 89vw, (max-width: 1000px) 54vw, (max-width: 1071px) 543px, 580px\" \/><\/a><span style=\"font-family: libre-baskerville; font-size: 13pt;\"><span style=\"color: #333333;\"><span lang=\"de-DE\">Hier die kurzen Wege. Die Verl\u00e4ngerung kann ewig dauern.<\/span><\/span><\/span><\/p>\n<h3 style=\"font-size: 16t;\">Wanderung nach die Fontaines Sal\u00e9es (8km)\u00a0\u21b4<\/h3>\n<p><a href=\"https:\/\/drive.google.com\/open?id=1zDofcfNTDx1zwLNwz-C8Ev3D-rj8B7GI&amp;usp=sharing\" target=\"_blank\" rel=\"noopener\"><img loading=\"lazy\" decoding=\"async\" class=\"alignnone size-full wp-image-734\" src=\"https:\/\/vezelay.eu\/d\/wp-content\/uploads\/2018\/09\/1374782_10200946464128398_2105963316_n.jpg\" alt=\"\" width=\"1280\" height=\"720\" srcset=\"https:\/\/vezelay.eu\/d\/wp-content\/uploads\/2018\/09\/1374782_10200946464128398_2105963316_n.jpg 1280w, https:\/\/vezelay.eu\/d\/wp-content\/uploads\/2018\/09\/1374782_10200946464128398_2105963316_n-600x338.jpg 600w, https:\/\/vezelay.eu\/d\/wp-content\/uploads\/2018\/09\/1374782_10200946464128398_2105963316_n-768x432.jpg 768w, https:\/\/vezelay.eu\/d\/wp-content\/uploads\/2018\/09\/1374782_10200946464128398_2105963316_n-171x96.jpg 171w\" sizes=\"auto, (max-width: 767px) 89vw, (max-width: 1000px) 54vw, (max-width: 1071px) 543px, 580px\" \/><\/a><span style=\"font-family: libre-baskerville; font-size: 13pt;\"><span style=\"color: #333333;\"><span lang=\"de-DE\">Es kann nat\u00fcrlich auch k\u00fcrzer sein<\/span><\/span><\/span><\/p>\n<h3 class=\"widget-title\"><span style=\"font-size: 16pt;\">Von Sermizelles nach Saint P\u00e8re (12km)\u00a0\u21b4<\/span><\/h3>\n<p><a href=\"https:\/\/drive.google.com\/open?id=1syF7GhBvyitmMGCb_baM14RVeF4YrzBY&amp;usp=sharing\" target=\"_blank\" rel=\"noopener\"><img loading=\"lazy\" decoding=\"async\" class=\"alignnone size-full wp-image-692\" src=\"https:\/\/vezelay.eu\/d\/wp-content\/uploads\/2018\/09\/unnamed.jpg\" alt=\"\" width=\"1280\" height=\"720\" srcset=\"https:\/\/vezelay.eu\/d\/wp-content\/uploads\/2018\/09\/unnamed.jpg 1280w, https:\/\/vezelay.eu\/d\/wp-content\/uploads\/2018\/09\/unnamed-600x338.jpg 600w, https:\/\/vezelay.eu\/d\/wp-content\/uploads\/2018\/09\/unnamed-768x432.jpg 768w, https:\/\/vezelay.eu\/d\/wp-content\/uploads\/2018\/09\/unnamed-171x96.jpg 171w\" sizes=\"auto, (max-width: 767px) 89vw, (max-width: 1000px) 54vw, (max-width: 1071px) 543px, 580px\" \/><\/a><span style=\"font-family: times new roman, times, serif;\"><span style=\"font-size: large;\"><span style=\"color: #333333;\"><span style=\"font-family: Times New Roman, serif;\"><span style=\"font-size: medium;\"><span lang=\"de-DE\">Auf alten Pilgerwegen nach V\u00e9zelay (inkl. Fahrplan Bus und Restaurant-Tipp)<\/span><\/span><\/span><\/span><\/span><\/span><\/p>\n<h3 class=\"widget-title\"><span style=\"font-size: 16pt;\">Rund um die H\u00f6hlen von Arcy sur Cure (9km)\u00a0\u21b4<\/span><\/h3>\n<p><a href=\"https:\/\/drive.google.com\/open?id=1KzKHKTkn1n63htap0AonGpIyTDsOkNJX&amp;usp=sharing\" target=\"_blank\" rel=\"noopener\"><img loading=\"lazy\" decoding=\"async\" class=\"alignnone size-full wp-image-1408\" src=\"https:\/\/vezelay.eu\/d\/wp-content\/uploads\/2018\/10\/arcy.jpg\" alt=\"\" width=\"1280\" height=\"720\" srcset=\"https:\/\/vezelay.eu\/d\/wp-content\/uploads\/2018\/10\/arcy.jpg 1280w, https:\/\/vezelay.eu\/d\/wp-content\/uploads\/2018\/10\/arcy-600x338.jpg 600w, https:\/\/vezelay.eu\/d\/wp-content\/uploads\/2018\/10\/arcy-768x432.jpg 768w, https:\/\/vezelay.eu\/d\/wp-content\/uploads\/2018\/10\/arcy-700x394.jpg 700w\" sizes=\"auto, (max-width: 767px) 89vw, (max-width: 1000px) 54vw, (max-width: 1071px) 543px, 580px\" \/><\/a><span style=\"font-family: libre-baskerville; font-size: 13pt;\"><span style=\"color: #333333;\"><span lang=\"de-DE\">Zur H\u00f6hle mit den Mammutbildern und zur H\u00f6hle des legend\u00e4ren Schlangenerregers P\u00e8re Leleu.<\/span><\/span><\/span><\/p>\n<p>&nbsp;<\/p>\n<\/div>\n<\/div><\/div><\/div><div id=\"pgc-703-1-2\"  class=\"panel-grid-cell panel-grid-cell-mobile-last\" ><div id=\"panel-703-1-2-0\" class=\"so-panel widget widget_sow-editor panel-first-child panel-last-child\" data-index=\"2\" ><div\n\t\t\t\n\t\t\tclass=\"so-widget-sow-editor so-widget-sow-editor-base\"\n\t\t\t\n\t\t><h3 class=\"widget-title\">Runde \u00d6stlich von V\u00e9zelay (10 km) \u21b4<\/h3>\n<div class=\"siteorigin-widget-tinymce textwidget\">\n\t<p><a href=\"https:\/\/drive.google.com\/open?id=1X7kch6MsvEu18u_oHs-xNryiT3kc9cyD&amp;usp=sharing\" target=\"_blank\" rel=\"noopener\"><img loading=\"lazy\" decoding=\"async\" class=\"size-full wp-image-574\" src=\"https:\/\/vezelay.eu\/d\/wp-content\/uploads\/2018\/09\/zonnebloem.jpg\" alt=\"\" width=\"1280\" height=\"720\" srcset=\"https:\/\/vezelay.eu\/d\/wp-content\/uploads\/2018\/09\/zonnebloem.jpg 1280w, https:\/\/vezelay.eu\/d\/wp-content\/uploads\/2018\/09\/zonnebloem-600x338.jpg 600w, https:\/\/vezelay.eu\/d\/wp-content\/uploads\/2018\/09\/zonnebloem-768x432.jpg 768w, https:\/\/vezelay.eu\/d\/wp-content\/uploads\/2018\/09\/zonnebloem-171x96.jpg 171w\" sizes=\"auto, (max-width: 767px) 89vw, (max-width: 1000px) 54vw, (max-width: 1071px) 543px, 580px\" \/><br \/>\n<\/a><span style=\"font-family: libre-baskerville; font-size: 13pt;\">Entlang der 'Zwergenh\u00e4user' im gro\u00dfen Wald (10 km)<\/span><\/p>\n<h3 class=\"widget-title\"><span style=\"font-size: 16pt;\">Tour de V\u00e9zelay (12km)\u00a0\u21b4<\/span><\/h3>\n<p><a href=\"https:\/\/drive.google.com\/open?id=1R_Q3JcF3e90klW60_HZ-242l-kBIjD5d&amp;usp=sharinghttp:\/\/\" target=\"_blank\" rel=\"noopener\"><img loading=\"lazy\" decoding=\"async\" class=\"alignnone size-full wp-image-582\" src=\"https:\/\/vezelay.eu\/d\/wp-content\/uploads\/2018\/09\/4979903588_64f19019a2_b-1.jpg\" alt=\"\" width=\"1280\" height=\"720\" srcset=\"https:\/\/vezelay.eu\/d\/wp-content\/uploads\/2018\/09\/4979903588_64f19019a2_b-1.jpg 1280w, https:\/\/vezelay.eu\/d\/wp-content\/uploads\/2018\/09\/4979903588_64f19019a2_b-1-600x338.jpg 600w, https:\/\/vezelay.eu\/d\/wp-content\/uploads\/2018\/09\/4979903588_64f19019a2_b-1-768x432.jpg 768w, https:\/\/vezelay.eu\/d\/wp-content\/uploads\/2018\/09\/4979903588_64f19019a2_b-1-171x96.jpg 171w\" sizes=\"auto, (max-width: 767px) 89vw, (max-width: 1000px) 54vw, (max-width: 1071px) 543px, 580px\" \/><\/a><span style=\"font-family: libre-baskerville; font-size: 13pt;\"><span style=\"color: #333333;\"><span lang=\"de-DE\">Die Stadt auf dem Berg taucht immer wieder auf<\/span><\/span><\/span><\/p>\n<h3 class=\"widget-title\"><span style=\"font-size: 16pt;\">Von Bazoches nach Saint Pere (12km)\u00a0\u21b4<\/span><\/h3>\n<p><a href=\"https:\/\/drive.google.com\/open?id=1NjuMA3XeF7IQSmZgyPvgV9ZlsMpcxKBf&amp;usp=sharing\" target=\"_blank\" rel=\"noopener\"><img loading=\"lazy\" decoding=\"async\" class=\"alignnone size-full wp-image-584\" src=\"https:\/\/vezelay.eu\/d\/wp-content\/uploads\/2018\/09\/P1010031d-11.jpg\" alt=\"\" width=\"1280\" height=\"720\" srcset=\"https:\/\/vezelay.eu\/d\/wp-content\/uploads\/2018\/09\/P1010031d-11.jpg 1280w, https:\/\/vezelay.eu\/d\/wp-content\/uploads\/2018\/09\/P1010031d-11-600x338.jpg 600w, https:\/\/vezelay.eu\/d\/wp-content\/uploads\/2018\/09\/P1010031d-11-768x432.jpg 768w, https:\/\/vezelay.eu\/d\/wp-content\/uploads\/2018\/09\/P1010031d-11-171x96.jpg 171w\" sizes=\"auto, (max-width: 767px) 89vw, (max-width: 1000px) 54vw, (max-width: 1071px) 543px, 580px\" \/><\/a><span style=\"font-family: libre-baskerville; font-size: 13pt;\"><span style=\"color: #333333;\"><span lang=\"de-DE\">Auf r\u00f6mischen Stra\u00dfen (inkl. Fahrplan Bus nach Bazoches und Restaurant-Tipp)<\/span><\/span><\/span><\/p>\n<h3 class=\"widget-title\"><span style=\"font-size: 16pt;\">\u00a0Ab und nach Tharoiseau (10km)\u00a0\u21b4<\/span><\/h3>\n<p><a href=\"https:\/\/drive.google.com\/open?id=1VtfuLSJf0qAZ3i_F2_Y8xBuhEkPA6vop&amp;usp=sharing\" target=\"_blank\" rel=\"noopener\"><img loading=\"lazy\" decoding=\"async\" class=\"alignnone size-full wp-image-563\" src=\"https:\/\/vezelay.eu\/d\/wp-content\/uploads\/2018\/09\/17797109_10208898487284007_1120918680_oa.jpg\" alt=\"\" width=\"1280\" height=\"720\" srcset=\"https:\/\/vezelay.eu\/d\/wp-content\/uploads\/2018\/09\/17797109_10208898487284007_1120918680_oa.jpg 1280w, https:\/\/vezelay.eu\/d\/wp-content\/uploads\/2018\/09\/17797109_10208898487284007_1120918680_oa-600x338.jpg 600w, https:\/\/vezelay.eu\/d\/wp-content\/uploads\/2018\/09\/17797109_10208898487284007_1120918680_oa-768x432.jpg 768w, https:\/\/vezelay.eu\/d\/wp-content\/uploads\/2018\/09\/17797109_10208898487284007_1120918680_oa-171x96.jpg 171w\" sizes=\"auto, (max-width: 767px) 89vw, (max-width: 1000px) 54vw, (max-width: 1071px) 543px, 580px\" \/><\/a><span style=\"font-family: libre-baskerville; font-size: 13pt;\"><span style=\"color: #333333;\"><span lang=\"de-DE\">Karpfen, Kelten und Burg auf dem Berg<\/span><\/span><\/span><\/p>\n<p>&nbsp;<\/p>\n<\/div>\n<\/div><\/div><\/div><div id=\"pgc-703-1-3\"  class=\"panel-grid-cell panel-grid-cell-empty\" ><\/div><\/div><\/div><div id=\"pg-703-2\"  class=\"panel-grid panel-has-style\" ><div class=\"siteorigin-panels-stretch panel-row-style panel-row-style-for-703-2\" data-stretch-type=\"full-stretched\" ><div id=\"pgc-703-2-0\"  class=\"panel-grid-cell panel-grid-cell-empty\" ><\/div><div id=\"pgc-703-2-1\"  class=\"panel-grid-cell\" ><div id=\"panel-703-2-1-0\" class=\"so-panel widget widget_media_image panel-first-child panel-last-child\" data-index=\"3\" ><img loading=\"lazy\" decoding=\"async\" width=\"600\" height=\"85\" src=\"https:\/\/vezelay.eu\/d\/wp-content\/uploads\/2018\/10\/grijs-600x85.jpg\" class=\"image wp-image-2274  attachment-medium size-medium\" alt=\"\" style=\"max-width: 100%; height: auto;\" srcset=\"https:\/\/vezelay.eu\/d\/wp-content\/uploads\/2018\/10\/grijs-600x85.jpg 600w, https:\/\/vezelay.eu\/d\/wp-content\/uploads\/2018\/10\/grijs-768x109.jpg 768w, https:\/\/vezelay.eu\/d\/wp-content\/uploads\/2018\/10\/grijs-700x100.jpg 700w, https:\/\/vezelay.eu\/d\/wp-content\/uploads\/2018\/10\/grijs.jpg 1188w\" sizes=\"auto, 100vw\" \/><\/div><\/div><div id=\"pgc-703-2-2\"  class=\"panel-grid-cell panel-grid-cell-empty panel-grid-cell-mobile-last\" ><\/div><div id=\"pgc-703-2-3\"  class=\"panel-grid-cell panel-grid-cell-empty\" ><\/div><\/div><\/div><div id=\"pg-703-3\"  class=\"panel-grid panel-has-style\" ><div class=\"siteorigin-panels-stretch panel-row-style panel-row-style-for-703-3\" data-stretch-type=\"full-stretched\" ><div id=\"pgc-703-3-0\"  class=\"panel-grid-cell panel-grid-cell-empty\" ><\/div><div id=\"pgc-703-3-1\"  class=\"panel-grid-cell\" ><div id=\"panel-703-3-1-0\" class=\"so-panel widget widget_media_image panel-first-child panel-last-child\" data-index=\"4\" ><img loading=\"lazy\" decoding=\"async\" width=\"600\" height=\"85\" src=\"https:\/\/vezelay.eu\/d\/wp-content\/uploads\/2018\/10\/grijs-600x85.jpg\" class=\"image wp-image-2274  attachment-medium size-medium\" alt=\"\" style=\"max-width: 100%; height: auto;\" srcset=\"https:\/\/vezelay.eu\/d\/wp-content\/uploads\/2018\/10\/grijs-600x85.jpg 600w, https:\/\/vezelay.eu\/d\/wp-content\/uploads\/2018\/10\/grijs-768x109.jpg 768w, https:\/\/vezelay.eu\/d\/wp-content\/uploads\/2018\/10\/grijs-700x100.jpg 700w, https:\/\/vezelay.eu\/d\/wp-content\/uploads\/2018\/10\/grijs.jpg 1188w\" sizes=\"auto, 100vw\" \/><\/div><\/div><div id=\"pgc-703-3-2\"  class=\"panel-grid-cell panel-grid-cell-empty panel-grid-cell-mobile-last\" ><\/div><div id=\"pgc-703-3-3\"  class=\"panel-grid-cell panel-grid-cell-empty\" ><\/div><\/div><\/div><div id=\"pg-703-4\"  class=\"panel-grid panel-has-style\" ><div class=\"siteorigin-panels-stretch panel-row-style panel-row-style-for-703-4\" data-stretch-type=\"full-stretched\" ><div id=\"pgc-703-4-0\"  class=\"panel-grid-cell panel-grid-cell-empty\" ><\/div><div id=\"pgc-703-4-1\"  class=\"panel-grid-cell\" ><div id=\"panel-703-4-1-0\" class=\"so-panel widget widget_media_image panel-first-child panel-last-child\" data-index=\"5\" ><img loading=\"lazy\" decoding=\"async\" width=\"600\" height=\"85\" src=\"https:\/\/vezelay.eu\/d\/wp-content\/uploads\/2018\/10\/grijs-600x85.jpg\" class=\"image wp-image-2274  attachment-medium size-medium\" alt=\"\" style=\"max-width: 100%; height: auto;\" srcset=\"https:\/\/vezelay.eu\/d\/wp-content\/uploads\/2018\/10\/grijs-600x85.jpg 600w, https:\/\/vezelay.eu\/d\/wp-content\/uploads\/2018\/10\/grijs-768x109.jpg 768w, https:\/\/vezelay.eu\/d\/wp-content\/uploads\/2018\/10\/grijs-700x100.jpg 700w, https:\/\/vezelay.eu\/d\/wp-content\/uploads\/2018\/10\/grijs.jpg 1188w\" sizes=\"auto, 100vw\" \/><\/div><\/div><div id=\"pgc-703-4-2\"  class=\"panel-grid-cell panel-grid-cell-empty panel-grid-cell-mobile-last\" ><\/div><div id=\"pgc-703-4-3\"  class=\"panel-grid-cell panel-grid-cell-empty\" ><\/div><\/div><\/div><div id=\"pg-703-5\"  class=\"panel-grid panel-has-style\" ><div class=\"siteorigin-panels-stretch panel-row-style panel-row-style-for-703-5\" data-stretch-type=\"full-stretched\" ><div id=\"pgc-703-5-0\"  class=\"panel-grid-cell panel-grid-cell-empty\" ><\/div><div id=\"pgc-703-5-1\"  class=\"panel-grid-cell\" ><div id=\"panel-703-5-1-0\" class=\"so-panel widget widget_media_image panel-first-child panel-last-child\" data-index=\"6\" ><img loading=\"lazy\" decoding=\"async\" width=\"600\" height=\"85\" src=\"https:\/\/vezelay.eu\/d\/wp-content\/uploads\/2018\/10\/grijs-600x85.jpg\" class=\"image wp-image-2274  attachment-medium size-medium\" alt=\"\" style=\"max-width: 100%; height: auto;\" srcset=\"https:\/\/vezelay.eu\/d\/wp-content\/uploads\/2018\/10\/grijs-600x85.jpg 600w, https:\/\/vezelay.eu\/d\/wp-content\/uploads\/2018\/10\/grijs-768x109.jpg 768w, https:\/\/vezelay.eu\/d\/wp-content\/uploads\/2018\/10\/grijs-700x100.jpg 700w, https:\/\/vezelay.eu\/d\/wp-content\/uploads\/2018\/10\/grijs.jpg 1188w\" sizes=\"auto, 100vw\" \/><\/div><\/div><div id=\"pgc-703-5-2\"  class=\"panel-grid-cell panel-grid-cell-empty panel-grid-cell-mobile-last\" ><\/div><div id=\"pgc-703-5-3\"  class=\"panel-grid-cell panel-grid-cell-empty\" ><\/div><\/div><\/div><div id=\"pg-703-6\"  class=\"panel-grid panel-has-style\" ><div class=\"siteorigin-panels-stretch panel-row-style panel-row-style-for-703-6\" data-stretch-type=\"full-stretched\" ><div id=\"pgc-703-6-0\"  class=\"panel-grid-cell panel-grid-cell-empty\" ><\/div><div id=\"pgc-703-6-1\"  class=\"panel-grid-cell\" ><div id=\"panel-703-6-1-0\" class=\"so-panel widget widget_media_image panel-first-child panel-last-child\" data-index=\"7\" ><img loading=\"lazy\" decoding=\"async\" width=\"600\" height=\"85\" src=\"https:\/\/vezelay.eu\/d\/wp-content\/uploads\/2018\/10\/grijs-600x85.jpg\" class=\"image wp-image-2274  attachment-medium size-medium\" alt=\"\" style=\"max-width: 100%; height: auto;\" srcset=\"https:\/\/vezelay.eu\/d\/wp-content\/uploads\/2018\/10\/grijs-600x85.jpg 600w, https:\/\/vezelay.eu\/d\/wp-content\/uploads\/2018\/10\/grijs-768x109.jpg 768w, https:\/\/vezelay.eu\/d\/wp-content\/uploads\/2018\/10\/grijs-700x100.jpg 700w, https:\/\/vezelay.eu\/d\/wp-content\/uploads\/2018\/10\/grijs.jpg 1188w\" sizes=\"auto, 100vw\" \/><\/div><\/div><div id=\"pgc-703-6-2\"  class=\"panel-grid-cell panel-grid-cell-empty panel-grid-cell-mobile-last\" ><\/div><div id=\"pgc-703-6-3\"  class=\"panel-grid-cell panel-grid-cell-empty\" ><\/div><\/div><\/div><div id=\"pg-703-7\"  class=\"panel-grid panel-has-style\" ><div class=\"siteorigin-panels-stretch panel-row-style panel-row-style-for-703-7\" data-stretch-type=\"full-stretched\" ><div id=\"pgc-703-7-0\"  class=\"panel-grid-cell panel-grid-cell-empty\" ><\/div><div id=\"pgc-703-7-1\"  class=\"panel-grid-cell\" ><div id=\"panel-703-7-1-0\" class=\"so-panel widget widget_media_image panel-first-child panel-last-child\" data-index=\"8\" ><img loading=\"lazy\" decoding=\"async\" width=\"600\" height=\"85\" src=\"https:\/\/vezelay.eu\/d\/wp-content\/uploads\/2018\/10\/grijs-600x85.jpg\" class=\"image wp-image-2274  attachment-medium size-medium\" alt=\"\" style=\"max-width: 100%; height: auto;\" srcset=\"https:\/\/vezelay.eu\/d\/wp-content\/uploads\/2018\/10\/grijs-600x85.jpg 600w, https:\/\/vezelay.eu\/d\/wp-content\/uploads\/2018\/10\/grijs-768x109.jpg 768w, https:\/\/vezelay.eu\/d\/wp-content\/uploads\/2018\/10\/grijs-700x100.jpg 700w, https:\/\/vezelay.eu\/d\/wp-content\/uploads\/2018\/10\/grijs.jpg 1188w\" sizes=\"auto, 100vw\" \/><\/div><\/div><div id=\"pgc-703-7-2\"  class=\"panel-grid-cell panel-grid-cell-empty panel-grid-cell-mobile-last\" ><\/div><div id=\"pgc-703-7-3\"  class=\"panel-grid-cell panel-grid-cell-empty\" ><\/div><\/div><\/div><div id=\"pg-703-8\"  class=\"panel-grid panel-no-style\" ><div id=\"pgc-703-8-0\"  class=\"panel-grid-cell panel-grid-cell-empty panel-grid-cell-mobile-last\" ><\/div><div id=\"pgc-703-8-1\"  class=\"panel-grid-cell panel-grid-cell-empty\" ><\/div><\/div><\/div>","protected":false},"excerpt":{"rendered":"<p>Hier die kurzen Wege. Die Verl\u00e4ngerung kann ewig dauern. Wanderung nach die Fontaines Sal\u00e9es (8km)\u00a0\u21b4 Es kann nat\u00fcrlich auch k\u00fcrzer sein Von Sermizelles nach Saint P\u00e8re (12km)\u00a0\u21b4 Auf alten Pilgerwegen nach V\u00e9zelay (inkl. Fahrplan Bus und Restaurant-Tipp) Rund um die H\u00f6hlen von Arcy sur Cure (9km)\u00a0\u21b4 Zur H\u00f6hle mit den Mammutbildern und zur H\u00f6hle des &hellip; <\/p>\n<p class=\"link-more\"><a href=\"https:\/\/vezelay.eu\/d\/wandern\/\" class=\"more-link\"><span class=\"screen-reader-text\">\u201eWandern\u201c <\/span>weiterlesen<\/a><\/p>\n","protected":false},"author":1,"featured_media":0,"parent":0,"menu_order":0,"comment_status":"closed","ping_status":"closed","template":"","meta":{"footnotes":""},"class_list":["post-703","page","type-page","status-publish","hentry"],"_links":{"self":[{"href":"https:\/\/vezelay.eu\/d\/wp-json\/wp\/v2\/pages\/703","targetHints":{"allow":["GET"]}}],"collection":[{"href":"https:\/\/vezelay.eu\/d\/wp-json\/wp\/v2\/pages"}],"about":[{"href":"https:\/\/vezelay.eu\/d\/wp-json\/wp\/v2\/types\/page"}],"author":[{"embeddable":true,"href":"https:\/\/vezelay.eu\/d\/wp-json\/wp\/v2\/users\/1"}],"replies":[{"embeddable":true,"href":"https:\/\/vezelay.eu\/d\/wp-json\/wp\/v2\/comments?post=703"}],"version-history":[{"count":122,"href":"https:\/\/vezelay.eu\/d\/wp-json\/wp\/v2\/pages\/703\/revisions"}],"predecessor-version":[{"id":3358,"href":"https:\/\/vezelay.eu\/d\/wp-json\/wp\/v2\/pages\/703\/revisions\/3358"}],"wp:attachment":[{"href":"https:\/\/vezelay.eu\/d\/wp-json\/wp\/v2\/media?parent=703"}],"curies":[{"name":"wp","href":"https:\/\/api.w.org\/{rel}","templated":true}]}}