{"id":547,"date":"2018-09-22T07:04:55","date_gmt":"2018-09-22T07:04:55","guid":{"rendered":"https:\/\/vezelay.eu\/d\/?page_id=547"},"modified":"2020-06-08T14:20:36","modified_gmt":"2020-06-08T14:20:36","slug":"kanufahren","status":"publish","type":"page","link":"https:\/\/vezelay.eu\/d\/kanufahren\/","title":{"rendered":"Kanufahren"},"content":{"rendered":"<div id=\"pl-547\"  class=\"panel-layout\" ><div id=\"pg-547-0\"  class=\"panel-grid panel-no-style\" ><div id=\"pgc-547-0-0\"  class=\"panel-grid-cell panel-grid-cell-mobile-last\" ><div id=\"panel-547-0-0-0\" class=\"so-panel widget widget_sow-editor panel-first-child panel-last-child\" data-index=\"0\" ><div\n\t\t\t\n\t\t\tclass=\"so-widget-sow-editor so-widget-sow-editor-base\"\n\t\t\t\n\t\t>\n<div class=\"siteorigin-widget-tinymce textwidget\">\n\t<\/div>\n<\/div><\/div><\/div><div id=\"pgc-547-0-1\"  class=\"panel-grid-cell panel-grid-cell-empty\" ><\/div><\/div><div id=\"pg-547-1\"  class=\"panel-grid panel-has-style\" ><div class=\"siteorigin-panels-stretch panel-row-style panel-row-style-for-547-1\" data-stretch-type=\"full-stretched\" ><div id=\"pgc-547-1-0\"  class=\"panel-grid-cell panel-grid-cell-empty\" ><\/div><div id=\"pgc-547-1-1\"  class=\"panel-grid-cell\" ><div id=\"panel-547-1-1-0\" class=\"so-panel widget widget_sow-editor panel-first-child panel-last-child\" data-index=\"1\" ><div\n\t\t\t\n\t\t\tclass=\"so-widget-sow-editor so-widget-sow-editor-base\"\n\t\t\t\n\t\t><h3 class=\"widget-title\">Lange Kanutouren<\/h3>\n<div class=\"siteorigin-widget-tinymce textwidget\">\n\t<p><img loading=\"lazy\" decoding=\"async\" class=\"alignnone size-full wp-image-659\" src=\"http:\/\/vezelay.eu\/d\/wp-content\/uploads\/2018\/09\/SDC15158-1.jpg\" alt=\"\" width=\"1280\" height=\"720\" srcset=\"https:\/\/vezelay.eu\/d\/wp-content\/uploads\/2018\/09\/SDC15158-1.jpg 1280w, https:\/\/vezelay.eu\/d\/wp-content\/uploads\/2018\/09\/SDC15158-1-600x338.jpg 600w, https:\/\/vezelay.eu\/d\/wp-content\/uploads\/2018\/09\/SDC15158-1-768x432.jpg 768w, https:\/\/vezelay.eu\/d\/wp-content\/uploads\/2018\/09\/SDC15158-1-171x96.jpg 171w\" sizes=\"auto, (max-width: 767px) 89vw, (max-width: 1000px) 54vw, (max-width: 1071px) 543px, 580px\" \/><br \/>\n<span style=\"font-family: libre-baskerville; font-size: 13pt;\">Die River Cure ist ruhig zwischen Saint Pere und Asquins (3 km), nur eine kleine Stromschnelle.<\/span><\/p>\n<\/div>\n<\/div><\/div><\/div><div id=\"pgc-547-1-2\"  class=\"panel-grid-cell panel-grid-cell-mobile-last\" ><div id=\"panel-547-1-2-0\" class=\"widget_text so-panel widget widget_custom_html panel-first-child panel-last-child\" data-index=\"2\" ><h3 class=\"widget-title\">Kurze Kanutouren<\/h3><div class=\"textwidget custom-html-widget\"><iframe loading=\"lazy\" width=\"1280\" height=\"396\" src=\"https:\/\/www.youtube-nocookie.com\/embed\/Wi7kJqFnFtk?controls=0\" frameborder=\"0\" allow=\"autoplay; encrypted-media\" allowfullscreen><\/iframe><\/div><\/div><\/div><div id=\"pgc-547-1-3\"  class=\"panel-grid-cell panel-grid-cell-empty\" ><\/div><\/div><\/div><div id=\"pg-547-2\"  class=\"panel-grid panel-has-style\" ><div class=\"siteorigin-panels-stretch panel-row-style panel-row-style-for-547-2\" data-stretch-type=\"full-stretched\" ><div id=\"pgc-547-2-0\"  class=\"panel-grid-cell panel-grid-cell-empty\" ><\/div><div id=\"pgc-547-2-1\"  class=\"panel-grid-cell\" ><div id=\"panel-547-2-1-0\" class=\"so-panel widget widget_sow-editor panel-first-child panel-last-child\" data-index=\"3\" ><div\n\t\t\t\n\t\t\tclass=\"so-widget-sow-editor so-widget-sow-editor-base\"\n\t\t\t\n\t\t><h3 class=\"widget-title\">Praktisch<\/h3>\n<div class=\"siteorigin-widget-tinymce textwidget\">\n\t<p><span style=\"font-family: libre-baskerville; font-size: 13pt;\"><span style=\"color: #333333;\"><span lang=\"de-DE\">In jedem Haus gibt es zwei sit on top-Kanus. Damit k\u00f6nnen Sie hinter dem Haus paddeln, flussaufw\u00e4rts bis zur Br\u00fccke, flussabw\u00e4rts etwas weiter - es gibt da weniger Strom. Es gibt Rettungswesten und ein Fass, in dem das Gep\u00e4ck trocken getragen werden kann.<\/span><\/span><\/span>\n<\/p>\n<p><span style=\"font-family: libre-baskerville; font-size: 13pt;\"><span style=\"color: #333333;\"><span lang=\"de-DE\">F\u00fcr die beiden l\u00e4ngeren Fahrten - die erste vom flussaufw\u00e4rts gelegenen Malassis-Staudamm zum Haus in Saint Pere, die zweite vom Haus zu Sermizelles - m\u00fcssen Sie ein oder zwei Kanus mit dem Auto nehmen bzw. wegbringen. Sie k\u00f6nnen es auch zuerst bis zu 2 km flussabw\u00e4rts von Asquins versuchen.<\/span><\/span><\/span><\/p>\n<p><span style=\"font-family: libre-baskerville; font-size: 13pt;\"><span style=\"color: #333333;\"><span lang=\"de-DE\">Wenn Sie es nicht schaffen oder nicht wollen, gibt es auch die M\u00f6glichkeit Kanus zu mieten - bei den roten oder (angeblich besseren) blauen Mietfahrzeugen (siehe Karte). Dann werden Sie mit dem Kanu zum Start gefahren oder am Endpunkt abgeholt.<\/span><\/span><\/span><\/p>\n<\/div>\n<\/div><\/div><\/div><div id=\"pgc-547-2-2\"  class=\"panel-grid-cell panel-grid-cell-mobile-last\" ><div id=\"panel-547-2-2-0\" class=\"widget_text so-panel widget widget_custom_html panel-first-child panel-last-child\" data-index=\"4\" ><div class=\"textwidget custom-html-widget\"><iframe loading=\"lazy\" src=\"https:\/\/www.google.com\/maps\/d\/u\/0\/embed?mid=1fvr-BwtQ_Nh0Kl5GlqgNtCzBe6aVK9wO\" width=\"640\" height=\"480\"><\/iframe><\/div><\/div><\/div><div id=\"pgc-547-2-3\"  class=\"panel-grid-cell panel-grid-cell-empty\" ><\/div><\/div><\/div><div id=\"pg-547-3\"  class=\"panel-grid panel-no-style\" ><div id=\"pgc-547-3-0\"  class=\"panel-grid-cell panel-grid-cell-mobile-last\" ><div id=\"panel-547-3-0-0\" class=\"so-panel widget widget_media_image panel-first-child panel-last-child\" data-index=\"5\" ><img loading=\"lazy\" decoding=\"async\" width=\"600\" height=\"85\" src=\"https:\/\/vezelay.eu\/d\/wp-content\/uploads\/2018\/10\/grijs-600x85.jpg\" class=\"image wp-image-2274  attachment-medium size-medium\" alt=\"\" style=\"max-width: 100%; height: auto;\" srcset=\"https:\/\/vezelay.eu\/d\/wp-content\/uploads\/2018\/10\/grijs-600x85.jpg 600w, https:\/\/vezelay.eu\/d\/wp-content\/uploads\/2018\/10\/grijs-768x109.jpg 768w, https:\/\/vezelay.eu\/d\/wp-content\/uploads\/2018\/10\/grijs-700x100.jpg 700w, https:\/\/vezelay.eu\/d\/wp-content\/uploads\/2018\/10\/grijs.jpg 1188w\" sizes=\"auto, 100vw\" \/><\/div><\/div><div id=\"pgc-547-3-1\"  class=\"panel-grid-cell panel-grid-cell-empty\" ><\/div><\/div><div id=\"pg-547-4\"  class=\"panel-grid panel-no-style\" ><div id=\"pgc-547-4-0\"  class=\"panel-grid-cell panel-grid-cell-mobile-last\" ><div id=\"panel-547-4-0-0\" class=\"so-panel widget widget_media_image panel-first-child panel-last-child\" data-index=\"6\" ><img loading=\"lazy\" decoding=\"async\" width=\"600\" height=\"85\" src=\"https:\/\/vezelay.eu\/d\/wp-content\/uploads\/2018\/10\/grijs-600x85.jpg\" class=\"image wp-image-2274  attachment-medium size-medium\" alt=\"\" style=\"max-width: 100%; height: auto;\" srcset=\"https:\/\/vezelay.eu\/d\/wp-content\/uploads\/2018\/10\/grijs-600x85.jpg 600w, https:\/\/vezelay.eu\/d\/wp-content\/uploads\/2018\/10\/grijs-768x109.jpg 768w, https:\/\/vezelay.eu\/d\/wp-content\/uploads\/2018\/10\/grijs-700x100.jpg 700w, https:\/\/vezelay.eu\/d\/wp-content\/uploads\/2018\/10\/grijs.jpg 1188w\" sizes=\"auto, 100vw\" \/><\/div><\/div><div id=\"pgc-547-4-1\"  class=\"panel-grid-cell panel-grid-cell-empty\" ><\/div><\/div><div id=\"pg-547-5\"  class=\"panel-grid panel-no-style\" ><div id=\"pgc-547-5-0\"  class=\"panel-grid-cell panel-grid-cell-mobile-last\" ><div id=\"panel-547-5-0-0\" class=\"so-panel widget widget_media_image panel-first-child panel-last-child\" data-index=\"7\" ><img loading=\"lazy\" decoding=\"async\" width=\"600\" height=\"85\" src=\"https:\/\/vezelay.eu\/d\/wp-content\/uploads\/2018\/10\/grijs-600x85.jpg\" class=\"image wp-image-2274  attachment-medium size-medium\" alt=\"\" style=\"max-width: 100%; height: auto;\" srcset=\"https:\/\/vezelay.eu\/d\/wp-content\/uploads\/2018\/10\/grijs-600x85.jpg 600w, https:\/\/vezelay.eu\/d\/wp-content\/uploads\/2018\/10\/grijs-768x109.jpg 768w, https:\/\/vezelay.eu\/d\/wp-content\/uploads\/2018\/10\/grijs-700x100.jpg 700w, https:\/\/vezelay.eu\/d\/wp-content\/uploads\/2018\/10\/grijs.jpg 1188w\" sizes=\"auto, 100vw\" \/><\/div><\/div><div id=\"pgc-547-5-1\"  class=\"panel-grid-cell panel-grid-cell-empty\" ><\/div><\/div><div id=\"pg-547-6\"  class=\"panel-grid panel-no-style\" ><div id=\"pgc-547-6-0\"  class=\"panel-grid-cell panel-grid-cell-mobile-last\" ><div id=\"panel-547-6-0-0\" class=\"so-panel widget widget_media_image panel-first-child panel-last-child\" data-index=\"8\" ><img loading=\"lazy\" decoding=\"async\" width=\"600\" height=\"85\" src=\"https:\/\/vezelay.eu\/d\/wp-content\/uploads\/2018\/10\/grijs-600x85.jpg\" class=\"image wp-image-2274  attachment-medium size-medium\" alt=\"\" style=\"max-width: 100%; height: auto;\" srcset=\"https:\/\/vezelay.eu\/d\/wp-content\/uploads\/2018\/10\/grijs-600x85.jpg 600w, https:\/\/vezelay.eu\/d\/wp-content\/uploads\/2018\/10\/grijs-768x109.jpg 768w, https:\/\/vezelay.eu\/d\/wp-content\/uploads\/2018\/10\/grijs-700x100.jpg 700w, https:\/\/vezelay.eu\/d\/wp-content\/uploads\/2018\/10\/grijs.jpg 1188w\" sizes=\"auto, 100vw\" \/><\/div><\/div><div id=\"pgc-547-6-1\"  class=\"panel-grid-cell panel-grid-cell-empty\" ><\/div><\/div><div id=\"pg-547-7\"  class=\"panel-grid panel-no-style\" ><div id=\"pgc-547-7-0\"  class=\"panel-grid-cell panel-grid-cell-empty panel-grid-cell-mobile-last\" ><\/div><div id=\"pgc-547-7-1\"  class=\"panel-grid-cell panel-grid-cell-empty\" ><\/div><\/div><\/div>","protected":false},"excerpt":{"rendered":"<p>Die River Cure ist ruhig zwischen Saint Pere und Asquins (3 km), nur eine kleine Stromschnelle.<\/p>\n","protected":false},"author":1,"featured_media":0,"parent":0,"menu_order":0,"comment_status":"closed","ping_status":"closed","template":"","meta":{"footnotes":""},"class_list":["post-547","page","type-page","status-publish","hentry"],"_links":{"self":[{"href":"https:\/\/vezelay.eu\/d\/wp-json\/wp\/v2\/pages\/547","targetHints":{"allow":["GET"]}}],"collection":[{"href":"https:\/\/vezelay.eu\/d\/wp-json\/wp\/v2\/pages"}],"about":[{"href":"https:\/\/vezelay.eu\/d\/wp-json\/wp\/v2\/types\/page"}],"author":[{"embeddable":true,"href":"https:\/\/vezelay.eu\/d\/wp-json\/wp\/v2\/users\/1"}],"replies":[{"embeddable":true,"href":"https:\/\/vezelay.eu\/d\/wp-json\/wp\/v2\/comments?post=547"}],"version-history":[{"count":101,"href":"https:\/\/vezelay.eu\/d\/wp-json\/wp\/v2\/pages\/547\/revisions"}],"predecessor-version":[{"id":3340,"href":"https:\/\/vezelay.eu\/d\/wp-json\/wp\/v2\/pages\/547\/revisions\/3340"}],"wp:attachment":[{"href":"https:\/\/vezelay.eu\/d\/wp-json\/wp\/v2\/media?parent=547"}],"curies":[{"name":"wp","href":"https:\/\/api.w.org\/{rel}","templated":true}]}}