{"id":544,"date":"2018-09-22T07:04:19","date_gmt":"2018-09-22T07:04:19","guid":{"rendered":"https:\/\/vezelay.eu\/d\/?page_id=544"},"modified":"2020-06-08T14:22:56","modified_gmt":"2020-06-08T14:22:56","slug":"radfahren","status":"publish","type":"page","link":"https:\/\/vezelay.eu\/d\/radfahren\/","title":{"rendered":"Radfahren"},"content":{"rendered":"<div id=\"pl-544\"  class=\"panel-layout\" ><div id=\"pg-544-0\"  class=\"panel-grid panel-no-style\" ><div id=\"pgc-544-0-0\"  class=\"panel-grid-cell panel-grid-cell-mobile-last\" ><div id=\"panel-544-0-0-0\" class=\"so-panel widget widget_sow-editor panel-first-child panel-last-child\" data-index=\"0\" ><div\n\t\t\t\n\t\t\tclass=\"so-widget-sow-editor so-widget-sow-editor-base\"\n\t\t\t\n\t\t>\n<div class=\"siteorigin-widget-tinymce textwidget\">\n\t<\/div>\n<\/div><\/div><\/div><div id=\"pgc-544-0-1\"  class=\"panel-grid-cell panel-grid-cell-empty\" ><\/div><\/div><div id=\"pg-544-1\"  class=\"panel-grid panel-has-style\" ><div class=\"siteorigin-panels-stretch panel-row-style panel-row-style-for-544-1\" data-stretch-type=\"full-stretched\" ><div id=\"pgc-544-1-0\"  class=\"panel-grid-cell panel-grid-cell-empty\" ><\/div><div id=\"pgc-544-1-1\"  class=\"panel-grid-cell\" ><div id=\"panel-544-1-1-0\" class=\"so-panel widget widget_media_image panel-first-child panel-last-child\" data-index=\"1\" ><h3 class=\"widget-title\">Radtour s\u00fcdwestlich von V\u00e9zelay (26km) \u21b4<\/h3><a href=\"https:\/\/drive.google.com\/open?id=1EXha22KheE4WIRiO1oo2MafHSRuvmZU9&#038;usp=sharing\" target=\"_blank\"><img loading=\"lazy\" decoding=\"async\" width=\"1280\" height=\"720\" src=\"https:\/\/vezelay.eu\/d\/wp-content\/uploads\/2018\/09\/5660482372_89707ed22e_o-1.jpg\" class=\"image wp-image-663  attachment-full size-full\" alt=\"\" style=\"max-width: 100%; height: auto;\" srcset=\"https:\/\/vezelay.eu\/d\/wp-content\/uploads\/2018\/09\/5660482372_89707ed22e_o-1.jpg 1280w, https:\/\/vezelay.eu\/d\/wp-content\/uploads\/2018\/09\/5660482372_89707ed22e_o-1-600x338.jpg 600w, https:\/\/vezelay.eu\/d\/wp-content\/uploads\/2018\/09\/5660482372_89707ed22e_o-1-768x432.jpg 768w, https:\/\/vezelay.eu\/d\/wp-content\/uploads\/2018\/09\/5660482372_89707ed22e_o-1-171x96.jpg 171w\" sizes=\"auto, 100vw\" \/><\/a><\/div><\/div><div id=\"pgc-544-1-2\"  class=\"panel-grid-cell panel-grid-cell-mobile-last\" ><div id=\"panel-544-1-2-0\" class=\"so-panel widget widget_media_image panel-first-child panel-last-child\" data-index=\"2\" ><h3 class=\"widget-title\">Radtour nord\u00f6stlich von V\u00e9zelay (43km) \u21b4<\/h3><a href=\"https:\/\/drive.google.com\/open?id=1poeNmZTm6t8YKSOmf3qGbWbVyXX4MGDc&#038;usp=sharing\" target=\"_blank\"><img loading=\"lazy\" decoding=\"async\" width=\"1280\" height=\"720\" src=\"https:\/\/vezelay.eu\/d\/wp-content\/uploads\/2018\/09\/SDC10861.jpg\" class=\"image wp-image-666  attachment-full size-full\" alt=\"\" style=\"max-width: 100%; height: auto;\" srcset=\"https:\/\/vezelay.eu\/d\/wp-content\/uploads\/2018\/09\/SDC10861.jpg 1280w, https:\/\/vezelay.eu\/d\/wp-content\/uploads\/2018\/09\/SDC10861-600x338.jpg 600w, https:\/\/vezelay.eu\/d\/wp-content\/uploads\/2018\/09\/SDC10861-768x432.jpg 768w, https:\/\/vezelay.eu\/d\/wp-content\/uploads\/2018\/09\/SDC10861-171x96.jpg 171w\" sizes=\"auto, 100vw\" \/><\/a><\/div><\/div><div id=\"pgc-544-1-3\"  class=\"panel-grid-cell panel-grid-cell-empty\" ><\/div><\/div><\/div><div id=\"pg-544-2\"  class=\"panel-grid panel-has-style\" ><div class=\"siteorigin-panels-stretch panel-row-style panel-row-style-for-544-2\" data-stretch-type=\"full-stretched\" ><div id=\"pgc-544-2-0\"  class=\"panel-grid-cell panel-grid-cell-empty\" ><\/div><div id=\"pgc-544-2-1\"  class=\"panel-grid-cell\" ><div id=\"panel-544-2-1-0\" class=\"so-panel widget widget_media_image panel-first-child panel-last-child\" data-index=\"3\" ><img loading=\"lazy\" decoding=\"async\" width=\"1280\" height=\"720\" src=\"https:\/\/vezelay.eu\/d\/wp-content\/uploads\/2018\/09\/fietsen.jpg\" class=\"image wp-image-615  attachment-full size-full\" alt=\"\" style=\"max-width: 100%; height: auto;\" srcset=\"https:\/\/vezelay.eu\/d\/wp-content\/uploads\/2018\/09\/fietsen.jpg 1280w, https:\/\/vezelay.eu\/d\/wp-content\/uploads\/2018\/09\/fietsen-600x338.jpg 600w, https:\/\/vezelay.eu\/d\/wp-content\/uploads\/2018\/09\/fietsen-768x432.jpg 768w, https:\/\/vezelay.eu\/d\/wp-content\/uploads\/2018\/09\/fietsen-171x96.jpg 171w\" sizes=\"auto, 100vw\" \/><\/div><\/div><div id=\"pgc-544-2-2\"  class=\"panel-grid-cell panel-grid-cell-empty\" ><\/div><div id=\"pgc-544-2-3\"  class=\"panel-grid-cell panel-grid-cell-mobile-last\" ><div id=\"panel-544-2-3-0\" class=\"so-panel widget widget_sow-editor panel-first-child panel-last-child\" data-index=\"4\" ><div\n\t\t\t\n\t\t\tclass=\"so-widget-sow-editor so-widget-sow-editor-base\"\n\t\t\t\n\t\t><h3 class=\"widget-title\">Praktisch<\/h3>\n<div class=\"siteorigin-widget-tinymce textwidget\">\n\t<p><span style=\"font-family: libre-baskerville; font-size: 13pt;\">In beiden H\u00e4usern gibt es zwei Mountainbikes f\u00fcr die G\u00e4ste.<\/span><\/p>\n<p><span style=\"font-family: libre-baskerville; font-size: 13pt;\">Mit dem Mountainbike k\u00f6nnen Sie auch auf Wanderwegen fahren, und damit auch auf den beschriebenen Wanderwegen Radfahren. Hier zwei weitere Fahrten auf ruhigen Asphaltstra\u00dfen in der Nachbarschaft.<\/span><\/p>\n<\/div>\n<\/div><\/div><\/div><div id=\"pgc-544-2-4\"  class=\"panel-grid-cell panel-grid-cell-empty\" ><\/div><\/div><\/div><div id=\"pg-544-3\"  class=\"panel-grid panel-no-style\" ><div id=\"pgc-544-3-0\"  class=\"panel-grid-cell panel-grid-cell-mobile-last\" ><div id=\"panel-544-3-0-0\" class=\"so-panel widget widget_media_image panel-first-child panel-last-child\" data-index=\"5\" ><img loading=\"lazy\" decoding=\"async\" width=\"600\" height=\"85\" src=\"https:\/\/vezelay.eu\/d\/wp-content\/uploads\/2018\/10\/grijs-600x85.jpg\" class=\"image wp-image-2274  attachment-medium size-medium\" alt=\"\" style=\"max-width: 100%; height: auto;\" srcset=\"https:\/\/vezelay.eu\/d\/wp-content\/uploads\/2018\/10\/grijs-600x85.jpg 600w, https:\/\/vezelay.eu\/d\/wp-content\/uploads\/2018\/10\/grijs-768x109.jpg 768w, https:\/\/vezelay.eu\/d\/wp-content\/uploads\/2018\/10\/grijs-700x100.jpg 700w, https:\/\/vezelay.eu\/d\/wp-content\/uploads\/2018\/10\/grijs.jpg 1188w\" sizes=\"auto, 100vw\" \/><\/div><\/div><div id=\"pgc-544-3-1\"  class=\"panel-grid-cell panel-grid-cell-empty\" ><\/div><\/div><div id=\"pg-544-4\"  class=\"panel-grid panel-no-style\" ><div id=\"pgc-544-4-0\"  class=\"panel-grid-cell panel-grid-cell-mobile-last\" ><div id=\"panel-544-4-0-0\" class=\"so-panel widget widget_media_image panel-first-child panel-last-child\" data-index=\"6\" ><img loading=\"lazy\" decoding=\"async\" width=\"600\" height=\"85\" src=\"https:\/\/vezelay.eu\/d\/wp-content\/uploads\/2018\/10\/grijs-600x85.jpg\" class=\"image wp-image-2274  attachment-medium size-medium\" alt=\"\" style=\"max-width: 100%; height: auto;\" srcset=\"https:\/\/vezelay.eu\/d\/wp-content\/uploads\/2018\/10\/grijs-600x85.jpg 600w, https:\/\/vezelay.eu\/d\/wp-content\/uploads\/2018\/10\/grijs-768x109.jpg 768w, https:\/\/vezelay.eu\/d\/wp-content\/uploads\/2018\/10\/grijs-700x100.jpg 700w, https:\/\/vezelay.eu\/d\/wp-content\/uploads\/2018\/10\/grijs.jpg 1188w\" sizes=\"auto, 100vw\" \/><\/div><\/div><div id=\"pgc-544-4-1\"  class=\"panel-grid-cell panel-grid-cell-empty\" ><\/div><\/div><div id=\"pg-544-5\"  class=\"panel-grid panel-no-style\" ><div id=\"pgc-544-5-0\"  class=\"panel-grid-cell panel-grid-cell-mobile-last\" ><div id=\"panel-544-5-0-0\" class=\"so-panel widget widget_media_image panel-first-child panel-last-child\" data-index=\"7\" ><img loading=\"lazy\" decoding=\"async\" width=\"600\" height=\"85\" src=\"https:\/\/vezelay.eu\/d\/wp-content\/uploads\/2018\/10\/grijs-600x85.jpg\" class=\"image wp-image-2274  attachment-medium size-medium\" alt=\"\" style=\"max-width: 100%; height: auto;\" srcset=\"https:\/\/vezelay.eu\/d\/wp-content\/uploads\/2018\/10\/grijs-600x85.jpg 600w, https:\/\/vezelay.eu\/d\/wp-content\/uploads\/2018\/10\/grijs-768x109.jpg 768w, https:\/\/vezelay.eu\/d\/wp-content\/uploads\/2018\/10\/grijs-700x100.jpg 700w, https:\/\/vezelay.eu\/d\/wp-content\/uploads\/2018\/10\/grijs.jpg 1188w\" sizes=\"auto, 100vw\" \/><\/div><\/div><div id=\"pgc-544-5-1\"  class=\"panel-grid-cell panel-grid-cell-empty\" ><\/div><\/div><div id=\"pg-544-6\"  class=\"panel-grid panel-no-style\" ><div id=\"pgc-544-6-0\"  class=\"panel-grid-cell panel-grid-cell-mobile-last\" ><div id=\"panel-544-6-0-0\" class=\"so-panel widget widget_media_image panel-first-child panel-last-child\" data-index=\"8\" ><img loading=\"lazy\" decoding=\"async\" width=\"600\" height=\"85\" src=\"https:\/\/vezelay.eu\/d\/wp-content\/uploads\/2018\/10\/grijs-600x85.jpg\" class=\"image wp-image-2274  attachment-medium size-medium\" alt=\"\" style=\"max-width: 100%; height: auto;\" srcset=\"https:\/\/vezelay.eu\/d\/wp-content\/uploads\/2018\/10\/grijs-600x85.jpg 600w, https:\/\/vezelay.eu\/d\/wp-content\/uploads\/2018\/10\/grijs-768x109.jpg 768w, https:\/\/vezelay.eu\/d\/wp-content\/uploads\/2018\/10\/grijs-700x100.jpg 700w, https:\/\/vezelay.eu\/d\/wp-content\/uploads\/2018\/10\/grijs.jpg 1188w\" sizes=\"auto, 100vw\" \/><\/div><\/div><div id=\"pgc-544-6-1\"  class=\"panel-grid-cell panel-grid-cell-empty\" ><\/div><\/div><div id=\"pg-544-7\"  class=\"panel-grid panel-no-style\" ><div id=\"pgc-544-7-0\"  class=\"panel-grid-cell panel-grid-cell-mobile-last\" ><div id=\"panel-544-7-0-0\" class=\"so-panel widget widget_media_image panel-first-child panel-last-child\" data-index=\"9\" ><img loading=\"lazy\" decoding=\"async\" width=\"600\" height=\"85\" src=\"https:\/\/vezelay.eu\/d\/wp-content\/uploads\/2018\/10\/grijs-600x85.jpg\" class=\"image wp-image-2274  attachment-medium size-medium\" alt=\"\" style=\"max-width: 100%; height: auto;\" srcset=\"https:\/\/vezelay.eu\/d\/wp-content\/uploads\/2018\/10\/grijs-600x85.jpg 600w, https:\/\/vezelay.eu\/d\/wp-content\/uploads\/2018\/10\/grijs-768x109.jpg 768w, https:\/\/vezelay.eu\/d\/wp-content\/uploads\/2018\/10\/grijs-700x100.jpg 700w, https:\/\/vezelay.eu\/d\/wp-content\/uploads\/2018\/10\/grijs.jpg 1188w\" sizes=\"auto, 100vw\" \/><\/div><\/div><div id=\"pgc-544-7-1\"  class=\"panel-grid-cell panel-grid-cell-empty\" ><\/div><\/div><div id=\"pg-544-8\"  class=\"panel-grid panel-no-style\" ><div id=\"pgc-544-8-0\"  class=\"panel-grid-cell panel-grid-cell-mobile-last\" ><div id=\"panel-544-8-0-0\" class=\"so-panel widget widget_media_image panel-first-child panel-last-child\" data-index=\"10\" ><img loading=\"lazy\" decoding=\"async\" width=\"600\" height=\"85\" src=\"https:\/\/vezelay.eu\/d\/wp-content\/uploads\/2018\/10\/grijs-600x85.jpg\" class=\"image wp-image-2274  attachment-medium size-medium\" alt=\"\" style=\"max-width: 100%; height: auto;\" srcset=\"https:\/\/vezelay.eu\/d\/wp-content\/uploads\/2018\/10\/grijs-600x85.jpg 600w, https:\/\/vezelay.eu\/d\/wp-content\/uploads\/2018\/10\/grijs-768x109.jpg 768w, https:\/\/vezelay.eu\/d\/wp-content\/uploads\/2018\/10\/grijs-700x100.jpg 700w, https:\/\/vezelay.eu\/d\/wp-content\/uploads\/2018\/10\/grijs.jpg 1188w\" sizes=\"auto, 100vw\" \/><\/div><\/div><div id=\"pgc-544-8-1\"  class=\"panel-grid-cell panel-grid-cell-empty\" ><\/div><\/div><div id=\"pg-544-9\"  class=\"panel-grid panel-no-style\" ><div id=\"pgc-544-9-0\"  class=\"panel-grid-cell panel-grid-cell-empty panel-grid-cell-mobile-last\" ><\/div><div id=\"pgc-544-9-1\"  class=\"panel-grid-cell panel-grid-cell-empty\" ><\/div><\/div><\/div>","protected":false},"excerpt":{"rendered":"<p>Radtour s\u00fcdwestlich von V\u00e9zelay (26km) \u21b4Radtour nord\u00f6stlich von V\u00e9zelay (43km) \u21b4Praktisch In beiden H\u00e4usern gibt es zwei Mountainbikes f\u00fcr die G\u00e4ste. Mit dem Mountainbike k\u00f6nnen Sie auch auf Wanderwegen fahren, und damit auch auf den beschriebenen Wanderwegen Radfahren. Hier zwei weitere Fahrten auf ruhigen Asphaltstra\u00dfen in der Nachbarschaft.<\/p>\n","protected":false},"author":1,"featured_media":0,"parent":0,"menu_order":0,"comment_status":"closed","ping_status":"closed","template":"","meta":{"footnotes":""},"class_list":["post-544","page","type-page","status-publish","hentry"],"_links":{"self":[{"href":"https:\/\/vezelay.eu\/d\/wp-json\/wp\/v2\/pages\/544","targetHints":{"allow":["GET"]}}],"collection":[{"href":"https:\/\/vezelay.eu\/d\/wp-json\/wp\/v2\/pages"}],"about":[{"href":"https:\/\/vezelay.eu\/d\/wp-json\/wp\/v2\/types\/page"}],"author":[{"embeddable":true,"href":"https:\/\/vezelay.eu\/d\/wp-json\/wp\/v2\/users\/1"}],"replies":[{"embeddable":true,"href":"https:\/\/vezelay.eu\/d\/wp-json\/wp\/v2\/comments?post=544"}],"version-history":[{"count":54,"href":"https:\/\/vezelay.eu\/d\/wp-json\/wp\/v2\/pages\/544\/revisions"}],"predecessor-version":[{"id":3348,"href":"https:\/\/vezelay.eu\/d\/wp-json\/wp\/v2\/pages\/544\/revisions\/3348"}],"wp:attachment":[{"href":"https:\/\/vezelay.eu\/d\/wp-json\/wp\/v2\/media?parent=544"}],"curies":[{"name":"wp","href":"https:\/\/api.w.org\/{rel}","templated":true}]}}