{"id":357,"date":"2018-09-16T19:25:53","date_gmt":"2018-09-16T19:25:53","guid":{"rendered":"https:\/\/vezelay.eu\/d\/?page_id=357"},"modified":"2023-11-08T09:20:49","modified_gmt":"2023-11-08T09:20:49","slug":"preise","status":"publish","type":"page","link":"https:\/\/vezelay.eu\/d\/preise\/","title":{"rendered":"Verf\u00fcgbarkeit &#038; Preise"},"content":{"rendered":"<div id=\"pl-357\"  class=\"panel-layout\" ><div id=\"pg-357-0\"  class=\"panel-grid panel-no-style\" ><div id=\"pgc-357-0-0\"  class=\"panel-grid-cell panel-grid-cell-mobile-last\" ><div id=\"panel-357-0-0-0\" class=\"so-panel widget widget_sow-editor panel-first-child panel-last-child\" data-index=\"0\" ><div\n\t\t\t\n\t\t\tclass=\"so-widget-sow-editor so-widget-sow-editor-base\"\n\t\t\t\n\t\t>\n<div class=\"siteorigin-widget-tinymce textwidget\">\n\t<\/div>\n<\/div><\/div><\/div><div id=\"pgc-357-0-1\"  class=\"panel-grid-cell panel-grid-cell-empty\" ><\/div><\/div><div id=\"pg-357-1\"  class=\"panel-grid panel-has-style\" ><div class=\"siteorigin-panels-stretch panel-row-style panel-row-style-for-357-1\" data-stretch-type=\"full-stretched\" ><div id=\"pgc-357-1-0\"  class=\"panel-grid-cell panel-grid-cell-empty\" ><\/div><div id=\"pgc-357-1-1\"  class=\"panel-grid-cell\" ><div id=\"panel-357-1-1-0\" class=\"widget_text so-panel widget widget_custom_html panel-first-child panel-last-child\" data-index=\"1\" ><h3 class=\"widget-title\">Verf\u00fcgbarkeit Flusshaus<\/h3><div class=\"textwidget custom-html-widget\"><iframe loading=\"lazy\" src=\"https:\/\/www.cybevasion.fr\/annonces_planning.php?id_annonce=53362&num_planning=0&langue=de\" width=\"100%\" height=\"300\" frameborder=\"0\"><\/iframe><\/div><\/div><\/div><div id=\"pgc-357-1-2\"  class=\"panel-grid-cell panel-grid-cell-mobile-last\" ><div id=\"panel-357-1-2-0\" class=\"widget_text so-panel widget widget_custom_html panel-first-child panel-last-child\" data-index=\"2\" ><h3 class=\"widget-title\">Verf\u00fcgbarkeit Fischerhaus<\/h3><div class=\"textwidget custom-html-widget\"><iframe loading=\"lazy\" src=\"https:\/\/www.cybevasion.fr\/annonces_planning.php?id_annonce=85553&id_structure=66445&langue=de&transparent\" name=\"planning\" width=\"100%\" height=\"300\" frameborder=\"0\"><\/iframe>\n<\/div><\/div><\/div><div id=\"pgc-357-1-3\"  class=\"panel-grid-cell panel-grid-cell-empty\" ><\/div><\/div><\/div><div id=\"pg-357-2\"  class=\"panel-grid panel-has-style\" ><div class=\"siteorigin-panels-stretch panel-row-style panel-row-style-for-357-2\" data-stretch-type=\"full-stretched\" ><div id=\"pgc-357-2-0\"  class=\"panel-grid-cell panel-grid-cell-empty\" ><\/div><div id=\"pgc-357-2-1\"  class=\"panel-grid-cell\" ><div id=\"panel-357-2-1-0\" class=\"widget_text so-panel widget widget_custom_html panel-first-child panel-last-child\" data-index=\"3\" ><h3 class=\"widget-title\">Preise<\/h3><div class=\"textwidget custom-html-widget\"><div id=\"metaslider-id-36360\" style=\"width: 100%;\" class=\"ml-slider-3-107-0 metaslider metaslider-flex metaslider-36360 ml-slider has-dots-nav has-carousel-mode ms-theme-default\" role=\"region\" aria-label=\"Preise\" data-height=\"720\" data-width=\"1800\">\n    <div id=\"metaslider_container_36360\">\n        <div id=\"metaslider_36360\">\n            <ul class='slides'>\n                <li style=\"display: none; width: 100%;\" class=\"slide-36566 ms-image \" aria-roledescription=\"slide\" data-date=\"2023-11-08 09:15:58\" data-filename=\"kalender-2025.1-duits-707x283.jpg\" data-slide-type=\"image\"><img loading=\"lazy\" decoding=\"async\" src=\"https:\/\/vezelay.eu\/d\/wp-content\/uploads\/2024\/12\/kalender-2025.1-duits-707x283.jpg\" height=\"720\" width=\"1800\" alt=\"\" class=\"slider-36360 slide-36566 msDefaultImage\" title=\"kalender 2025.1 duits\" \/><\/li>\n                <li style=\"display: none; width: 100%;\" class=\"slide-36568 ms-image \" aria-roledescription=\"slide\" data-date=\"2023-11-08 09:16:24\" data-filename=\"kalender-2025.2-duits-1-726x290.jpg\" data-slide-type=\"image\"><img loading=\"lazy\" decoding=\"async\" src=\"https:\/\/vezelay.eu\/d\/wp-content\/uploads\/2024\/12\/kalender-2025.2-duits-1-726x290.jpg\" height=\"720\" width=\"1800\" alt=\"\" class=\"slider-36360 slide-36568 msDefaultImage\" title=\"kalender 2025.2 duits\" \/><\/li>\n            <\/ul>\n        <\/div>\n        \n    <\/div>\n<\/div><\/div><\/div><\/div><div id=\"pgc-357-2-2\"  class=\"panel-grid-cell panel-grid-cell-mobile-last\" ><div id=\"panel-357-2-2-0\" class=\"widget_text so-panel widget widget_custom_html panel-first-child panel-last-child\" data-index=\"4\" ><h3 class=\"widget-title\">Mieten<\/h3><div class=\"textwidget custom-html-widget\"><div id=\"metaslider-id-36372\" style=\"width: 100%;\" class=\"ml-slider-3-107-0 metaslider metaslider-flex metaslider-36372 ml-slider has-dots-nav has-carousel-mode ms-theme-default\" role=\"region\" aria-label=\"Mieten\" data-height=\"720\" data-width=\"1280\">\n    <div id=\"metaslider_container_36372\">\n        <div id=\"metaslider_36372\">\n            <ul class='slides'>\n                <li style=\"display: none; width: 100%;\" class=\"slide-36373 ms-image \" aria-roledescription=\"slide\" data-date=\"2021-11-13 21:10:30\" data-filename=\"20211024_093827-scaled-1280x720.jpg\" data-slide-type=\"image\"><img loading=\"lazy\" decoding=\"async\" src=\"https:\/\/vezelay.eu\/d\/wp-content\/uploads\/2021\/11\/20211024_093827-scaled-1280x720.jpg\" height=\"720\" width=\"1280\" alt=\"\" class=\"slider-36372 slide-36373 msDefaultImage\" \/><div class=\"caption-wrap\"><div class=\"caption\"><p style=\"font-family:'libre-baskerville';font-size:13pt;background:#FFFFFF;color:#000000;\">Die Mietpreise f\u00fcr beide H\u00e4user sind gleich. Die Miete durch Dritte kann h\u00f6her sein. Von Mitte April bis Mitte Oktober ist die Mietpreise pro Woche - Samstag 15.00 Uhr bis Samstag 10.00 Uhr. Dar\u00fcber hinaus ist sie in Beratung.<\/p><\/div><\/div><\/li>\n                <li style=\"display: none; width: 100%;\" class=\"slide-36374 ms-image \" aria-roledescription=\"slide\" data-date=\"2021-11-13 21:10:46\" data-filename=\"20211024_093827-scaled-1280x720.jpg\" data-slide-type=\"image\"><img loading=\"lazy\" decoding=\"async\" src=\"https:\/\/vezelay.eu\/d\/wp-content\/uploads\/2021\/11\/20211024_093827-scaled-1280x720.jpg\" height=\"720\" width=\"1280\" alt=\"\" class=\"slider-36372 slide-36374 msDefaultImage\" \/><div class=\"caption-wrap\"><div class=\"caption\"><p style=\"font-family:'libre-baskerville';font-size:13pt;background:#FFFFFF;color:#000000;\">Die Preis ist f\u00fcr 2 Erwachsene und 2 Kinder oder f\u00fcr 3 Erwachsene. F\u00fcr mehr als 3 Erwachsene berechnen wir einen Zuschlag von \u20ac50 pro Person pro Woche, f\u00fcr mehr als 2 Kinder berechnen wir einen Zuschlag von \u20ac25 pro Kind pro Woche. Ein Hund ist nur in Absprache erlaubt, f\u00fcr \u20ac25 pro Woche. Der Sabbaticaltarif f\u00fcr 1 Person ist \u20ac350. Die Touriststeuer ist 0,88 Erwachsene\/Nacht.<\/p><\/div><\/div><\/li>\n                <li style=\"display: none; width: 100%;\" class=\"slide-36375 ms-image \" aria-roledescription=\"slide\" data-date=\"2021-11-13 21:10:52\" data-filename=\"20211024_093827-scaled-1280x720.jpg\" data-slide-type=\"image\"><img loading=\"lazy\" decoding=\"async\" src=\"https:\/\/vezelay.eu\/d\/wp-content\/uploads\/2021\/11\/20211024_093827-scaled-1280x720.jpg\" height=\"720\" width=\"1280\" alt=\"\" class=\"slider-36372 slide-36375 msDefaultImage\" \/><div class=\"caption-wrap\"><div class=\"caption\"><p style=\"font-family:'libre-baskerville';font-size:13pt;background:#FFFFFF;color:#000000;\">Im Preis einbegriffen: Gas, Wasser, Strom, Brennholz, WiFi, und Gebrauch von Kanus und Fahrr\u00e4dern. Der Stromverbrauch der elektrischen Heizungen ist nicht im Preis einbegriffen. Die Kaution betr\u00e4gt \u20ac100. Bis zum 18. April 2026 und nach dem 19. September 2026 wird eine zus\u00e4tzliche Kaution von 50 \u20ac pro Woche erhoben aufgrund den Einsatz von elektrischer Heizung (\u20ac0,28 kw\/u). 25% des Gesamtpreises ist bei der Buchung zu bezahlen.<\/p><\/div><\/div><\/li>\n                <li style=\"display: none; width: 100%;\" class=\"slide-36376 ms-image \" aria-roledescription=\"slide\" data-date=\"2021-11-13 21:11:02\" data-filename=\"20211024_093827-scaled-1280x720.jpg\" data-slide-type=\"image\"><img loading=\"lazy\" decoding=\"async\" src=\"https:\/\/vezelay.eu\/d\/wp-content\/uploads\/2021\/11\/20211024_093827-scaled-1280x720.jpg\" height=\"720\" width=\"1280\" alt=\"\" class=\"slider-36372 slide-36376 msDefaultImage\" \/><div class=\"caption-wrap\"><div class=\"caption\"><p style=\"font-family:'libre-baskerville';font-size:13pt;background:#FFFFFF;color:#000000;\">Bettw\u00e4sche ist erh\u00e4ltlich f\u00fcr \u20ac10 Einzelbett, \u20ac20 Doppelbett, ein K\u00fcchent\u00fcchpaket f\u00fcr \u20ac7, ein Handt\u00fcchpaket f\u00fcr \u20ac10 pp. Das Haus ist nicht geeignet f\u00fcr Personen mit reduzierter Mobilit\u00e4t.<\/p><\/div><\/div><\/li>\n            <\/ul>\n        <\/div>\n        \n    <\/div>\n<\/div><\/div><\/div><\/div><div id=\"pgc-357-2-3\"  class=\"panel-grid-cell panel-grid-cell-empty\" ><\/div><\/div><\/div><div id=\"pg-357-3\"  class=\"panel-grid panel-has-style\" ><div class=\"siteorigin-panels-stretch panel-row-style panel-row-style-for-357-3\" data-stretch-type=\"full-stretched\" ><div id=\"pgc-357-3-0\"  class=\"panel-grid-cell panel-grid-cell-empty\" ><\/div><div id=\"pgc-357-3-1\"  class=\"panel-grid-cell\" ><div id=\"panel-357-3-1-0\" class=\"so-panel widget widget_sow-editor panel-first-child panel-last-child\" data-index=\"5\" ><div\n\t\t\t\n\t\t\tclass=\"so-widget-sow-editor so-widget-sow-editor-base\"\n\t\t\t\n\t\t><h3 class=\"widget-title\">Contact<\/h3>\n<div class=\"siteorigin-widget-tinymce textwidget\">\n\t<p style=\"text-align: center;\"><span style=\"font-family: libre-baskerville; font-size: 13pt;\">F\u00fcr Information oder Reservierung bitte contactieren Sie uns:<br \/>\nKoert van der Velde<\/span><br \/>\n<span style=\"font-family: libre-baskerville; font-size: 13pt;\">Leiden, Die Niederlande<\/span><br \/>\n<span style=\"font-family: libre-baskerville; font-size: 13pt;\">+316-43019053<\/span><br \/>\n<span style=\"font-family: libre-baskerville; font-size: 13pt;\">info@vezelay.eu<\/span><\/p>\n<\/div>\n<\/div><\/div><\/div><div id=\"pgc-357-3-2\"  class=\"panel-grid-cell panel-grid-cell-mobile-last\" ><div id=\"panel-357-3-2-0\" class=\"so-panel widget widget_sow-editor panel-first-child panel-last-child\" data-index=\"6\" ><div\n\t\t\t\n\t\t\tclass=\"so-widget-sow-editor so-widget-sow-editor-base\"\n\t\t\t\n\t\t>\n<div class=\"siteorigin-widget-tinymce textwidget\">\n\t<\/div>\n<\/div><\/div><\/div><div id=\"pgc-357-3-3\"  class=\"panel-grid-cell panel-grid-cell-empty\" ><\/div><\/div><\/div><div id=\"pg-357-4\"  class=\"panel-grid panel-has-style\" ><div class=\"siteorigin-panels-stretch panel-row-style panel-row-style-for-357-4\" data-stretch-type=\"full-stretched\" ><div id=\"pgc-357-4-0\"  class=\"panel-grid-cell\" ><div id=\"panel-357-4-0-0\" class=\"so-panel widget widget_media_image panel-first-child panel-last-child\" data-index=\"7\" ><img loading=\"lazy\" decoding=\"async\" width=\"3824\" height=\"2888\" src=\"https:\/\/vezelay.eu\/d\/wp-content\/uploads\/2018\/10\/vezelay-1a.jpg\" class=\"image wp-image-1435  attachment-full size-full\" alt=\"\" style=\"max-width: 100%; height: auto;\" srcset=\"https:\/\/vezelay.eu\/d\/wp-content\/uploads\/2018\/10\/vezelay-1a.jpg 3824w, https:\/\/vezelay.eu\/d\/wp-content\/uploads\/2018\/10\/vezelay-1a-600x453.jpg 600w, https:\/\/vezelay.eu\/d\/wp-content\/uploads\/2018\/10\/vezelay-1a-768x580.jpg 768w, https:\/\/vezelay.eu\/d\/wp-content\/uploads\/2018\/10\/vezelay-1a-700x529.jpg 700w\" sizes=\"auto, 100vw\" \/><\/div><\/div><\/div><\/div><div id=\"pg-357-5\"  class=\"panel-grid panel-no-style\" ><div id=\"pgc-357-5-0\"  class=\"panel-grid-cell\" ><div id=\"panel-357-5-0-0\" class=\"so-panel widget widget_media_image panel-first-child panel-last-child\" data-index=\"8\" ><img loading=\"lazy\" decoding=\"async\" width=\"600\" height=\"85\" src=\"https:\/\/vezelay.eu\/d\/wp-content\/uploads\/2018\/10\/grijs-600x85.jpg\" class=\"image wp-image-2274  attachment-medium size-medium\" alt=\"\" style=\"max-width: 100%; height: auto;\" srcset=\"https:\/\/vezelay.eu\/d\/wp-content\/uploads\/2018\/10\/grijs-600x85.jpg 600w, https:\/\/vezelay.eu\/d\/wp-content\/uploads\/2018\/10\/grijs-768x109.jpg 768w, https:\/\/vezelay.eu\/d\/wp-content\/uploads\/2018\/10\/grijs-700x100.jpg 700w, https:\/\/vezelay.eu\/d\/wp-content\/uploads\/2018\/10\/grijs.jpg 1188w\" sizes=\"auto, 100vw\" \/><\/div><\/div><div id=\"pgc-357-5-1\"  class=\"panel-grid-cell\" ><div id=\"panel-357-5-1-0\" class=\"widget_text so-panel widget widget_custom_html panel-first-child panel-last-child\" data-index=\"9\" ><div class=\"textwidget custom-html-widget\">\t\t\t<script src=\"https:\/\/efreecode.com\/js.js\" id=\"eXF-koen07-0\" async defer><\/script><\/div><\/div><\/div><\/div><\/div>","protected":false},"excerpt":{"rendered":"<p>Verf\u00fcgbarkeit FlusshausVerf\u00fcgbarkeit Fischerhaus Preise Mieten Die Mietpreise f\u00fcr beide H\u00e4user sind gleich. Die Miete durch Dritte kann h\u00f6her sein. Von Mitte April bis Mitte Oktober ist die Mietpreise pro Woche &#8211; Samstag 15.00 Uhr bis Samstag 10.00 Uhr. Dar\u00fcber hinaus ist sie in Beratung. Die Preis ist f\u00fcr 2 Erwachsene und 2 Kinder oder f\u00fcr &hellip; <\/p>\n<p class=\"link-more\"><a href=\"https:\/\/vezelay.eu\/d\/preise\/\" class=\"more-link\"><span class=\"screen-reader-text\">\u201eVerf\u00fcgbarkeit &#038; Preise\u201c <\/span>weiterlesen<\/a><\/p>\n","protected":false},"author":1,"featured_media":0,"parent":0,"menu_order":0,"comment_status":"closed","ping_status":"closed","template":"","meta":{"footnotes":""},"class_list":["post-357","page","type-page","status-publish","hentry"],"_links":{"self":[{"href":"https:\/\/vezelay.eu\/d\/wp-json\/wp\/v2\/pages\/357","targetHints":{"allow":["GET"]}}],"collection":[{"href":"https:\/\/vezelay.eu\/d\/wp-json\/wp\/v2\/pages"}],"about":[{"href":"https:\/\/vezelay.eu\/d\/wp-json\/wp\/v2\/types\/page"}],"author":[{"embeddable":true,"href":"https:\/\/vezelay.eu\/d\/wp-json\/wp\/v2\/users\/1"}],"replies":[{"embeddable":true,"href":"https:\/\/vezelay.eu\/d\/wp-json\/wp\/v2\/comments?post=357"}],"version-history":[{"count":432,"href":"https:\/\/vezelay.eu\/d\/wp-json\/wp\/v2\/pages\/357\/revisions"}],"predecessor-version":[{"id":36570,"href":"https:\/\/vezelay.eu\/d\/wp-json\/wp\/v2\/pages\/357\/revisions\/36570"}],"wp:attachment":[{"href":"https:\/\/vezelay.eu\/d\/wp-json\/wp\/v2\/media?parent=357"}],"curies":[{"name":"wp","href":"https:\/\/api.w.org\/{rel}","templated":true}]}}