{"id":354,"date":"2018-09-16T19:25:22","date_gmt":"2018-09-16T19:25:22","guid":{"rendered":"https:\/\/vezelay.eu\/d\/?page_id=354"},"modified":"2021-11-12T06:41:30","modified_gmt":"2021-11-12T06:41:30","slug":"sabbatical","status":"publish","type":"page","link":"https:\/\/vezelay.eu\/d\/sabbatical\/","title":{"rendered":"Sabbatical"},"content":{"rendered":"<div id=\"pl-354\"  class=\"panel-layout\" ><div id=\"pg-354-0\"  class=\"panel-grid panel-no-style\" ><div id=\"pgc-354-0-0\"  class=\"panel-grid-cell panel-grid-cell-empty panel-grid-cell-mobile-last\" ><\/div><div id=\"pgc-354-0-1\"  class=\"panel-grid-cell panel-grid-cell-empty\" ><\/div><\/div><div id=\"pg-354-1\"  class=\"panel-grid panel-has-style\" ><div class=\"siteorigin-panels-stretch panel-row-style panel-row-style-for-354-1\" data-stretch-type=\"full-stretched\" ><div id=\"pgc-354-1-0\"  class=\"panel-grid-cell panel-grid-cell-empty\" ><\/div><div id=\"pgc-354-1-1\"  class=\"panel-grid-cell\" ><div id=\"panel-354-1-1-0\" class=\"so-panel widget widget_metaslider_widget panel-first-child panel-last-child\" data-index=\"0\" ><div id=\"metaslider-id-2343\" style=\"width: 100%;\" class=\"ml-slider-3-107-0 metaslider metaslider-flex metaslider-2343 ml-slider 2 3 4 5 .metaslider .caption, .metaslider .cs-title, .metaslider .nivo-caption { background: red; has-dots-nav has-carousel-mode ms-theme-default\" role=\"region\" aria-label=\"sabbatical\" data-height=\"920\" data-width=\"1280\">\n    <div id=\"metaslider_container_2343\">\n        <div id=\"metaslider_2343\">\n            <ul class='slides'>\n                <li style=\"display: none; width: 100%;\" class=\"slide-2414 ms-image \" aria-roledescription=\"slide\" data-date=\"2018-10-07 09:12:41\" data-filename=\"20180502_212944-1280x920.jpg\" data-slide-type=\"image\"><img loading=\"lazy\" decoding=\"async\" src=\"https:\/\/vezelay.eu\/d\/wp-content\/uploads\/2018\/10\/20180502_212944-1280x920.jpg\" height=\"920\" width=\"1280\" alt=\"\" class=\"slider-2343 slide-2414 msDefaultImage\" \/><\/li>\n                <li style=\"display: none; width: 100%;\" class=\"slide-2951 ms-image \" aria-roledescription=\"slide\" data-date=\"2018-11-06 15:43:14\" data-filename=\"sabbatical-1-d-1-1280x920.jpg\" data-slide-type=\"image\"><img loading=\"lazy\" decoding=\"async\" src=\"https:\/\/vezelay.eu\/d\/wp-content\/uploads\/2018\/11\/sabbatical-1-d-1-1280x920.jpg\" height=\"920\" width=\"1280\" alt=\"\" class=\"slider-2343 slide-2951 msDefaultImage\" \/><\/li>\n            <\/ul>\n        <\/div>\n        \n    <\/div>\n<\/div><\/div><\/div><div id=\"pgc-354-1-2\"  class=\"panel-grid-cell panel-grid-cell-mobile-last\" ><div id=\"panel-354-1-2-0\" class=\"so-panel widget widget_metaslider_widget panel-first-child panel-last-child\" data-index=\"1\" ><div id=\"metaslider-id-2304\" style=\"width: 100%;\" class=\"ml-slider-3-107-0 metaslider metaslider-flex metaslider-2304 ml-slider has-dots-nav has-carousel-mode ms-theme-default\" role=\"region\" aria-label=\"seizoenen\" data-height=\"920\" data-width=\"1280\">\n    <div id=\"metaslider_container_2304\">\n        <div id=\"metaslider_2304\">\n            <ul class='slides'>\n                <li style=\"display: none; width: 100%;\" class=\"slide-2336 ms-image \" aria-roledescription=\"slide\" data-date=\"2018-10-06 12:00:33\" data-filename=\"p5021921-A.jpg\" data-slide-type=\"image\"><img loading=\"lazy\" decoding=\"async\" src=\"https:\/\/vezelay.eu\/d\/wp-content\/uploads\/2018\/10\/p5021921-A.jpg\" height=\"920\" width=\"1280\" alt=\"\" class=\"slider-2304 slide-2336 msDefaultImage\" \/><\/li>\n                <li style=\"display: none; width: 100%;\" class=\"slide-2337 ms-image \" aria-roledescription=\"slide\" data-date=\"2018-10-06 12:00:33\" data-filename=\"pc040343-A.jpg\" data-slide-type=\"image\"><img loading=\"lazy\" decoding=\"async\" src=\"https:\/\/vezelay.eu\/d\/wp-content\/uploads\/2018\/10\/pc040343-A.jpg\" height=\"920\" width=\"1280\" alt=\"\" class=\"slider-2304 slide-2337 msDefaultImage\" \/><\/li>\n                <li style=\"display: none; width: 100%;\" class=\"slide-2338 ms-image \" aria-roledescription=\"slide\" data-date=\"2018-10-06 12:00:33\" data-filename=\"SDC15196-A.jpg\" data-slide-type=\"image\"><img loading=\"lazy\" decoding=\"async\" src=\"https:\/\/vezelay.eu\/d\/wp-content\/uploads\/2018\/10\/SDC15196-A.jpg\" height=\"920\" width=\"1280\" alt=\"\" class=\"slider-2304 slide-2338 msDefaultImage\" \/><\/li>\n            <\/ul>\n        <\/div>\n        \n    <\/div>\n<\/div><\/div><\/div><div id=\"pgc-354-1-3\"  class=\"panel-grid-cell panel-grid-cell-empty\" ><\/div><\/div><\/div><div id=\"pg-354-2\"  class=\"panel-grid panel-has-style\" ><div class=\"siteorigin-panels-stretch panel-row-style panel-row-style-for-354-2\" data-stretch-type=\"full-stretched\" ><div id=\"pgc-354-2-0\"  class=\"panel-grid-cell panel-grid-cell-empty\" ><\/div><div id=\"pgc-354-2-1\"  class=\"panel-grid-cell\" ><div id=\"panel-354-2-1-0\" class=\"so-panel widget widget_media_image panel-first-child panel-last-child\" data-index=\"2\" ><img loading=\"lazy\" decoding=\"async\" width=\"1280\" height=\"950\" src=\"https:\/\/vezelay.eu\/d\/wp-content\/uploads\/2018\/11\/28.jpg\" class=\"image wp-image-2923  attachment-full size-full\" alt=\"\" style=\"max-width: 100%; height: auto;\" srcset=\"https:\/\/vezelay.eu\/d\/wp-content\/uploads\/2018\/11\/28.jpg 1280w, https:\/\/vezelay.eu\/d\/wp-content\/uploads\/2018\/11\/28-600x445.jpg 600w, https:\/\/vezelay.eu\/d\/wp-content\/uploads\/2018\/11\/28-768x570.jpg 768w, https:\/\/vezelay.eu\/d\/wp-content\/uploads\/2018\/11\/28-700x520.jpg 700w\" sizes=\"auto, 100vw\" \/><\/div><\/div><div id=\"pgc-354-2-2\"  class=\"panel-grid-cell panel-grid-cell-mobile-last\" ><div id=\"panel-354-2-2-0\" class=\"so-panel widget widget_metaslider_widget panel-first-child panel-last-child\" data-index=\"3\" ><div id=\"metaslider-id-2903\" style=\"width: 100%;\" class=\"ml-slider-3-107-0 metaslider metaslider-flex metaslider-2903 ml-slider 2 3 4 5 .metaslider .caption, .metaslider .cs-title, .metaslider .nivo-caption { background: red; has-dots-nav has-carousel-mode ms-theme-default\" role=\"region\" aria-label=\"New Slideshow\" data-height=\"920\" data-width=\"1280\">\n    <div id=\"metaslider_container_2903\">\n        <div id=\"metaslider_2903\">\n            <ul class='slides'>\n                <li style=\"display: none; width: 100%;\" class=\"slide-2940 ms-image \" aria-roledescription=\"slide\" data-date=\"2018-11-06 09:21:45\" data-filename=\"sabbatical2-d.jpg\" data-slide-type=\"image\"><img loading=\"lazy\" decoding=\"async\" src=\"https:\/\/vezelay.eu\/d\/wp-content\/uploads\/2018\/11\/sabbatical2-d.jpg\" height=\"920\" width=\"1280\" alt=\"\" class=\"slider-2903 slide-2940 msDefaultImage\" \/><\/li>\n            <\/ul>\n        <\/div>\n        \n    <\/div>\n<\/div><\/div><\/div><div id=\"pgc-354-2-3\"  class=\"panel-grid-cell panel-grid-cell-empty\" ><\/div><\/div><\/div><div id=\"pg-354-3\"  class=\"panel-grid panel-has-style\" ><div class=\"siteorigin-panels-stretch panel-row-style panel-row-style-for-354-3\" data-stretch-type=\"full-stretched\" ><div id=\"pgc-354-3-0\"  class=\"panel-grid-cell panel-grid-cell-empty\" ><\/div><div id=\"pgc-354-3-1\"  class=\"panel-grid-cell panel-grid-cell-mobile-last\" ><div id=\"panel-354-3-1-0\" class=\"so-panel widget widget_media_audio panel-first-child panel-last-child\" data-index=\"4\" ><h3 class=\"widget-title\">Lied aus der t\u00e4glichen Messe der Br\u00fcder und Schwestern von Jerusalem in V\u00e9zelay<\/h3><audio class=\"wp-audio-shortcode\" id=\"audio-354-1\" preload=\"none\" style=\"width: 100%;\" controls=\"controls\"><source type=\"audio\/mpeg\" src=\"https:\/\/vezelay.eu\/d\/inhoud\/01%20Vezelay%20openingslied.m4a?_=1\" \/><source type=\"audio\/mpeg\" src=\"https:\/\/vezelay.eu\/d\/inhoud\/01%20Vezelay%20openingslied.m4a?_=1\" \/><a href=\"https:\/\/vezelay.eu\/d\/inhoud\/01%20Vezelay%20openingslied.m4a\">https:\/\/vezelay.eu\/d\/inhoud\/01%20Vezelay%20openingslied.m4a<\/a><\/audio><\/div><\/div><div id=\"pgc-354-3-2\"  class=\"panel-grid-cell panel-grid-cell-empty\" ><\/div><\/div><\/div><div id=\"pg-354-4\"  class=\"panel-grid panel-has-style\" ><div class=\"siteorigin-panels-stretch panel-row-style panel-row-style-for-354-4\" data-stretch-type=\"full-stretched\" ><div id=\"pgc-354-4-0\"  class=\"panel-grid-cell panel-grid-cell-empty\" ><\/div><div id=\"pgc-354-4-1\"  class=\"panel-grid-cell\" ><div id=\"panel-354-4-1-0\" class=\"so-panel widget widget_sow-editor panel-first-child panel-last-child\" data-index=\"5\" ><div\n\t\t\t\n\t\t\tclass=\"so-widget-sow-editor so-widget-sow-editor-base\"\n\t\t\t\n\t\t>\n<div class=\"siteorigin-widget-tinymce textwidget\">\n\t<p style=\"text-align: center;\"><span style=\"font-family: libre-baskerville; font-size: 13pt;\">Au\u00dferhalb des Sommers liegt die Kirche und ihre Krypta oft allein bei dir. In der Woche, in der Sie in Saint-P\u00e8re wohnen, k\u00f6nnen Sie auch mehr oder weniger nach V\u00e9zelay fahren. Die Spazierg\u00e4nge enden in der Regel automatisch in V\u00e9zelay, wo man die Kirche und ihre Krypta oder einen der anderen sch\u00f6nen religi\u00f6sen Orte besuchen kann. Diese Orte in und um die Madeleine herum bieten viele Inspirationen f\u00fcr diejenigen, die nach Sinn und Frieden suchen. Etwas au\u00dferhalb von V\u00e9zelay, am Hang in Richtung Asquins, liegt die mittelalterliche Kapelle der Franziskaner. Die T\u00fcren sind immer offen. Es war einmal der Ort des Kreuzes neben ihm, ein Treffpunkt f\u00fcr Kreuzritter, die auf dem Weg ins \"gelobte Land\" gingen.<\/span><\/p>\n<\/div>\n<\/div><\/div><\/div><div id=\"pgc-354-4-2\"  class=\"panel-grid-cell panel-grid-cell-mobile-last\" ><div id=\"panel-354-4-2-0\" class=\"so-panel widget widget_sow-editor panel-first-child panel-last-child\" data-index=\"6\" ><div\n\t\t\t\n\t\t\tclass=\"so-widget-sow-editor so-widget-sow-editor-base\"\n\t\t\t\n\t\t>\n<div class=\"siteorigin-widget-tinymce textwidget\">\n\t<p style=\"text-align: center;\"><span style=\"color: #000000; font-family: libre-baskerville; font-size: 13pt;\">Diese Kirche ist als symbolisches Universum gebaut, anders gesagt, eine mittelalterliche Art von Reliquien-Disney. Die Symbolik wird nicht nur dadurch erfahren, dass man sie entdeckt und entschl\u00fcsselt, sondern auch dadurch, dass man sie auf sich wirken l\u00e4sst und seine Beziehung zu ihr bestimmt. Indem du hineingehst und die Symbolik erlebst, werden Sie Teil des geometrischen Symbolspiels. <\/span><span style=\"font-family: libre-baskerville; font-size: 13pt;\"><span style=\"font-size: 13pt;\">V<\/span>\u00e9zelay ist eine Entdeckungsreise, eine Wallfahrt um einen Ort, der nach und nach seine Geheimnisse enth\u00fcllt. Sie lernen etwas \u00fcber unsere mittelalterlichen Vorfahren, \u00fcber die Religion und \u00fcber das Leben selbst. <\/span><span style=\"color: #000000; font-family: libre-baskerville; font-size: 13pt;\">V\u00e9zelay zieht Gl\u00e4ubige und Ungl\u00e4ubige an - denn man muss nichts glauben, um etwas von den Religi\u00f6sen in V\u00e9zelay zu erleben. Mehr dazu <a style=\"color: #000000;\" href=\"http:\/\/koertvandervelde\/flirtenmetgod\" target=\"_blank\" rel=\"noopener\">hier<\/a>.<\/span><\/p>\n<\/div>\n<\/div><\/div><\/div><div id=\"pgc-354-4-3\"  class=\"panel-grid-cell panel-grid-cell-empty\" ><\/div><\/div><\/div><div id=\"pg-354-5\"  class=\"panel-grid panel-has-style\" ><div class=\"siteorigin-panels-stretch panel-row-style panel-row-style-for-354-5\" data-stretch-type=\"full-stretched\" ><div id=\"pgc-354-5-0\"  class=\"panel-grid-cell\" ><div id=\"panel-354-5-0-0\" class=\"so-panel widget widget_media_image panel-first-child panel-last-child\" data-index=\"7\" ><img loading=\"lazy\" decoding=\"async\" width=\"2048\" height=\"1536\" src=\"https:\/\/vezelay.eu\/d\/wp-content\/uploads\/2018\/10\/herfst.jpg\" class=\"image wp-image-1675  attachment-full size-full\" alt=\"\" style=\"max-width: 100%; height: auto;\" srcset=\"https:\/\/vezelay.eu\/d\/wp-content\/uploads\/2018\/10\/herfst.jpg 2048w, https:\/\/vezelay.eu\/d\/wp-content\/uploads\/2018\/10\/herfst-600x450.jpg 600w, https:\/\/vezelay.eu\/d\/wp-content\/uploads\/2018\/10\/herfst-768x576.jpg 768w, https:\/\/vezelay.eu\/d\/wp-content\/uploads\/2018\/10\/herfst-700x525.jpg 700w\" sizes=\"auto, 100vw\" \/><\/div><\/div><\/div><\/div><div id=\"pg-354-6\"  class=\"panel-grid panel-has-style\" ><div class=\"siteorigin-panels-stretch panel-row-style panel-row-style-for-354-6\" data-stretch-type=\"full-stretched\" ><div id=\"pgc-354-6-0\"  class=\"panel-grid-cell panel-grid-cell-empty\" ><\/div><div id=\"pgc-354-6-1\"  class=\"panel-grid-cell panel-grid-cell-mobile-last\" ><div id=\"panel-354-6-1-0\" class=\"so-panel widget widget_sow-editor panel-first-child panel-last-child\" data-index=\"8\" ><div\n\t\t\t\n\t\t\tclass=\"so-widget-sow-editor so-widget-sow-editor-base\"\n\t\t\t\n\t\t>\n<div class=\"siteorigin-widget-tinymce textwidget\">\n\t<p style=\"text-align: center;\"><span style=\"font-family: libre-baskerville; font-size: 13pt;\">V\u00c9ZELAY<\/span><\/p>\n<p style=\"text-align: center;\"><span style=\"font-family: libre-baskerville; font-size: 13pt;\">durch <\/span><span style=\"font-family: Times New Roman, serif;\"><span style=\"font-size: large;\">GUILLAUME VAN DER GRAFT<\/span><\/span><\/p>\n<p style=\"text-align: center;\"><span style=\"font-family: libre-baskerville; font-size: 14pt;\">Was ich noch \u00fcber V\u00e9zelay wei\u00df<\/span><br \/>\n<span style=\"font-family: libre-baskerville; font-size: 13pt;\">Ich war vor vierzehn Jahren dort,<\/span><br \/>\n<span style=\"font-family: libre-baskerville; font-size: 13pt;\">Ich schlief in einem Bett mit Kupferkn\u00f6pfen,<\/span><br \/>\n<span style=\"font-family: libre-baskerville; font-size: 13pt;\">Die Stra\u00dfe lief mit schlampigen Steinen hoch.<\/span><\/p>\n<p style=\"text-align: center;\"><span style=\"font-family: libre-baskerville; font-size: 13pt;\">Hinter den Mauern lebten Ger\u00fcche.<\/span><br \/>\n<span style=\"font-family: libre-baskerville; font-size: 13pt;\">von Holz, Heu und Brot, ein franz\u00f6sischer Sommer,<\/span><br \/>\n<span style=\"font-family: libre-baskerville; font-size: 13pt;\">am Ende der Stra\u00dfe als<\/span><br \/>\n<span style=\"font-family: libre-baskerville; font-size: 13pt;\">einen Kopf am Hals,<\/span><br \/>\n<span style=\"font-family: libre-baskerville; font-size: 13pt;\">edler Sch\u00e4del, verfallenes Gedankenhaus,<\/span><br \/>\n<span style=\"font-family: libre-baskerville; font-size: 13pt;\">eine Hirnschale:<\/span><br \/>\n<span style=\"font-family: libre-baskerville; font-size: 13pt;\">die Kirche.<\/span><\/p>\n<p style=\"text-align: center;\"><span style=\"font-family: libre-baskerville; font-size: 13pt;\">In der N\u00e4he: die Berge in der Ferne<\/span><br \/>\n<span style=\"font-family: libre-baskerville; font-size: 13pt;\">mit so vielen B\u00e4umen an den F\u00fc\u00dfen.<\/span><br \/>\n<span style=\"font-family: libre-baskerville; font-size: 13pt;\">die entlang der H\u00e4nge durch das Tal flie\u00dfen.<\/span><br \/>\n<span style=\"font-family: libre-baskerville; font-size: 13pt;\">wie das Mittelalter voller Pilger.<\/span><\/p>\n<p style=\"text-align: center;\"><span style=\"font-family: libre-baskerville; font-size: 13pt;\">Ich sollte dort einen Herbst lang leben.<\/span><br \/>\n<span style=\"font-family: libre-baskerville; font-size: 13pt;\">als Exlibris in einem Buch,<\/span><br \/>\n<span style=\"font-family: libre-baskerville; font-size: 13pt;\">f\u00fcr das Fenster eines Raumes mit Kupferkn\u00f6pfen<\/span><br \/>\n<span style=\"font-family: libre-baskerville; font-size: 13pt;\">ein Lesesaal im Hotel de la Poste<\/span><\/p>\n<p style=\"text-align: center;\"><span style=\"font-family: libre-baskerville; font-size: 13pt;\">Um die Erinnerung zu h\u00f6ren<\/span><br \/>\n<span style=\"font-family: libre-baskerville; font-size: 13pt;\">zwischen den B\u00f6gen und den B\u00e4umen,<\/span><br \/>\n<span style=\"font-family: libre-baskerville; font-size: 13pt;\">verf\u00e4rben sich die W\u00e4lder langsam,<\/span><br \/>\n<span style=\"font-family: libre-baskerville; font-size: 13pt;\">lass die Erde sprechen.<\/span><\/p>\n<p style=\"text-align: center;\"><span style=\"font-family: libre-baskerville; font-size: 13pt;\">und antworten auf Papier.<\/span><\/p>\n<\/div>\n<\/div><\/div><\/div><div id=\"pgc-354-6-2\"  class=\"panel-grid-cell panel-grid-cell-empty\" ><\/div><\/div><\/div><div id=\"pg-354-7\"  class=\"panel-grid panel-no-style\" ><div id=\"pgc-354-7-0\"  class=\"panel-grid-cell panel-grid-cell-mobile-last\" ><div id=\"panel-354-7-0-0\" class=\"so-panel widget widget_media_image panel-first-child panel-last-child\" data-index=\"9\" ><img loading=\"lazy\" decoding=\"async\" width=\"600\" height=\"85\" src=\"https:\/\/vezelay.eu\/d\/wp-content\/uploads\/2018\/10\/grijs-600x85.jpg\" class=\"image wp-image-2274  attachment-medium size-medium\" alt=\"\" style=\"max-width: 100%; height: auto;\" srcset=\"https:\/\/vezelay.eu\/d\/wp-content\/uploads\/2018\/10\/grijs-600x85.jpg 600w, https:\/\/vezelay.eu\/d\/wp-content\/uploads\/2018\/10\/grijs-768x109.jpg 768w, https:\/\/vezelay.eu\/d\/wp-content\/uploads\/2018\/10\/grijs-700x100.jpg 700w, https:\/\/vezelay.eu\/d\/wp-content\/uploads\/2018\/10\/grijs.jpg 1188w\" sizes=\"auto, 100vw\" \/><\/div><\/div><div id=\"pgc-354-7-1\"  class=\"panel-grid-cell panel-grid-cell-empty\" ><\/div><\/div><div id=\"pg-354-8\"  class=\"panel-grid panel-no-style\" ><div id=\"pgc-354-8-0\"  class=\"panel-grid-cell panel-grid-cell-mobile-last\" ><div id=\"panel-354-8-0-0\" class=\"so-panel widget widget_media_image panel-first-child panel-last-child\" data-index=\"10\" ><img loading=\"lazy\" decoding=\"async\" width=\"600\" height=\"85\" src=\"https:\/\/vezelay.eu\/d\/wp-content\/uploads\/2018\/10\/grijs-600x85.jpg\" class=\"image wp-image-2274  attachment-medium size-medium\" alt=\"\" style=\"max-width: 100%; height: auto;\" srcset=\"https:\/\/vezelay.eu\/d\/wp-content\/uploads\/2018\/10\/grijs-600x85.jpg 600w, https:\/\/vezelay.eu\/d\/wp-content\/uploads\/2018\/10\/grijs-768x109.jpg 768w, https:\/\/vezelay.eu\/d\/wp-content\/uploads\/2018\/10\/grijs-700x100.jpg 700w, https:\/\/vezelay.eu\/d\/wp-content\/uploads\/2018\/10\/grijs.jpg 1188w\" sizes=\"auto, 100vw\" \/><\/div><\/div><div id=\"pgc-354-8-1\"  class=\"panel-grid-cell panel-grid-cell-empty\" ><\/div><\/div><div id=\"pg-354-9\"  class=\"panel-grid panel-no-style\" ><div id=\"pgc-354-9-0\"  class=\"panel-grid-cell panel-grid-cell-mobile-last\" ><div id=\"panel-354-9-0-0\" class=\"so-panel widget widget_media_image panel-first-child panel-last-child\" data-index=\"11\" ><img loading=\"lazy\" decoding=\"async\" width=\"600\" height=\"85\" src=\"https:\/\/vezelay.eu\/d\/wp-content\/uploads\/2018\/10\/grijs-600x85.jpg\" class=\"image wp-image-2274  attachment-medium size-medium\" alt=\"\" style=\"max-width: 100%; height: auto;\" srcset=\"https:\/\/vezelay.eu\/d\/wp-content\/uploads\/2018\/10\/grijs-600x85.jpg 600w, https:\/\/vezelay.eu\/d\/wp-content\/uploads\/2018\/10\/grijs-768x109.jpg 768w, https:\/\/vezelay.eu\/d\/wp-content\/uploads\/2018\/10\/grijs-700x100.jpg 700w, https:\/\/vezelay.eu\/d\/wp-content\/uploads\/2018\/10\/grijs.jpg 1188w\" sizes=\"auto, 100vw\" \/><\/div><\/div><div id=\"pgc-354-9-1\"  class=\"panel-grid-cell panel-grid-cell-empty\" ><\/div><\/div><div id=\"pg-354-10\"  class=\"panel-grid panel-no-style\" ><div id=\"pgc-354-10-0\"  class=\"panel-grid-cell panel-grid-cell-mobile-last\" ><div id=\"panel-354-10-0-0\" class=\"so-panel widget widget_media_image panel-first-child panel-last-child\" data-index=\"12\" ><img loading=\"lazy\" decoding=\"async\" width=\"600\" height=\"85\" src=\"https:\/\/vezelay.eu\/d\/wp-content\/uploads\/2018\/10\/grijs-600x85.jpg\" class=\"image wp-image-2274  attachment-medium size-medium\" alt=\"\" style=\"max-width: 100%; height: auto;\" srcset=\"https:\/\/vezelay.eu\/d\/wp-content\/uploads\/2018\/10\/grijs-600x85.jpg 600w, https:\/\/vezelay.eu\/d\/wp-content\/uploads\/2018\/10\/grijs-768x109.jpg 768w, https:\/\/vezelay.eu\/d\/wp-content\/uploads\/2018\/10\/grijs-700x100.jpg 700w, https:\/\/vezelay.eu\/d\/wp-content\/uploads\/2018\/10\/grijs.jpg 1188w\" sizes=\"auto, 100vw\" \/><\/div><\/div><div id=\"pgc-354-10-1\"  class=\"panel-grid-cell panel-grid-cell-empty\" ><\/div><\/div><div id=\"pg-354-11\"  class=\"panel-grid panel-no-style\" ><div id=\"pgc-354-11-0\"  class=\"panel-grid-cell panel-grid-cell-mobile-last\" ><div id=\"panel-354-11-0-0\" class=\"so-panel widget widget_media_image panel-first-child panel-last-child\" data-index=\"13\" ><img loading=\"lazy\" decoding=\"async\" width=\"600\" height=\"85\" src=\"https:\/\/vezelay.eu\/d\/wp-content\/uploads\/2018\/10\/grijs-600x85.jpg\" class=\"image wp-image-2274  attachment-medium size-medium\" alt=\"\" style=\"max-width: 100%; height: auto;\" srcset=\"https:\/\/vezelay.eu\/d\/wp-content\/uploads\/2018\/10\/grijs-600x85.jpg 600w, https:\/\/vezelay.eu\/d\/wp-content\/uploads\/2018\/10\/grijs-768x109.jpg 768w, https:\/\/vezelay.eu\/d\/wp-content\/uploads\/2018\/10\/grijs-700x100.jpg 700w, https:\/\/vezelay.eu\/d\/wp-content\/uploads\/2018\/10\/grijs.jpg 1188w\" sizes=\"auto, 100vw\" \/><\/div><\/div><div id=\"pgc-354-11-1\"  class=\"panel-grid-cell panel-grid-cell-empty\" ><\/div><\/div><div id=\"pg-354-12\"  class=\"panel-grid panel-no-style\" ><div id=\"pgc-354-12-0\"  class=\"panel-grid-cell panel-grid-cell-mobile-last\" ><div id=\"panel-354-12-0-0\" class=\"so-panel widget widget_media_image panel-first-child panel-last-child\" data-index=\"14\" ><img loading=\"lazy\" decoding=\"async\" width=\"600\" height=\"85\" src=\"https:\/\/vezelay.eu\/d\/wp-content\/uploads\/2018\/10\/grijs-600x85.jpg\" class=\"image wp-image-2274  attachment-medium size-medium\" alt=\"\" style=\"max-width: 100%; height: auto;\" srcset=\"https:\/\/vezelay.eu\/d\/wp-content\/uploads\/2018\/10\/grijs-600x85.jpg 600w, https:\/\/vezelay.eu\/d\/wp-content\/uploads\/2018\/10\/grijs-768x109.jpg 768w, https:\/\/vezelay.eu\/d\/wp-content\/uploads\/2018\/10\/grijs-700x100.jpg 700w, https:\/\/vezelay.eu\/d\/wp-content\/uploads\/2018\/10\/grijs.jpg 1188w\" sizes=\"auto, 100vw\" \/><\/div><\/div><div id=\"pgc-354-12-1\"  class=\"panel-grid-cell panel-grid-cell-empty\" ><\/div><\/div><div id=\"pg-354-13\"  class=\"panel-grid panel-no-style\" ><div id=\"pgc-354-13-0\"  class=\"panel-grid-cell panel-grid-cell-empty panel-grid-cell-mobile-last\" ><\/div><div id=\"pgc-354-13-1\"  class=\"panel-grid-cell panel-grid-cell-empty\" ><\/div><\/div><\/div>","protected":false},"excerpt":{"rendered":"<p>Lied aus der t\u00e4glichen Messe der Br\u00fcder und Schwestern von Jerusalem in V\u00e9zelayhttps:\/\/vezelay.eu\/d\/inhoud\/01%20Vezelay%20openingslied.m4a Au\u00dferhalb des Sommers liegt die Kirche und ihre Krypta oft allein bei dir. In der Woche, in der Sie in Saint-P\u00e8re wohnen, k\u00f6nnen Sie auch mehr oder weniger nach V\u00e9zelay fahren. Die Spazierg\u00e4nge enden in der Regel automatisch in V\u00e9zelay, wo man &hellip; <\/p>\n<p class=\"link-more\"><a href=\"https:\/\/vezelay.eu\/d\/sabbatical\/\" class=\"more-link\"><span class=\"screen-reader-text\">\u201eSabbatical\u201c <\/span>weiterlesen<\/a><\/p>\n","protected":false},"author":1,"featured_media":0,"parent":0,"menu_order":0,"comment_status":"closed","ping_status":"closed","template":"","meta":{"footnotes":""},"class_list":["post-354","page","type-page","status-publish","hentry"],"_links":{"self":[{"href":"https:\/\/vezelay.eu\/d\/wp-json\/wp\/v2\/pages\/354","targetHints":{"allow":["GET"]}}],"collection":[{"href":"https:\/\/vezelay.eu\/d\/wp-json\/wp\/v2\/pages"}],"about":[{"href":"https:\/\/vezelay.eu\/d\/wp-json\/wp\/v2\/types\/page"}],"author":[{"embeddable":true,"href":"https:\/\/vezelay.eu\/d\/wp-json\/wp\/v2\/users\/1"}],"replies":[{"embeddable":true,"href":"https:\/\/vezelay.eu\/d\/wp-json\/wp\/v2\/comments?post=354"}],"version-history":[{"count":142,"href":"https:\/\/vezelay.eu\/d\/wp-json\/wp\/v2\/pages\/354\/revisions"}],"predecessor-version":[{"id":36357,"href":"https:\/\/vezelay.eu\/d\/wp-json\/wp\/v2\/pages\/354\/revisions\/36357"}],"wp:attachment":[{"href":"https:\/\/vezelay.eu\/d\/wp-json\/wp\/v2\/media?parent=354"}],"curies":[{"name":"wp","href":"https:\/\/api.w.org\/{rel}","templated":true}]}}