{"id":342,"date":"2018-09-16T19:24:24","date_gmt":"2018-09-16T19:24:24","guid":{"rendered":"https:\/\/vezelay.eu\/d\/?page_id=342"},"modified":"2023-01-27T15:03:34","modified_gmt":"2023-01-27T15:03:34","slug":"flusshaus","status":"publish","type":"page","link":"https:\/\/vezelay.eu\/d\/flusshaus\/","title":{"rendered":"Flusshaus"},"content":{"rendered":"<div id=\"pl-342\"  class=\"panel-layout\" ><div id=\"pg-342-0\"  class=\"panel-grid panel-has-style\" ><div class=\"siteorigin-panels-stretch panel-row-style panel-row-style-for-342-0\" data-stretch-type=\"full-stretched\" ><div id=\"pgc-342-0-0\"  class=\"panel-grid-cell panel-grid-cell-empty\" ><\/div><div id=\"pgc-342-0-1\"  class=\"panel-grid-cell\" ><div id=\"panel-342-0-1-0\" class=\"so-panel widget widget_sow-editor panel-first-child panel-last-child\" data-index=\"0\" ><div\n\t\t\t\n\t\t\tclass=\"so-widget-sow-editor so-widget-sow-editor-base\"\n\t\t\t\n\t\t><h3 class=\"widget-title\">.<\/h3>\n<div class=\"siteorigin-widget-tinymce textwidget\">\n\t<p style=\"text-align: center;\"><img loading=\"lazy\" decoding=\"async\" class=\"alignnone size-full wp-image-442\" src=\"https:\/\/vezelay.eu\/d\/wp-content\/uploads\/2018\/09\/26.jpg\" alt=\"\" width=\"4000\" height=\"3000\" srcset=\"https:\/\/vezelay.eu\/d\/wp-content\/uploads\/2018\/09\/26.jpg 4000w, https:\/\/vezelay.eu\/d\/wp-content\/uploads\/2018\/09\/26-600x450.jpg 600w, https:\/\/vezelay.eu\/d\/wp-content\/uploads\/2018\/09\/26-768x576.jpg 768w, https:\/\/vezelay.eu\/d\/wp-content\/uploads\/2018\/09\/26-1280x960.jpg 1280w, https:\/\/vezelay.eu\/d\/wp-content\/uploads\/2018\/09\/26-2000x1500.jpg 2000w, https:\/\/vezelay.eu\/d\/wp-content\/uploads\/2018\/09\/26-128x96.jpg 128w\" sizes=\"auto, (max-width: 767px) 89vw, (max-width: 1000px) 54vw, (max-width: 1071px) 543px, 580px\" \/><span style=\"font-family: libre-baskerville; font-size: 13pt;\">Von der Terrasse haben Sie eine wunderbare Aussicht auf den Fluss, der hier seit Millionen von Jahren flie\u00dft und der im Sommer auch viel Wasserspa\u00df gebt - D\u00e4mme bauen, Angeln oder fahren mit den vorhandenen zwei Kanus. <\/span><img loading=\"lazy\" decoding=\"async\" class=\"alignnone wp-image-2957 size-full\" src=\"http:\/\/vezelay.eu\/d\/wp-content\/uploads\/2018\/12\/10.jpg\" alt=\"\" width=\"1280\" height=\"820\" srcset=\"https:\/\/vezelay.eu\/d\/wp-content\/uploads\/2018\/12\/10.jpg 1280w, https:\/\/vezelay.eu\/d\/wp-content\/uploads\/2018\/12\/10-600x384.jpg 600w, https:\/\/vezelay.eu\/d\/wp-content\/uploads\/2018\/12\/10-768x492.jpg 768w, https:\/\/vezelay.eu\/d\/wp-content\/uploads\/2018\/12\/10-700x448.jpg 700w\" sizes=\"auto, (max-width: 767px) 89vw, (max-width: 1000px) 54vw, (max-width: 1071px) 543px, 580px\" \/><span style=\"font-family: libre-baskerville; font-size: 13pt;\">In diesem Haus lebte einst eine Bauernfamilie. Es ist gro\u00df genug f\u00fcr sieben Personen, aber auch f\u00fcr zwei oder nur f\u00fcr ein Person gibt es ein gutes Leben. Au\u00dferhalb der Saison ist es gemutlich bei dem Holzofen. Wifi und Waschmaschine etc. stehen zur Verf\u00fcgung.<\/span><img loading=\"lazy\" decoding=\"async\" class=\"alignnone wp-image-2959 size-full\" src=\"http:\/\/vezelay.eu\/d\/wp-content\/uploads\/2018\/12\/SDC11620A.jpg\" alt=\"\" width=\"1280\" height=\"820\" srcset=\"https:\/\/vezelay.eu\/d\/wp-content\/uploads\/2018\/12\/SDC11620A.jpg 1280w, https:\/\/vezelay.eu\/d\/wp-content\/uploads\/2018\/12\/SDC11620A-600x384.jpg 600w, https:\/\/vezelay.eu\/d\/wp-content\/uploads\/2018\/12\/SDC11620A-768x492.jpg 768w, https:\/\/vezelay.eu\/d\/wp-content\/uploads\/2018\/12\/SDC11620A-700x448.jpg 700w\" sizes=\"auto, (max-width: 767px) 89vw, (max-width: 1000px) 54vw, (max-width: 1071px) 543px, 580px\" \/><span style=\"font-family: libre-baskerville; font-size: 13pt;\"><span lang=\"de-DE\">In der gro\u00dfen Wohnk\u00fcche <\/span>kann man gut verweilen. <span lang=\"de-DE\">Umfangreiches Kochen ist m\u00f6glich. Um die Ecke sind ein B\u00e4cker, ein Fleischer und ein kleiner Supermarkt. Die K\u00fcche im <\/span><span lang=\"de-DE\">Grange oder Scheune ist ideal wenn man am Fluss essen m\u00f6chte. <\/span><\/span><\/p>\n<\/div>\n<\/div><\/div><\/div><div id=\"pgc-342-0-2\"  class=\"panel-grid-cell panel-grid-cell-mobile-last\" ><div id=\"panel-342-0-2-0\" class=\"so-panel widget widget_sow-editor panel-first-child panel-last-child\" data-index=\"1\" ><div\n\t\t\t\n\t\t\tclass=\"so-widget-sow-editor so-widget-sow-editor-base\"\n\t\t\t\n\t\t><h3 class=\"widget-title\">.<\/h3>\n<div class=\"siteorigin-widget-tinymce textwidget\">\n\t<p style=\"text-align: center;\"><img loading=\"lazy\" decoding=\"async\" class=\"alignnone size-full wp-image-443\" src=\"https:\/\/vezelay.eu\/d\/wp-content\/uploads\/2018\/09\/SDC10924-A.jpg\" alt=\"\" width=\"4000\" height=\"3000\" srcset=\"https:\/\/vezelay.eu\/d\/wp-content\/uploads\/2018\/09\/SDC10924-A.jpg 4000w, https:\/\/vezelay.eu\/d\/wp-content\/uploads\/2018\/09\/SDC10924-A-600x450.jpg 600w, https:\/\/vezelay.eu\/d\/wp-content\/uploads\/2018\/09\/SDC10924-A-768x576.jpg 768w, https:\/\/vezelay.eu\/d\/wp-content\/uploads\/2018\/09\/SDC10924-A-1280x960.jpg 1280w, https:\/\/vezelay.eu\/d\/wp-content\/uploads\/2018\/09\/SDC10924-A-2000x1500.jpg 2000w, https:\/\/vezelay.eu\/d\/wp-content\/uploads\/2018\/09\/SDC10924-A-128x96.jpg 128w\" sizes=\"auto, (max-width: 767px) 89vw, (max-width: 1000px) 54vw, (max-width: 1071px) 543px, 580px\" \/><span style=\"font-family: libre-baskerville; font-size: 13pt;\"><span lang=\"de-DE\">Am Fluss befindet sich die Scheune, der jetzt ein Teil des Hauses ist. Auf der anderen Seite des Weges steht eine alte Wasserm\u00fchle, die schon seit Menschengedenken au\u00dfer Betrieb ist. Irgendwann war es hier ein Kommen und Gehen von Bauern, die hier ihr Getreide mahlen lie\u00dfen.<\/span><\/span><img loading=\"lazy\" decoding=\"async\" class=\"alignnone wp-image-2956 size-full\" src=\"http:\/\/vezelay.eu\/d\/wp-content\/uploads\/2018\/12\/MG_206320kl.jpg\" alt=\"\" width=\"1280\" height=\"820\" srcset=\"https:\/\/vezelay.eu\/d\/wp-content\/uploads\/2018\/12\/MG_206320kl.jpg 1280w, https:\/\/vezelay.eu\/d\/wp-content\/uploads\/2018\/12\/MG_206320kl-600x384.jpg 600w, https:\/\/vezelay.eu\/d\/wp-content\/uploads\/2018\/12\/MG_206320kl-768x492.jpg 768w, https:\/\/vezelay.eu\/d\/wp-content\/uploads\/2018\/12\/MG_206320kl-700x448.jpg 700w\" sizes=\"auto, (max-width: 767px) 89vw, (max-width: 1000px) 54vw, (max-width: 1071px) 543px, 580px\" \/><span style=\"font-family: libre-baskerville; font-size: 13pt;\"><span lang=\"de-DE\">Das sehr ger\u00e4umige Wohnzimmer im Obergeschoss bietet eine reizvolle Aussicht auf den Fluss. Da ist eine sch\u00f6ne authentische Dachkonstruktion aus alten Balken iund es gibt eine kleine Etage, der \u2018Schlafboden\u2019, mit einem Doppelbett. <\/span><\/span><img loading=\"lazy\" decoding=\"async\" class=\"alignnone wp-image-2958 size-full\" src=\"http:\/\/vezelay.eu\/d\/wp-content\/uploads\/2018\/12\/SDC11002.jpg\" alt=\"\" width=\"1280\" height=\"820\" srcset=\"https:\/\/vezelay.eu\/d\/wp-content\/uploads\/2018\/12\/SDC11002.jpg 1280w, https:\/\/vezelay.eu\/d\/wp-content\/uploads\/2018\/12\/SDC11002-600x384.jpg 600w, https:\/\/vezelay.eu\/d\/wp-content\/uploads\/2018\/12\/SDC11002-768x492.jpg 768w, https:\/\/vezelay.eu\/d\/wp-content\/uploads\/2018\/12\/SDC11002-700x448.jpg 700w\" sizes=\"auto, (max-width: 767px) 89vw, (max-width: 1000px) 54vw, (max-width: 1071px) 543px, 580px\" \/><span style=\"font-family: libre-baskerville; font-size: 13pt;\">In dem kleinen Wohnzimmer befindet sich eine umfangreiche Sammlung Langspielplatten (verschiedene Genres). Es gibt auch eine Sammlung von B\u00fcchern und Spielen. F\u00fcr diejenigen, die vor der Haust\u00fcr Spa\u00df haben wollen: das Dorf hat auch ein Caf\u00e9 und ein Restaurant.<\/span><\/p>\n<\/div>\n<\/div><\/div><\/div><div id=\"pgc-342-0-3\"  class=\"panel-grid-cell panel-grid-cell-empty\" ><\/div><\/div><\/div><div id=\"pg-342-1\"  class=\"panel-grid panel-has-style\" ><div class=\"siteorigin-panels-stretch panel-row-style panel-row-style-for-342-1\" data-stretch-type=\"full-stretched\" ><div id=\"pgc-342-1-0\"  class=\"panel-grid-cell panel-grid-cell-empty\" ><\/div><div id=\"pgc-342-1-1\"  class=\"panel-grid-cell\" ><div id=\"panel-342-1-1-0\" class=\"widget_text so-panel widget widget_custom_html panel-first-child panel-last-child\" data-index=\"2\" ><h3 class=\"widget-title\">Schauen Sie sich selbst um 360\u00b0<\/h3><div class=\"textwidget custom-html-widget\"><div class=\"momentopress-container\"><iframe class=\"momentopress-embed\" src=\"https:\/\/momento360.com\/e\/uc\/37b3da78a28d4489b8c12bd9b66f1748?utm_campaign=embed&utm_source=other&utm_medium=other\" allowfullscreen=\"allowfullscreen\"><\/iframe><\/div>\n<p lang=\"de-DE\"><span style=\"font-family: Times New Roman, serif;\"><span style=\"font-size: large;\"><span style=\"color: #333333;\"><span style=\"font-family: libre-baskerville;\"><span style=\"font-size: medium;\">&gt;Wie kann man 360\u00b0 sehen? Bewegen Sie mit die linke Maustaste nach unten nach links und rechts.<\/span><\/span><\/span><\/span><\/span><span styl e=\"font-family: libre-baskerville; font-size: 13pt;\">     <\/span><span style=\"font-family: libre-baskerville; font-size: 13pt;\">&gt; Scrollen Sie mit dem Mausrad nach vorne und hinten.     &gt;Tablette oder Handy: Streichen mit dem Finger<\/span><\/p><\/div><\/div><\/div><div id=\"pgc-342-1-2\"  class=\"panel-grid-cell panel-grid-cell-mobile-last\" ><div id=\"panel-342-1-2-0\" class=\"so-panel widget widget_media_image panel-first-child panel-last-child\" data-index=\"3\" ><h3 class=\"widget-title\">Plan \u21b4<\/h3><a href=\"https:\/\/floorplanner.com\/1bmcx3\" target=\"_blank\"><img loading=\"lazy\" decoding=\"async\" width=\"1270\" height=\"720\" src=\"https:\/\/vezelay.eu\/d\/wp-content\/uploads\/2018\/09\/plattegrond-26-A-1.jpg\" class=\"image wp-image-440  attachment-full size-full\" alt=\"\" style=\"max-width: 100%; height: auto;\" srcset=\"https:\/\/vezelay.eu\/d\/wp-content\/uploads\/2018\/09\/plattegrond-26-A-1.jpg 1270w, https:\/\/vezelay.eu\/d\/wp-content\/uploads\/2018\/09\/plattegrond-26-A-1-600x340.jpg 600w, https:\/\/vezelay.eu\/d\/wp-content\/uploads\/2018\/09\/plattegrond-26-A-1-768x435.jpg 768w, https:\/\/vezelay.eu\/d\/wp-content\/uploads\/2018\/09\/plattegrond-26-A-1-169x96.jpg 169w\" sizes=\"auto, 100vw\" \/><\/a><\/div><\/div><div id=\"pgc-342-1-3\"  class=\"panel-grid-cell panel-grid-cell-empty\" ><\/div><\/div><\/div><div id=\"pg-342-2\"  class=\"panel-grid panel-has-style\" ><div class=\"siteorigin-panels-stretch panel-row-style panel-row-style-for-342-2\" data-stretch-type=\"full-stretched\" ><div id=\"pgc-342-2-0\"  class=\"panel-grid-cell panel-grid-cell-empty\" ><\/div><div id=\"pgc-342-2-1\"  class=\"panel-grid-cell panel-grid-cell-empty panel-grid-cell-mobile-last\" ><\/div><div id=\"pgc-342-2-2\"  class=\"panel-grid-cell panel-grid-cell-empty\" ><\/div><\/div><\/div><div id=\"pg-342-3\"  class=\"panel-grid panel-no-style\" ><div id=\"pgc-342-3-0\"  class=\"panel-grid-cell panel-grid-cell-mobile-last\" ><div id=\"panel-342-3-0-0\" class=\"so-panel widget widget_media_image panel-first-child panel-last-child\" data-index=\"4\" ><img loading=\"lazy\" decoding=\"async\" width=\"600\" height=\"85\" src=\"https:\/\/vezelay.eu\/d\/wp-content\/uploads\/2018\/10\/grijs-600x85.jpg\" class=\"image wp-image-2274  attachment-medium size-medium\" alt=\"\" style=\"max-width: 100%; height: auto;\" srcset=\"https:\/\/vezelay.eu\/d\/wp-content\/uploads\/2018\/10\/grijs-600x85.jpg 600w, https:\/\/vezelay.eu\/d\/wp-content\/uploads\/2018\/10\/grijs-768x109.jpg 768w, https:\/\/vezelay.eu\/d\/wp-content\/uploads\/2018\/10\/grijs-700x100.jpg 700w, https:\/\/vezelay.eu\/d\/wp-content\/uploads\/2018\/10\/grijs.jpg 1188w\" sizes=\"auto, 100vw\" \/><\/div><\/div><div id=\"pgc-342-3-1\"  class=\"panel-grid-cell panel-grid-cell-empty\" ><\/div><\/div><div id=\"pg-342-4\"  class=\"panel-grid panel-no-style\" ><div id=\"pgc-342-4-0\"  class=\"panel-grid-cell panel-grid-cell-mobile-last\" ><div id=\"panel-342-4-0-0\" class=\"so-panel widget widget_media_image panel-first-child panel-last-child\" data-index=\"5\" ><img loading=\"lazy\" decoding=\"async\" width=\"600\" height=\"85\" src=\"https:\/\/vezelay.eu\/d\/wp-content\/uploads\/2018\/10\/grijs-600x85.jpg\" class=\"image wp-image-2274  attachment-medium size-medium\" alt=\"\" style=\"max-width: 100%; height: auto;\" srcset=\"https:\/\/vezelay.eu\/d\/wp-content\/uploads\/2018\/10\/grijs-600x85.jpg 600w, https:\/\/vezelay.eu\/d\/wp-content\/uploads\/2018\/10\/grijs-768x109.jpg 768w, https:\/\/vezelay.eu\/d\/wp-content\/uploads\/2018\/10\/grijs-700x100.jpg 700w, https:\/\/vezelay.eu\/d\/wp-content\/uploads\/2018\/10\/grijs.jpg 1188w\" sizes=\"auto, 100vw\" \/><\/div><\/div><div id=\"pgc-342-4-1\"  class=\"panel-grid-cell panel-grid-cell-empty\" ><\/div><\/div><div id=\"pg-342-5\"  class=\"panel-grid panel-no-style\" ><div id=\"pgc-342-5-0\"  class=\"panel-grid-cell panel-grid-cell-mobile-last\" ><div id=\"panel-342-5-0-0\" class=\"so-panel widget widget_media_image panel-first-child panel-last-child\" data-index=\"6\" ><img loading=\"lazy\" decoding=\"async\" width=\"600\" height=\"85\" src=\"https:\/\/vezelay.eu\/d\/wp-content\/uploads\/2018\/10\/grijs-600x85.jpg\" class=\"image wp-image-2274  attachment-medium size-medium\" alt=\"\" style=\"max-width: 100%; height: auto;\" srcset=\"https:\/\/vezelay.eu\/d\/wp-content\/uploads\/2018\/10\/grijs-600x85.jpg 600w, https:\/\/vezelay.eu\/d\/wp-content\/uploads\/2018\/10\/grijs-768x109.jpg 768w, https:\/\/vezelay.eu\/d\/wp-content\/uploads\/2018\/10\/grijs-700x100.jpg 700w, https:\/\/vezelay.eu\/d\/wp-content\/uploads\/2018\/10\/grijs.jpg 1188w\" sizes=\"auto, 100vw\" \/><\/div><\/div><div id=\"pgc-342-5-1\"  class=\"panel-grid-cell panel-grid-cell-empty\" ><\/div><\/div><div id=\"pg-342-6\"  class=\"panel-grid panel-no-style\" ><div id=\"pgc-342-6-0\"  class=\"panel-grid-cell panel-grid-cell-mobile-last\" ><div id=\"panel-342-6-0-0\" class=\"so-panel widget widget_media_image panel-first-child panel-last-child\" data-index=\"7\" ><img loading=\"lazy\" decoding=\"async\" width=\"600\" height=\"85\" src=\"https:\/\/vezelay.eu\/d\/wp-content\/uploads\/2018\/10\/grijs-600x85.jpg\" class=\"image wp-image-2274  attachment-medium size-medium\" alt=\"\" style=\"max-width: 100%; height: auto;\" srcset=\"https:\/\/vezelay.eu\/d\/wp-content\/uploads\/2018\/10\/grijs-600x85.jpg 600w, https:\/\/vezelay.eu\/d\/wp-content\/uploads\/2018\/10\/grijs-768x109.jpg 768w, https:\/\/vezelay.eu\/d\/wp-content\/uploads\/2018\/10\/grijs-700x100.jpg 700w, https:\/\/vezelay.eu\/d\/wp-content\/uploads\/2018\/10\/grijs.jpg 1188w\" sizes=\"auto, 100vw\" \/><\/div><\/div><div id=\"pgc-342-6-1\"  class=\"panel-grid-cell panel-grid-cell-empty\" ><\/div><\/div><div id=\"pg-342-7\"  class=\"panel-grid panel-no-style\" ><div id=\"pgc-342-7-0\"  class=\"panel-grid-cell panel-grid-cell-mobile-last\" ><div id=\"panel-342-7-0-0\" class=\"so-panel widget widget_media_image panel-first-child panel-last-child\" data-index=\"8\" ><img loading=\"lazy\" decoding=\"async\" width=\"600\" height=\"85\" src=\"https:\/\/vezelay.eu\/d\/wp-content\/uploads\/2018\/10\/grijs-600x85.jpg\" class=\"image wp-image-2274  attachment-medium size-medium\" alt=\"\" style=\"max-width: 100%; height: auto;\" srcset=\"https:\/\/vezelay.eu\/d\/wp-content\/uploads\/2018\/10\/grijs-600x85.jpg 600w, https:\/\/vezelay.eu\/d\/wp-content\/uploads\/2018\/10\/grijs-768x109.jpg 768w, https:\/\/vezelay.eu\/d\/wp-content\/uploads\/2018\/10\/grijs-700x100.jpg 700w, https:\/\/vezelay.eu\/d\/wp-content\/uploads\/2018\/10\/grijs.jpg 1188w\" sizes=\"auto, 100vw\" \/><\/div><\/div><div id=\"pgc-342-7-1\"  class=\"panel-grid-cell panel-grid-cell-empty\" ><\/div><\/div><div id=\"pg-342-8\"  class=\"panel-grid panel-no-style\" ><div id=\"pgc-342-8-0\"  class=\"panel-grid-cell panel-grid-cell-mobile-last\" ><div id=\"panel-342-8-0-0\" class=\"so-panel widget widget_media_image panel-first-child panel-last-child\" data-index=\"9\" ><img loading=\"lazy\" decoding=\"async\" width=\"600\" height=\"85\" src=\"https:\/\/vezelay.eu\/d\/wp-content\/uploads\/2018\/10\/grijs-600x85.jpg\" class=\"image wp-image-2274  attachment-medium size-medium\" alt=\"\" style=\"max-width: 100%; height: auto;\" srcset=\"https:\/\/vezelay.eu\/d\/wp-content\/uploads\/2018\/10\/grijs-600x85.jpg 600w, https:\/\/vezelay.eu\/d\/wp-content\/uploads\/2018\/10\/grijs-768x109.jpg 768w, https:\/\/vezelay.eu\/d\/wp-content\/uploads\/2018\/10\/grijs-700x100.jpg 700w, https:\/\/vezelay.eu\/d\/wp-content\/uploads\/2018\/10\/grijs.jpg 1188w\" sizes=\"auto, 100vw\" \/><\/div><\/div><div id=\"pgc-342-8-1\"  class=\"panel-grid-cell panel-grid-cell-empty\" ><\/div><\/div><div id=\"pg-342-9\"  class=\"panel-grid panel-no-style\" ><div id=\"pgc-342-9-0\"  class=\"panel-grid-cell panel-grid-cell-empty panel-grid-cell-mobile-last\" ><\/div><div id=\"pgc-342-9-1\"  class=\"panel-grid-cell panel-grid-cell-empty\" ><\/div><\/div><\/div>","protected":false},"excerpt":{"rendered":"<p>Von der Terrasse haben Sie eine wunderbare Aussicht auf den Fluss, der hier seit Millionen von Jahren flie\u00dft und der im Sommer auch viel Wasserspa\u00df gebt &#8211; D\u00e4mme bauen, Angeln oder fahren mit den vorhandenen zwei Kanus. In diesem Haus lebte einst eine Bauernfamilie. Es ist gro\u00df genug f\u00fcr sieben Personen, aber auch f\u00fcr zwei &hellip; <\/p>\n<p class=\"link-more\"><a href=\"https:\/\/vezelay.eu\/d\/flusshaus\/\" class=\"more-link\"><span class=\"screen-reader-text\">\u201eFlusshaus\u201c <\/span>weiterlesen<\/a><\/p>\n","protected":false},"author":1,"featured_media":0,"parent":0,"menu_order":0,"comment_status":"closed","ping_status":"closed","template":"","meta":{"footnotes":""},"class_list":["post-342","page","type-page","status-publish","hentry"],"_links":{"self":[{"href":"https:\/\/vezelay.eu\/d\/wp-json\/wp\/v2\/pages\/342","targetHints":{"allow":["GET"]}}],"collection":[{"href":"https:\/\/vezelay.eu\/d\/wp-json\/wp\/v2\/pages"}],"about":[{"href":"https:\/\/vezelay.eu\/d\/wp-json\/wp\/v2\/types\/page"}],"author":[{"embeddable":true,"href":"https:\/\/vezelay.eu\/d\/wp-json\/wp\/v2\/users\/1"}],"replies":[{"embeddable":true,"href":"https:\/\/vezelay.eu\/d\/wp-json\/wp\/v2\/comments?post=342"}],"version-history":[{"count":259,"href":"https:\/\/vezelay.eu\/d\/wp-json\/wp\/v2\/pages\/342\/revisions"}],"predecessor-version":[{"id":36552,"href":"https:\/\/vezelay.eu\/d\/wp-json\/wp\/v2\/pages\/342\/revisions\/36552"}],"wp:attachment":[{"href":"https:\/\/vezelay.eu\/d\/wp-json\/wp\/v2\/media?parent=342"}],"curies":[{"name":"wp","href":"https:\/\/api.w.org\/{rel}","templated":true}]}}