{"id":2802,"date":"2018-10-28T15:30:20","date_gmt":"2018-10-28T15:30:20","guid":{"rendered":"http:\/\/vezelay.eu\/d\/?page_id=2802"},"modified":"2021-10-11T09:31:59","modified_gmt":"2021-10-11T09:31:59","slug":"schwimmen","status":"publish","type":"page","link":"https:\/\/vezelay.eu\/d\/schwimmen\/","title":{"rendered":"Schwimmen"},"content":{"rendered":"<div id=\"pl-2802\"  class=\"panel-layout\" ><div id=\"pg-2802-0\"  class=\"panel-grid panel-has-style\" ><div class=\"siteorigin-panels-stretch panel-row-style panel-row-style-for-2802-0\" data-stretch-type=\"full-stretched\" ><div id=\"pgc-2802-0-0\"  class=\"panel-grid-cell panel-grid-cell-empty\" ><\/div><div id=\"pgc-2802-0-1\"  class=\"panel-grid-cell\" ><div id=\"panel-2802-0-1-0\" class=\"so-panel widget widget_sow-editor panel-first-child panel-last-child\" data-index=\"0\" ><div\n\t\t\t\n\t\t\tclass=\"so-widget-sow-editor so-widget-sow-editor-base\"\n\t\t\t\n\t\t>\n<div class=\"siteorigin-widget-tinymce textwidget\">\n\t<\/div>\n<\/div><\/div><\/div><div id=\"pgc-2802-0-2\"  class=\"panel-grid-cell panel-grid-cell-empty panel-grid-cell-mobile-last\" ><\/div><div id=\"pgc-2802-0-3\"  class=\"panel-grid-cell panel-grid-cell-empty\" ><\/div><\/div><\/div><div id=\"pg-2802-1\"  class=\"panel-grid panel-has-style\" ><div class=\"siteorigin-panels-stretch panel-row-style panel-row-style-for-2802-1\" data-stretch-type=\"full-stretched\" ><div id=\"pgc-2802-1-0\"  class=\"panel-grid-cell panel-grid-cell-empty\" ><\/div><div id=\"pgc-2802-1-1\"  class=\"panel-grid-cell\" ><div id=\"panel-2802-1-1-0\" class=\"so-panel widget widget_sow-editor panel-first-child panel-last-child\" data-index=\"1\" ><div\n\t\t\t\n\t\t\tclass=\"so-widget-sow-editor so-widget-sow-editor-base\"\n\t\t\t\n\t\t>\n<div class=\"siteorigin-widget-tinymce textwidget\">\n\t<p><img loading=\"lazy\" decoding=\"async\" class=\"alignnone size-full wp-image-2808\" src=\"http:\/\/vezelay.eu\/d\/wp-content\/uploads\/2018\/10\/zwemm.jpg\" alt=\"\" width=\"1280\" height=\"720\" srcset=\"https:\/\/vezelay.eu\/d\/wp-content\/uploads\/2018\/10\/zwemm.jpg 1280w, https:\/\/vezelay.eu\/d\/wp-content\/uploads\/2018\/10\/zwemm-600x338.jpg 600w, https:\/\/vezelay.eu\/d\/wp-content\/uploads\/2018\/10\/zwemm-768x432.jpg 768w, https:\/\/vezelay.eu\/d\/wp-content\/uploads\/2018\/10\/zwemm-700x394.jpg 700w\" sizes=\"auto, (max-width: 767px) 89vw, (max-width: 1000px) 54vw, (max-width: 1071px) 543px, 580px\" \/><span style=\"font-family: libre-baskerville; font-size: 13pt;\">\u00a0Etwas flussabw\u00e4rts flie\u00dft das Wasser langsam und erreicht die Taille. Dort k\u00f6nnen Sie schwimmen.<\/span><\/p>\n<\/div>\n<\/div><\/div><\/div><div id=\"pgc-2802-1-2\"  class=\"panel-grid-cell panel-grid-cell-mobile-last\" ><div id=\"panel-2802-1-2-0\" class=\"so-panel widget widget_sow-editor panel-first-child panel-last-child\" data-index=\"2\" ><div\n\t\t\t\n\t\t\tclass=\"so-widget-sow-editor so-widget-sow-editor-base\"\n\t\t\t\n\t\t>\n<div class=\"siteorigin-widget-tinymce textwidget\">\n\t<p><a href=\"https:\/\/www.google.com\/maps\/d\/viewer?mid=1G8GfpNscA5IY9LnANG8E8C7B7-q4nlBF&amp;ll=47.446550046180576%2C3.8619991698406597&amp;z=12\" target=\"_blank\" rel=\"noopener\"><img loading=\"lazy\" decoding=\"async\" class=\"alignnone wp-image-3376 size-full\" src=\"https:\/\/vezelay.eu\/d\/wp-content\/uploads\/2020\/06\/zwemkaart2.jpg\" alt=\"\" width=\"1280\" height=\"720\" srcset=\"https:\/\/vezelay.eu\/d\/wp-content\/uploads\/2020\/06\/zwemkaart2.jpg 1280w, https:\/\/vezelay.eu\/d\/wp-content\/uploads\/2020\/06\/zwemkaart2-600x338.jpg 600w, https:\/\/vezelay.eu\/d\/wp-content\/uploads\/2020\/06\/zwemkaart2-768x432.jpg 768w, https:\/\/vezelay.eu\/d\/wp-content\/uploads\/2020\/06\/zwemkaart2-700x394.jpg 700w\" sizes=\"auto, (max-width: 767px) 89vw, (max-width: 1000px) 54vw, (max-width: 1071px) 543px, 580px\" \/><\/a><br \/>\n<span style=\"font-family: libre-baskerville; font-size: 13pt;\">F\u00fcnfzehn Autominuten entfernt befinden sich ein Schwimmbad (12km) und ein Badesee (18km).<\/span><\/p>\n<\/div>\n<\/div><\/div><\/div><div id=\"pgc-2802-1-3\"  class=\"panel-grid-cell panel-grid-cell-empty\" ><\/div><\/div><\/div><div id=\"pg-2802-2\"  class=\"panel-grid panel-has-style\" ><div class=\"siteorigin-panels-stretch panel-row-style panel-row-style-for-2802-2\" data-stretch-type=\"full-stretched\" ><div id=\"pgc-2802-2-0\"  class=\"panel-grid-cell panel-grid-cell-empty\" ><\/div><div id=\"pgc-2802-2-1\"  class=\"panel-grid-cell\" ><div id=\"panel-2802-2-1-0\" class=\"so-panel widget widget_sow-editor panel-first-child panel-last-child\" data-index=\"3\" ><div\n\t\t\t\n\t\t\tclass=\"so-widget-sow-editor so-widget-sow-editor-base\"\n\t\t\t\n\t\t><h3 class=\"widget-title\">Lac du Crescent<\/h3>\n<div class=\"siteorigin-widget-tinymce textwidget\">\n\t<p><img loading=\"lazy\" decoding=\"async\" class=\"alignnone size-full wp-image-2806\" src=\"http:\/\/vezelay.eu\/d\/wp-content\/uploads\/2018\/10\/lac-du-crescent_3353468.jpg\" alt=\"\" width=\"1280\" height=\"720\" srcset=\"https:\/\/vezelay.eu\/d\/wp-content\/uploads\/2018\/10\/lac-du-crescent_3353468.jpg 1280w, https:\/\/vezelay.eu\/d\/wp-content\/uploads\/2018\/10\/lac-du-crescent_3353468-600x338.jpg 600w, https:\/\/vezelay.eu\/d\/wp-content\/uploads\/2018\/10\/lac-du-crescent_3353468-768x432.jpg 768w, https:\/\/vezelay.eu\/d\/wp-content\/uploads\/2018\/10\/lac-du-crescent_3353468-700x394.jpg 700w\" sizes=\"auto, (max-width: 767px) 89vw, (max-width: 1000px) 54vw, (max-width: 1071px) 543px, 580px\" \/><span style=\"text-align: left; color: #333333; text-transform: none; text-indent: 0px; letter-spacing: normal; font-family: libre-baskerville; font-size: 13pt; font-style: normal; font-variant: normal; font-weight: 400; text-decoration: none; word-spacing: 0px; display: inline !important; white-space: normal; cursor: text; orphans: 2; float: none; -webkit-text-stroke-width: 0px; background-color: transparent;\">In f\u00fcnfzehn Autominuten ist der Lac du Crescent zu erreichen, wo sich der Strand befindet und Sie gut schwimmen k\u00f6nnen.<\/span><\/p>\n<\/div>\n<\/div><\/div><\/div><div id=\"pgc-2802-2-2\"  class=\"panel-grid-cell panel-grid-cell-mobile-last\" ><div id=\"panel-2802-2-2-0\" class=\"so-panel widget widget_sow-editor panel-first-child panel-last-child\" data-index=\"4\" ><div\n\t\t\t\n\t\t\tclass=\"so-widget-sow-editor so-widget-sow-editor-base\"\n\t\t\t\n\t\t><h3 class=\"widget-title\">Der Swimmingpool von Avallon<\/h3>\n<div class=\"siteorigin-widget-tinymce textwidget\">\n\t<p><img loading=\"lazy\" decoding=\"async\" class=\"alignnone size-full wp-image-2807\" src=\"http:\/\/vezelay.eu\/d\/wp-content\/uploads\/2018\/10\/zwembad-avallon1.jpg\" alt=\"\" width=\"1280\" height=\"720\" srcset=\"https:\/\/vezelay.eu\/d\/wp-content\/uploads\/2018\/10\/zwembad-avallon1.jpg 1280w, https:\/\/vezelay.eu\/d\/wp-content\/uploads\/2018\/10\/zwembad-avallon1-600x338.jpg 600w, https:\/\/vezelay.eu\/d\/wp-content\/uploads\/2018\/10\/zwembad-avallon1-768x432.jpg 768w, https:\/\/vezelay.eu\/d\/wp-content\/uploads\/2018\/10\/zwembad-avallon1-700x394.jpg 700w\" sizes=\"auto, (max-width: 767px) 89vw, (max-width: 1000px) 54vw, (max-width: 1071px) 543px, 580px\" \/><br \/>\n<span style=\"font-family: libre-baskerville; font-size: 13pt;\">F\u00fcr die \u00d6ffnungszeiten klicken Sie bitte <a href=\"https:\/\/ville-avallon.fr\/piscine-municipale-avallon\/\" target=\"_blank\" rel=\"noopener\">hier<\/a><\/span><\/p>\n<\/div>\n<\/div><\/div><\/div><div id=\"pgc-2802-2-3\"  class=\"panel-grid-cell panel-grid-cell-empty\" ><\/div><\/div><\/div><div id=\"pg-2802-3\"  class=\"panel-grid panel-no-style\" ><div id=\"pgc-2802-3-0\"  class=\"panel-grid-cell panel-grid-cell-mobile-last\" ><div id=\"panel-2802-3-0-0\" class=\"so-panel widget widget_media_image panel-first-child panel-last-child\" data-index=\"5\" ><img loading=\"lazy\" decoding=\"async\" width=\"600\" height=\"85\" src=\"https:\/\/vezelay.eu\/d\/wp-content\/uploads\/2018\/10\/grijs-600x85.jpg\" class=\"image wp-image-2274  attachment-medium size-medium\" alt=\"\" style=\"max-width: 100%; height: auto;\" srcset=\"https:\/\/vezelay.eu\/d\/wp-content\/uploads\/2018\/10\/grijs-600x85.jpg 600w, https:\/\/vezelay.eu\/d\/wp-content\/uploads\/2018\/10\/grijs-768x109.jpg 768w, https:\/\/vezelay.eu\/d\/wp-content\/uploads\/2018\/10\/grijs-700x100.jpg 700w, https:\/\/vezelay.eu\/d\/wp-content\/uploads\/2018\/10\/grijs.jpg 1188w\" sizes=\"auto, 100vw\" \/><\/div><\/div><div id=\"pgc-2802-3-1\"  class=\"panel-grid-cell panel-grid-cell-empty\" ><\/div><\/div><div id=\"pg-2802-4\"  class=\"panel-grid panel-has-style\" ><div class=\"panel-row-style panel-row-style-for-2802-4\" ><div id=\"pgc-2802-4-0\"  class=\"panel-grid-cell panel-grid-cell-empty\" ><\/div><div id=\"pgc-2802-4-1\"  class=\"panel-grid-cell\" ><div id=\"panel-2802-4-1-0\" class=\"so-panel widget widget_sow-editor panel-first-child panel-last-child\" data-index=\"6\" ><div\n\t\t\t\n\t\t\tclass=\"so-widget-sow-editor so-widget-sow-editor-base\"\n\t\t\t\n\t\t>\n<div class=\"siteorigin-widget-tinymce textwidget\">\n\t<\/div>\n<\/div><\/div><\/div><div id=\"pgc-2802-4-2\"  class=\"panel-grid-cell panel-grid-cell-empty panel-grid-cell-mobile-last\" ><\/div><div id=\"pgc-2802-4-3\"  class=\"panel-grid-cell panel-grid-cell-empty\" ><\/div><\/div><\/div><\/div>","protected":false},"excerpt":{"rendered":"<p>\u00a0Etwas flussabw\u00e4rts flie\u00dft das Wasser langsam und erreicht die Taille. Dort k\u00f6nnen Sie schwimmen. F\u00fcnfzehn Autominuten entfernt befinden sich ein Schwimmbad (12km) und ein Badesee (18km).<\/p>\n","protected":false},"author":1,"featured_media":0,"parent":0,"menu_order":0,"comment_status":"closed","ping_status":"closed","template":"","meta":{"footnotes":""},"class_list":["post-2802","page","type-page","status-publish","hentry"],"_links":{"self":[{"href":"https:\/\/vezelay.eu\/d\/wp-json\/wp\/v2\/pages\/2802","targetHints":{"allow":["GET"]}}],"collection":[{"href":"https:\/\/vezelay.eu\/d\/wp-json\/wp\/v2\/pages"}],"about":[{"href":"https:\/\/vezelay.eu\/d\/wp-json\/wp\/v2\/types\/page"}],"author":[{"embeddable":true,"href":"https:\/\/vezelay.eu\/d\/wp-json\/wp\/v2\/users\/1"}],"replies":[{"embeddable":true,"href":"https:\/\/vezelay.eu\/d\/wp-json\/wp\/v2\/comments?post=2802"}],"version-history":[{"count":40,"href":"https:\/\/vezelay.eu\/d\/wp-json\/wp\/v2\/pages\/2802\/revisions"}],"predecessor-version":[{"id":36224,"href":"https:\/\/vezelay.eu\/d\/wp-json\/wp\/v2\/pages\/2802\/revisions\/36224"}],"wp:attachment":[{"href":"https:\/\/vezelay.eu\/d\/wp-json\/wp\/v2\/media?parent=2802"}],"curies":[{"name":"wp","href":"https:\/\/api.w.org\/{rel}","templated":true}]}}