{"id":2750,"date":"2018-10-27T07:40:26","date_gmt":"2018-10-27T07:40:26","guid":{"rendered":"http:\/\/vezelay.eu\/d\/?page_id=2750"},"modified":"2026-03-31T03:38:31","modified_gmt":"2026-03-31T03:38:31","slug":"login","status":"publish","type":"page","link":"https:\/\/vezelay.eu\/d\/login\/","title":{"rendered":"Paktische Informationen f\u00fcr Mieter"},"content":{"rendered":"<div id=\"pl-2750\"  class=\"panel-layout\" ><div id=\"pg-2750-0\"  class=\"panel-grid panel-has-style\" ><div class=\"siteorigin-panels-stretch panel-row-style panel-row-style-for-2750-0\" data-stretch-type=\"full-width-stretch\" ><div id=\"pgc-2750-0-0\"  class=\"panel-grid-cell panel-grid-cell-empty\" ><\/div><div id=\"pgc-2750-0-1\"  class=\"panel-grid-cell\" ><div id=\"panel-2750-0-1-0\" class=\"so-panel widget widget_sow-editor panel-first-child panel-last-child\" data-index=\"0\" ><div\n\t\t\t\n\t\t\tclass=\"so-widget-sow-editor so-widget-sow-editor-base\"\n\t\t\t\n\t\t>\n<div class=\"siteorigin-widget-tinymce textwidget\">\n\t<\/div>\n<\/div><\/div><\/div><div id=\"pgc-2750-0-2\"  class=\"panel-grid-cell panel-grid-cell-empty panel-grid-cell-mobile-last\" ><\/div><div id=\"pgc-2750-0-3\"  class=\"panel-grid-cell panel-grid-cell-empty\" ><\/div><\/div><\/div><div id=\"pg-2750-1\"  class=\"panel-grid panel-has-style\" ><div class=\"siteorigin-panels-stretch panel-row-style panel-row-style-for-2750-1\" data-stretch-type=\"full-width-stretch\" ><div id=\"pgc-2750-1-0\"  class=\"panel-grid-cell panel-grid-cell-empty\" ><\/div><div id=\"pgc-2750-1-1\"  class=\"panel-grid-cell\" ><div id=\"panel-2750-1-1-0\" class=\"so-panel widget widget_sow-editor panel-first-child panel-last-child\" data-index=\"1\" ><div\n\t\t\t\n\t\t\tclass=\"so-widget-sow-editor so-widget-sow-editor-base\"\n\t\t\t\n\t\t>\n<div class=\"siteorigin-widget-tinymce textwidget\">\n\t<\/div>\n<\/div><\/div><\/div><div id=\"pgc-2750-1-2\"  class=\"panel-grid-cell panel-grid-cell-empty panel-grid-cell-mobile-last\" ><\/div><div id=\"pgc-2750-1-3\"  class=\"panel-grid-cell panel-grid-cell-empty\" ><\/div><\/div><\/div><div id=\"pg-2750-2\"  class=\"panel-grid panel-has-style\" ><div class=\"siteorigin-panels-stretch panel-row-style panel-row-style-for-2750-2\" data-stretch-type=\"full-width-stretch\" ><div id=\"pgc-2750-2-0\"  class=\"panel-grid-cell panel-grid-cell-empty\" ><\/div><div id=\"pgc-2750-2-1\"  class=\"panel-grid-cell\" ><div id=\"panel-2750-2-1-0\" class=\"so-panel widget widget_sow-editor panel-first-child panel-last-child\" data-index=\"2\" ><div\n\t\t\t\n\t\t\tclass=\"so-widget-sow-editor so-widget-sow-editor-base\"\n\t\t\t\n\t\t><h3 class=\"widget-title\">Die Schl\u00fcssel<\/h3>\n<div class=\"siteorigin-widget-tinymce textwidget\">\n\t<p><img loading=\"lazy\" decoding=\"async\" class=\"alignnone size-full wp-image-2977\" src=\"http:\/\/vezelay.eu\/d\/wp-content\/uploads\/2018\/12\/sleutelkluisje.jpg\" alt=\"\" width=\"1280\" height=\"720\" srcset=\"https:\/\/vezelay.eu\/d\/wp-content\/uploads\/2018\/12\/sleutelkluisje.jpg 1280w, https:\/\/vezelay.eu\/d\/wp-content\/uploads\/2018\/12\/sleutelkluisje-600x338.jpg 600w, https:\/\/vezelay.eu\/d\/wp-content\/uploads\/2018\/12\/sleutelkluisje-768x432.jpg 768w, https:\/\/vezelay.eu\/d\/wp-content\/uploads\/2018\/12\/sleutelkluisje-700x394.jpg 700w\" sizes=\"auto, (max-width: 767px) 89vw, (max-width: 1000px) 54vw, (max-width: 1071px) 543px, 580px\" \/><br \/>\n<span style=\"font-family: libre-baskerville; font-size: 13pt;\">Roter Pfeil: der Schl\u00fcsseltresor mit Schl\u00fcsseln beider H\u00e4user (26 = Flusshaus, 28 = Fischerhaus) in der Seitenwand des Flusshauses, in der Gasse zum Fluss.<\/span><\/p>\n<\/div>\n<\/div><\/div><\/div><div id=\"pgc-2750-2-2\"  class=\"panel-grid-cell panel-grid-cell-mobile-last\" ><div id=\"panel-2750-2-2-0\" class=\"so-panel widget widget_sow-editor panel-first-child panel-last-child\" data-index=\"3\" ><div\n\t\t\t\n\t\t\tclass=\"so-widget-sow-editor so-widget-sow-editor-base\"\n\t\t\t\n\t\t><h3 class=\"widget-title\">.<\/h3>\n<div class=\"siteorigin-widget-tinymce textwidget\">\n\t<p><img loading=\"lazy\" decoding=\"async\" class=\"alignnone size-full wp-image-2976\" src=\"http:\/\/vezelay.eu\/d\/wp-content\/uploads\/2018\/12\/kluisje2.jpg\" alt=\"\" width=\"1280\" height=\"720\" srcset=\"https:\/\/vezelay.eu\/d\/wp-content\/uploads\/2018\/12\/kluisje2.jpg 1280w, https:\/\/vezelay.eu\/d\/wp-content\/uploads\/2018\/12\/kluisje2-600x338.jpg 600w, https:\/\/vezelay.eu\/d\/wp-content\/uploads\/2018\/12\/kluisje2-768x432.jpg 768w, https:\/\/vezelay.eu\/d\/wp-content\/uploads\/2018\/12\/kluisje2-700x394.jpg 700w\" sizes=\"auto, (max-width: 767px) 89vw, (max-width: 1000px) 54vw, (max-width: 1071px) 543px, 580px\" \/><br \/>\n<span style=\"font-family: libre-baskerville; font-size: 13pt;\">Geben Sie den Code ein, der per E-Mail erhalten wurde. Verwenden Sie den Drehknopf, um die T\u00fcr zu \u00f6ffnen. Wenn Sie abreisen, bewahren Sie die Schl\u00fcssel hier wieder auf.<\/span><\/p>\n<\/div>\n<\/div><\/div><\/div><div id=\"pgc-2750-2-3\"  class=\"panel-grid-cell panel-grid-cell-empty\" ><\/div><\/div><\/div><div id=\"pg-2750-3\"  class=\"panel-grid panel-has-style\" ><div class=\"siteorigin-panels-stretch panel-row-style panel-row-style-for-2750-3\" data-stretch-type=\"full-width-stretch\" ><div id=\"pgc-2750-3-0\"  class=\"panel-grid-cell panel-grid-cell-empty\" ><\/div><div id=\"pgc-2750-3-1\"  class=\"panel-grid-cell\" ><div id=\"panel-2750-3-1-0\" class=\"so-panel widget widget_media_image panel-first-child panel-last-child\" data-index=\"4\" ><h3 class=\"widget-title\">Ankunft und Aufenthalt in das Flusshaus \u21b4<\/h3><a href=\"http:\/\/vezelay.eu\/d\/26info\"><img loading=\"lazy\" decoding=\"async\" width=\"1280\" height=\"720\" src=\"https:\/\/vezelay.eu\/d\/wp-content\/uploads\/2018\/10\/MG_2086.jpg\" class=\"image wp-image-2759  attachment-full size-full\" alt=\"\" style=\"max-width: 100%; height: auto;\" title=\"Ankunft und Aufenthalt in das Flusshaus \u21b4\" srcset=\"https:\/\/vezelay.eu\/d\/wp-content\/uploads\/2018\/10\/MG_2086.jpg 1280w, https:\/\/vezelay.eu\/d\/wp-content\/uploads\/2018\/10\/MG_2086-600x338.jpg 600w, https:\/\/vezelay.eu\/d\/wp-content\/uploads\/2018\/10\/MG_2086-768x432.jpg 768w, https:\/\/vezelay.eu\/d\/wp-content\/uploads\/2018\/10\/MG_2086-700x394.jpg 700w\" sizes=\"auto, 100vw\" \/><\/a><\/div><\/div><div id=\"pgc-2750-3-2\"  class=\"panel-grid-cell panel-grid-cell-mobile-last\" ><div id=\"panel-2750-3-2-0\" class=\"so-panel widget widget_media_image panel-first-child panel-last-child\" data-index=\"5\" ><h3 class=\"widget-title\">Ankunft und Aufenthalt in das Fischerhaus \u21b4<\/h3><a href=\"http:\/\/vezelay.eu\/d\/28info\"><img loading=\"lazy\" decoding=\"async\" width=\"1280\" height=\"720\" src=\"https:\/\/vezelay.eu\/d\/wp-content\/uploads\/2018\/10\/SDC10189.jpg\" class=\"image wp-image-2763  attachment-full size-full\" alt=\"\" style=\"max-width: 100%; height: auto;\" title=\"Ankunft und Aufenthalt in das Fischerhaus \u21b4\" srcset=\"https:\/\/vezelay.eu\/d\/wp-content\/uploads\/2018\/10\/SDC10189.jpg 1280w, https:\/\/vezelay.eu\/d\/wp-content\/uploads\/2018\/10\/SDC10189-600x338.jpg 600w, https:\/\/vezelay.eu\/d\/wp-content\/uploads\/2018\/10\/SDC10189-768x432.jpg 768w, https:\/\/vezelay.eu\/d\/wp-content\/uploads\/2018\/10\/SDC10189-700x394.jpg 700w\" sizes=\"auto, 100vw\" \/><\/a><\/div><\/div><div id=\"pgc-2750-3-3\"  class=\"panel-grid-cell panel-grid-cell-empty\" ><\/div><\/div><\/div><div id=\"pg-2750-4\"  class=\"panel-grid panel-has-style\" ><div class=\"siteorigin-panels-stretch panel-row-style panel-row-style-for-2750-4\" data-stretch-type=\"full-width-stretch\" ><div id=\"pgc-2750-4-0\"  class=\"panel-grid-cell panel-grid-cell-empty\" ><\/div><div id=\"pgc-2750-4-1\"  class=\"panel-grid-cell\" ><div id=\"panel-2750-4-1-0\" class=\"so-panel widget widget_sow-editor panel-first-child panel-last-child\" data-index=\"6\" ><div\n\t\t\t\n\t\t\tclass=\"so-widget-sow-editor so-widget-sow-editor-base\"\n\t\t\t\n\t\t><h3 class=\"widget-title\">Mull<\/h3>\n<div class=\"siteorigin-widget-tinymce textwidget\">\n\t<p><span style=\"font-family: libre-baskerville; font-size: 13pt;\">* Der M\u00fcll wird in der Nacht von Montag auf Dienstag abgef\u00fchrt. Ab dem sp\u00e4ten Montagnachmittag kann der rote und die gelbe M\u00fcllcontainer an die Ecke der Gasse zum Fluss gestellt werden. Seit Anfang dieses Jahres gibt es ein neues System, um der Abfallberg zu reduzieren. Pro Jahr k\u00f6nnen nur 15 rote Container mit Restm\u00fcll abgef\u00fchrt worden. Dies muss daher heraus nur setzen, wenn er voll ist. W\u00fcrde Sie am ersten Montag beobachten oder den roten Container voll ist und den gegebenenfalls au\u00dfen stellen? Dann ist das Restm\u00fcll von ihrer Vorg\u00e4nger. <span style=\"font-size: 13pt;\">Sp\u00e4ter sollen ihre Nachfolger das gleiche f\u00fcr Sie tun werden. <\/span><\/span><br \/>\n<span style=\"font-family: libre-baskerville; font-size: 13pt;\">* Der gelbe Container ist vor recycelbaren Kunststoff und Papier. Sehen Sie die Sticker am Frigo, oder ins Info-map, <span style=\"color: #ff0000;\"><a style=\"color: #ff0000;\" href=\"http:\/\/vezelay.eu\/inhoud\/gelecontainer.pdf\" target=\"_blank\" rel=\"noopener\">oder hier \u21b4<\/a><\/span>. <\/span><br \/>\n<span style=\"font-family: libre-baskerville; font-size: 13pt;\">* Bitte entfernen Sie den Container Dienstagmorgen wieder von der Stra\u00dfe. <\/span><br \/>\n<span style=\"font-family: libre-baskerville; font-size: 13pt;\">* Im Jahr 2026 werden sie an diesen Dienstagen sehr fr\u00fch f\u00fcr die roten und gelben Container ankommen: 13\/1, 27\/1, 10\/2, 24\/2,\u00a0 10\/3, 24\/3, 7\/4, 21\/4, 5\/5, 19\/5, 2\/6, 16\/6, 30\/6, 14\/7, 28\/7, 11\/8, 25\/8, 8\/9, 22\/09, 6\/10, 20\/10, 3\/11, 17\/11, 1\/12, 15\/12, 29\/12, 12\/1.<\/span><br \/>\n<span style=\"font-family: libre-baskerville; font-size: 13pt;\">* Am Weg zum Zeltplatz, \u00fcber die Br\u00fccke und nach rechts, finden Sie Container f\u00fcr Glas.<\/span><\/p>\n<\/div>\n<\/div><\/div><\/div><div id=\"pgc-2750-4-2\"  class=\"panel-grid-cell panel-grid-cell-mobile-last\" ><div id=\"panel-2750-4-2-0\" class=\"so-panel widget widget_media_image panel-first-child panel-last-child\" data-index=\"7\" ><h3 class=\"widget-title\">Abreise \u21b4<\/h3><a href=\"http:\/\/vezelay.eu\/d\/abreise\"><img loading=\"lazy\" decoding=\"async\" width=\"1280\" height=\"720\" src=\"https:\/\/vezelay.eu\/d\/wp-content\/uploads\/2018\/10\/100_0559.jpg\" class=\"image wp-image-2760  attachment-full size-full\" alt=\"\" style=\"max-width: 100%; height: auto;\" srcset=\"https:\/\/vezelay.eu\/d\/wp-content\/uploads\/2018\/10\/100_0559.jpg 1280w, https:\/\/vezelay.eu\/d\/wp-content\/uploads\/2018\/10\/100_0559-600x338.jpg 600w, https:\/\/vezelay.eu\/d\/wp-content\/uploads\/2018\/10\/100_0559-768x432.jpg 768w, https:\/\/vezelay.eu\/d\/wp-content\/uploads\/2018\/10\/100_0559-700x394.jpg 700w\" sizes=\"auto, 100vw\" \/><\/a><\/div><\/div><div id=\"pgc-2750-4-3\"  class=\"panel-grid-cell panel-grid-cell-empty\" ><\/div><\/div><\/div><div id=\"pg-2750-5\"  class=\"panel-grid panel-has-style\" ><div class=\"siteorigin-panels-stretch panel-row-style panel-row-style-for-2750-5\" data-stretch-type=\"full-width-stretch\" ><div id=\"pgc-2750-5-0\"  class=\"panel-grid-cell panel-grid-cell-empty\" ><\/div><div id=\"pgc-2750-5-1\"  class=\"panel-grid-cell\" ><div id=\"panel-2750-5-1-0\" class=\"so-panel widget widget_sow-editor panel-first-child panel-last-child\" data-index=\"8\" ><div\n\t\t\t\n\t\t\tclass=\"so-widget-sow-editor so-widget-sow-editor-base\"\n\t\t\t\n\t\t>\n<div class=\"siteorigin-widget-tinymce textwidget\">\n\t<\/div>\n<\/div><\/div><\/div><div id=\"pgc-2750-5-2\"  class=\"panel-grid-cell panel-grid-cell-empty panel-grid-cell-mobile-last\" ><\/div><div id=\"pgc-2750-5-3\"  class=\"panel-grid-cell panel-grid-cell-empty\" ><\/div><\/div><\/div><div id=\"pg-2750-6\"  class=\"panel-grid panel-has-style\" ><div class=\"siteorigin-panels-stretch panel-row-style panel-row-style-for-2750-6\" data-stretch-type=\"full-width-stretch\" ><div id=\"pgc-2750-6-0\"  class=\"panel-grid-cell panel-grid-cell-empty\" ><\/div><div id=\"pgc-2750-6-1\"  class=\"panel-grid-cell panel-grid-cell-empty\" ><\/div><div id=\"pgc-2750-6-2\"  class=\"panel-grid-cell panel-grid-cell-mobile-last\" ><div id=\"panel-2750-6-2-0\" class=\"so-panel widget widget_sow-editor panel-first-child panel-last-child\" data-index=\"9\" ><div\n\t\t\t\n\t\t\tclass=\"so-widget-sow-editor so-widget-sow-editor-base\"\n\t\t\t\n\t\t>\n<div class=\"siteorigin-widget-tinymce textwidget\">\n\t<\/div>\n<\/div><\/div><\/div><div id=\"pgc-2750-6-3\"  class=\"panel-grid-cell panel-grid-cell-empty\" ><\/div><\/div><\/div><div id=\"pg-2750-7\"  class=\"panel-grid panel-has-style\" ><div class=\"siteorigin-panels-stretch panel-row-style panel-row-style-for-2750-7\" data-stretch-type=\"full-width-stretch\" ><div id=\"pgc-2750-7-0\"  class=\"panel-grid-cell panel-grid-cell-empty\" ><\/div><div id=\"pgc-2750-7-1\"  class=\"panel-grid-cell\" ><\/div><div id=\"pgc-2750-7-2\"  class=\"panel-grid-cell panel-grid-cell-mobile-last\" ><\/div><div id=\"pgc-2750-7-3\"  class=\"panel-grid-cell panel-grid-cell-empty\" ><\/div><\/div><\/div><div id=\"pg-2750-8\"  class=\"panel-grid panel-has-style\" ><div class=\"panel-row-style panel-row-style-for-2750-8\" ><div id=\"pgc-2750-8-0\"  class=\"panel-grid-cell panel-grid-cell-empty\" ><\/div><div id=\"pgc-2750-8-1\"  class=\"panel-grid-cell\" ><div id=\"panel-2750-8-1-0\" class=\"so-panel widget widget_sow-editor panel-first-child panel-last-child\" data-index=\"12\" ><div\n\t\t\t\n\t\t\tclass=\"so-widget-sow-editor so-widget-sow-editor-base\"\n\t\t\t\n\t\t>\n<div class=\"siteorigin-widget-tinymce textwidget\">\n\t<\/div>\n<\/div><\/div><\/div><div id=\"pgc-2750-8-2\"  class=\"panel-grid-cell panel-grid-cell-empty panel-grid-cell-mobile-last\" ><\/div><div id=\"pgc-2750-8-3\"  class=\"panel-grid-cell panel-grid-cell-empty\" ><\/div><\/div><\/div><\/div>","protected":false},"excerpt":{"rendered":"<p>Die Schl\u00fcssel Roter Pfeil: der Schl\u00fcsseltresor mit Schl\u00fcsseln beider H\u00e4user (26 = Flusshaus, 28 = Fischerhaus) in der Seitenwand des Flusshauses, in der Gasse zum Fluss. . Geben Sie den Code ein, der per E-Mail erhalten wurde. Verwenden Sie den Drehknopf, um die T\u00fcr zu \u00f6ffnen. Wenn Sie abreisen, bewahren Sie die Schl\u00fcssel hier wieder &hellip; <\/p>\n<p class=\"link-more\"><a href=\"https:\/\/vezelay.eu\/d\/login\/\" class=\"more-link\"><span class=\"screen-reader-text\">\u201ePaktische Informationen f\u00fcr Mieter\u201c <\/span>weiterlesen<\/a><\/p>\n","protected":false},"author":1,"featured_media":0,"parent":0,"menu_order":0,"comment_status":"closed","ping_status":"closed","template":"","meta":{"footnotes":""},"class_list":["post-2750","page","type-page","status-publish","hentry"],"_links":{"self":[{"href":"https:\/\/vezelay.eu\/d\/wp-json\/wp\/v2\/pages\/2750","targetHints":{"allow":["GET"]}}],"collection":[{"href":"https:\/\/vezelay.eu\/d\/wp-json\/wp\/v2\/pages"}],"about":[{"href":"https:\/\/vezelay.eu\/d\/wp-json\/wp\/v2\/types\/page"}],"author":[{"embeddable":true,"href":"https:\/\/vezelay.eu\/d\/wp-json\/wp\/v2\/users\/1"}],"replies":[{"embeddable":true,"href":"https:\/\/vezelay.eu\/d\/wp-json\/wp\/v2\/comments?post=2750"}],"version-history":[{"count":117,"href":"https:\/\/vezelay.eu\/d\/wp-json\/wp\/v2\/pages\/2750\/revisions"}],"predecessor-version":[{"id":36591,"href":"https:\/\/vezelay.eu\/d\/wp-json\/wp\/v2\/pages\/2750\/revisions\/36591"}],"wp:attachment":[{"href":"https:\/\/vezelay.eu\/d\/wp-json\/wp\/v2\/media?parent=2750"}],"curies":[{"name":"wp","href":"https:\/\/api.w.org\/{rel}","templated":true}]}}