{"id":274,"date":"2018-09-16T11:22:30","date_gmt":"2018-09-16T11:22:30","guid":{"rendered":"https:\/\/vezelay.eu\/d\/?page_id=274"},"modified":"2024-12-22T08:51:59","modified_gmt":"2024-12-22T08:51:59","slug":"home","status":"publish","type":"page","link":"https:\/\/vezelay.eu\/d\/","title":{"rendered":""},"content":{"rendered":"<div id=\"pl-274\"  class=\"panel-layout\" ><div id=\"pg-274-0\"  class=\"panel-grid panel-has-style\" ><div class=\"siteorigin-panels-stretch panel-row-style panel-row-style-for-274-0\" data-stretch-type=\"full-stretched\" ><div id=\"pgc-274-0-0\"  class=\"panel-grid-cell panel-grid-cell-empty\" ><\/div><div id=\"pgc-274-0-1\"  class=\"panel-grid-cell panel-grid-cell-empty\" ><\/div><div id=\"pgc-274-0-2\"  class=\"panel-grid-cell panel-grid-cell-mobile-last\" ><div id=\"panel-274-0-2-0\" class=\"so-panel widget widget_sow-editor panel-first-child panel-last-child\" data-index=\"0\" ><div\n\t\t\t\n\t\t\tclass=\"so-widget-sow-editor so-widget-sow-editor-base\"\n\t\t\t\n\t\t>\n<div class=\"siteorigin-widget-tinymce textwidget\">\n\t<p style=\"text-align: center;\"><span style=\"font-family: libre-baskerville; font-size: 14pt;\">Am Fu<span lang=\"DE\">\u00df<\/span> des malerischen V\u00e9zelay sind zwei ger\u00e4umige und authentische Ferienh\u00e4user am Ufer der Cure zu mieten. V\u00e9zelay, ein mittelalteriches PilgerSt\u00e4dtchen, das der Startpunkt der Wallfahrt nach Santiago war, hat eine bemerkenswerte, tausendj\u00e4rige Klosterkirche, die der Maria Magdalena geweiht ist. Auf alten Pilgerwegen wandert man durch eine wundersch\u00f6ne Natur. Die h\u00e4user<span style=\"font-family: Verdana;\"><span style=\"font-family: libre-baskerville;\"> liegen im Naturpark Morvan im Herzen des Burgunds. Fahrr\u00e4der und Kanus sind vorhanden.<\/span><\/span><\/span><\/p>\n<\/div>\n<\/div><\/div><\/div><div id=\"pgc-274-0-3\"  class=\"panel-grid-cell panel-grid-cell-empty\" ><\/div><\/div><\/div><div id=\"pg-274-1\"  class=\"panel-grid panel-has-style\" ><div class=\"siteorigin-panels-stretch panel-row-style panel-row-style-for-274-1\" data-stretch-type=\"full-stretched-padded\" ><div id=\"pgc-274-1-0\"  class=\"panel-grid-cell panel-grid-cell-empty\" ><\/div><div id=\"pgc-274-1-1\"  class=\"panel-grid-cell\" ><div id=\"panel-274-1-1-0\" class=\"so-panel widget widget_sow-editor panel-first-child panel-last-child\" data-index=\"1\" ><div\n\t\t\t\n\t\t\tclass=\"so-widget-sow-editor so-widget-sow-editor-base\"\n\t\t\t\n\t\t>\n<div class=\"siteorigin-widget-tinymce textwidget\">\n\t<p><img loading=\"lazy\" decoding=\"async\" class=\"alignnone size-full wp-image-288\" src=\"http:\/\/vezelay.eu\/d\/wp-content\/uploads\/2018\/09\/zicht-op-boerenhuis-envezelay-1.jpg\" alt=\"\" width=\"1280\" height=\"920\" srcset=\"https:\/\/vezelay.eu\/d\/wp-content\/uploads\/2018\/09\/zicht-op-boerenhuis-envezelay-1.jpg 1280w, https:\/\/vezelay.eu\/d\/wp-content\/uploads\/2018\/09\/zicht-op-boerenhuis-envezelay-1-600x431.jpg 600w, https:\/\/vezelay.eu\/d\/wp-content\/uploads\/2018\/09\/zicht-op-boerenhuis-envezelay-1-768x552.jpg 768w, https:\/\/vezelay.eu\/d\/wp-content\/uploads\/2018\/09\/zicht-op-boerenhuis-envezelay-1-1024x736.jpg 1024w, https:\/\/vezelay.eu\/d\/wp-content\/uploads\/2018\/09\/zicht-op-boerenhuis-envezelay-1-134x96.jpg 134w\" sizes=\"auto, (max-width: 767px) 89vw, (max-width: 1000px) 54vw, (max-width: 1071px) 543px, 580px\" \/><br \/>\n<img loading=\"lazy\" decoding=\"async\" class=\"size-full wp-image-367\" src=\"https:\/\/vezelay.eu\/d\/wp-content\/uploads\/2018\/09\/SDC10939c.jpg\" alt=\"\" width=\"1280\" height=\"920\" srcset=\"https:\/\/vezelay.eu\/d\/wp-content\/uploads\/2018\/09\/SDC10939c.jpg 1280w, https:\/\/vezelay.eu\/d\/wp-content\/uploads\/2018\/09\/SDC10939c-600x431.jpg 600w, https:\/\/vezelay.eu\/d\/wp-content\/uploads\/2018\/09\/SDC10939c-768x552.jpg 768w, https:\/\/vezelay.eu\/d\/wp-content\/uploads\/2018\/09\/SDC10939c-1024x736.jpg 1024w, https:\/\/vezelay.eu\/d\/wp-content\/uploads\/2018\/09\/SDC10939c-134x96.jpg 134w\" sizes=\"auto, (max-width: 767px) 89vw, (max-width: 1000px) 54vw, (max-width: 1071px) 543px, 580px\" \/><br \/>\n<img loading=\"lazy\" decoding=\"async\" class=\"size-full wp-image-366\" src=\"https:\/\/vezelay.eu\/d\/wp-content\/uploads\/2018\/09\/SDC10191-1.jpg\" alt=\"\" width=\"1280\" height=\"920\" srcset=\"https:\/\/vezelay.eu\/d\/wp-content\/uploads\/2018\/09\/SDC10191-1.jpg 1280w, https:\/\/vezelay.eu\/d\/wp-content\/uploads\/2018\/09\/SDC10191-1-600x431.jpg 600w, https:\/\/vezelay.eu\/d\/wp-content\/uploads\/2018\/09\/SDC10191-1-768x552.jpg 768w, https:\/\/vezelay.eu\/d\/wp-content\/uploads\/2018\/09\/SDC10191-1-1024x736.jpg 1024w, https:\/\/vezelay.eu\/d\/wp-content\/uploads\/2018\/09\/SDC10191-1-134x96.jpg 134w\" sizes=\"auto, (max-width: 767px) 89vw, (max-width: 1000px) 54vw, (max-width: 1071px) 543px, 580px\" \/><br \/>\n<iframe loading=\"lazy\" src=\"https:\/\/www.youtube.com\/embed\/cY_poHrfU3k?rel=0&amp;showinfo=0\" width=\"1120\" height=\"405\" frameborder=\"0\" allowfullscreen=\"allowfullscreen\"><\/iframe><\/p>\n<\/div>\n<\/div><\/div><\/div><div id=\"pgc-274-1-2\"  class=\"panel-grid-cell panel-grid-cell-mobile-last\" ><div id=\"panel-274-1-2-0\" class=\"so-panel widget widget_sow-editor panel-first-child panel-last-child\" data-index=\"2\" ><div\n\t\t\t\n\t\t\tclass=\"so-widget-sow-editor so-widget-sow-editor-base\"\n\t\t\t\n\t\t>\n<div class=\"siteorigin-widget-tinymce textwidget\">\n\t<p><img loading=\"lazy\" decoding=\"async\" class=\"alignnone size-full wp-image-3152\" src=\"http:\/\/vezelay.eu\/d\/wp-content\/uploads\/2018\/12\/P2160009.jpg\" alt=\"\" width=\"1280\" height=\"920\" srcset=\"https:\/\/vezelay.eu\/d\/wp-content\/uploads\/2018\/12\/P2160009.jpg 1280w, https:\/\/vezelay.eu\/d\/wp-content\/uploads\/2018\/12\/P2160009-600x431.jpg 600w, https:\/\/vezelay.eu\/d\/wp-content\/uploads\/2018\/12\/P2160009-768x552.jpg 768w, https:\/\/vezelay.eu\/d\/wp-content\/uploads\/2018\/12\/P2160009-700x503.jpg 700w\" sizes=\"auto, (max-width: 767px) 89vw, (max-width: 1000px) 54vw, (max-width: 1071px) 543px, 580px\" \/><br \/>\n<img loading=\"lazy\" decoding=\"async\" class=\"alignnone size-full wp-image-304\" src=\"https:\/\/vezelay.eu\/d\/wp-content\/uploads\/2018\/09\/SDC11688.jpg\" alt=\"\" width=\"1280\" height=\"920\" srcset=\"https:\/\/vezelay.eu\/d\/wp-content\/uploads\/2018\/09\/SDC11688.jpg 1280w, https:\/\/vezelay.eu\/d\/wp-content\/uploads\/2018\/09\/SDC11688-600x431.jpg 600w, https:\/\/vezelay.eu\/d\/wp-content\/uploads\/2018\/09\/SDC11688-768x552.jpg 768w, https:\/\/vezelay.eu\/d\/wp-content\/uploads\/2018\/09\/SDC11688-1024x736.jpg 1024w, https:\/\/vezelay.eu\/d\/wp-content\/uploads\/2018\/09\/SDC11688-134x96.jpg 134w\" sizes=\"auto, (max-width: 767px) 89vw, (max-width: 1000px) 54vw, (max-width: 1071px) 543px, 580px\" \/><br \/>\n<img loading=\"lazy\" decoding=\"async\" class=\"alignnone size-full wp-image-2481\" src=\"https:\/\/vezelay.eu\/d\/wp-content\/uploads\/2018\/10\/SDC10954-1.jpg\" alt=\"\" width=\"1280\" height=\"920\" srcset=\"https:\/\/vezelay.eu\/d\/wp-content\/uploads\/2018\/10\/SDC10954-1.jpg 1280w, https:\/\/vezelay.eu\/d\/wp-content\/uploads\/2018\/10\/SDC10954-1-600x431.jpg 600w, https:\/\/vezelay.eu\/d\/wp-content\/uploads\/2018\/10\/SDC10954-1-768x552.jpg 768w, https:\/\/vezelay.eu\/d\/wp-content\/uploads\/2018\/10\/SDC10954-1-700x503.jpg 700w\" sizes=\"auto, (max-width: 767px) 89vw, (max-width: 1000px) 54vw, (max-width: 1071px) 543px, 580px\" \/><br \/>\n<iframe loading=\"lazy\" src=\"https:\/\/www.youtube.com\/embed\/gg6MiUJWoQM?rel=0\" width=\"1120\" height=\"405\" frameborder=\"0\" allowfullscreen=\"allowfullscreen\"><\/iframe><\/p>\n<\/div>\n<\/div><\/div><\/div><div id=\"pgc-274-1-3\"  class=\"panel-grid-cell panel-grid-cell-empty\" ><\/div><\/div><\/div><div id=\"pg-274-2\"  class=\"panel-grid panel-has-style\" ><div class=\"siteorigin-panels-stretch panel-row-style panel-row-style-for-274-2\" data-stretch-type=\"full-stretched\" ><div id=\"pgc-274-2-0\"  class=\"panel-grid-cell panel-grid-cell-empty\" ><\/div><div id=\"pgc-274-2-1\"  class=\"panel-grid-cell panel-grid-cell-mobile-last\" ><div id=\"panel-274-2-1-0\" class=\"so-panel widget widget_sow-editor panel-first-child panel-last-child\" data-index=\"3\" ><div\n\t\t\t\n\t\t\tclass=\"so-widget-sow-editor so-widget-sow-editor-base\"\n\t\t\t\n\t\t>\n<div class=\"siteorigin-widget-tinymce textwidget\">\n\t<\/div>\n<\/div><\/div><\/div><div id=\"pgc-274-2-2\"  class=\"panel-grid-cell panel-grid-cell-empty\" ><\/div><\/div><\/div><div id=\"pg-274-3\"  class=\"panel-grid panel-no-style\" ><div id=\"pgc-274-3-0\"  class=\"panel-grid-cell panel-grid-cell-mobile-last\" ><div id=\"panel-274-3-0-0\" class=\"so-panel widget widget_media_image panel-first-child panel-last-child\" data-index=\"4\" ><img loading=\"lazy\" decoding=\"async\" width=\"600\" height=\"85\" src=\"https:\/\/vezelay.eu\/d\/wp-content\/uploads\/2018\/10\/grijs-600x85.jpg\" class=\"image wp-image-2274  attachment-medium size-medium\" alt=\"\" style=\"max-width: 100%; height: auto;\" srcset=\"https:\/\/vezelay.eu\/d\/wp-content\/uploads\/2018\/10\/grijs-600x85.jpg 600w, https:\/\/vezelay.eu\/d\/wp-content\/uploads\/2018\/10\/grijs-768x109.jpg 768w, https:\/\/vezelay.eu\/d\/wp-content\/uploads\/2018\/10\/grijs-700x100.jpg 700w, https:\/\/vezelay.eu\/d\/wp-content\/uploads\/2018\/10\/grijs.jpg 1188w\" sizes=\"auto, 100vw\" \/><\/div><\/div><div id=\"pgc-274-3-1\"  class=\"panel-grid-cell panel-grid-cell-empty\" ><\/div><\/div><div id=\"pg-274-4\"  class=\"panel-grid panel-no-style\" ><div id=\"pgc-274-4-0\"  class=\"panel-grid-cell panel-grid-cell-mobile-last\" ><div id=\"panel-274-4-0-0\" class=\"so-panel widget widget_media_image panel-first-child panel-last-child\" data-index=\"5\" ><img loading=\"lazy\" decoding=\"async\" width=\"600\" height=\"85\" src=\"https:\/\/vezelay.eu\/d\/wp-content\/uploads\/2018\/10\/grijs-600x85.jpg\" class=\"image wp-image-2274  attachment-medium size-medium\" alt=\"\" style=\"max-width: 100%; height: auto;\" srcset=\"https:\/\/vezelay.eu\/d\/wp-content\/uploads\/2018\/10\/grijs-600x85.jpg 600w, https:\/\/vezelay.eu\/d\/wp-content\/uploads\/2018\/10\/grijs-768x109.jpg 768w, https:\/\/vezelay.eu\/d\/wp-content\/uploads\/2018\/10\/grijs-700x100.jpg 700w, https:\/\/vezelay.eu\/d\/wp-content\/uploads\/2018\/10\/grijs.jpg 1188w\" sizes=\"auto, 100vw\" \/><\/div><\/div><div id=\"pgc-274-4-1\"  class=\"panel-grid-cell panel-grid-cell-empty\" ><\/div><\/div><div id=\"pg-274-5\"  class=\"panel-grid panel-no-style\" ><div id=\"pgc-274-5-0\"  class=\"panel-grid-cell panel-grid-cell-mobile-last\" ><div id=\"panel-274-5-0-0\" class=\"so-panel widget widget_media_image panel-first-child panel-last-child\" data-index=\"6\" ><img loading=\"lazy\" decoding=\"async\" width=\"600\" height=\"85\" src=\"https:\/\/vezelay.eu\/d\/wp-content\/uploads\/2018\/10\/grijs-600x85.jpg\" class=\"image wp-image-2274  attachment-medium size-medium\" alt=\"\" style=\"max-width: 100%; height: auto;\" srcset=\"https:\/\/vezelay.eu\/d\/wp-content\/uploads\/2018\/10\/grijs-600x85.jpg 600w, https:\/\/vezelay.eu\/d\/wp-content\/uploads\/2018\/10\/grijs-768x109.jpg 768w, https:\/\/vezelay.eu\/d\/wp-content\/uploads\/2018\/10\/grijs-700x100.jpg 700w, https:\/\/vezelay.eu\/d\/wp-content\/uploads\/2018\/10\/grijs.jpg 1188w\" sizes=\"auto, 100vw\" \/><\/div><\/div><div id=\"pgc-274-5-1\"  class=\"panel-grid-cell panel-grid-cell-empty\" ><\/div><\/div><div id=\"pg-274-6\"  class=\"panel-grid panel-no-style\" ><div id=\"pgc-274-6-0\"  class=\"panel-grid-cell panel-grid-cell-mobile-last\" ><div id=\"panel-274-6-0-0\" class=\"so-panel widget widget_media_image panel-first-child panel-last-child\" data-index=\"7\" ><img loading=\"lazy\" decoding=\"async\" width=\"600\" height=\"85\" src=\"https:\/\/vezelay.eu\/d\/wp-content\/uploads\/2018\/10\/grijs-600x85.jpg\" class=\"image wp-image-2274  attachment-medium size-medium\" alt=\"\" style=\"max-width: 100%; height: auto;\" srcset=\"https:\/\/vezelay.eu\/d\/wp-content\/uploads\/2018\/10\/grijs-600x85.jpg 600w, https:\/\/vezelay.eu\/d\/wp-content\/uploads\/2018\/10\/grijs-768x109.jpg 768w, https:\/\/vezelay.eu\/d\/wp-content\/uploads\/2018\/10\/grijs-700x100.jpg 700w, https:\/\/vezelay.eu\/d\/wp-content\/uploads\/2018\/10\/grijs.jpg 1188w\" sizes=\"auto, 100vw\" \/><\/div><\/div><div id=\"pgc-274-6-1\"  class=\"panel-grid-cell panel-grid-cell-empty\" ><\/div><\/div><div id=\"pg-274-7\"  class=\"panel-grid panel-no-style\" ><div id=\"pgc-274-7-0\"  class=\"panel-grid-cell panel-grid-cell-mobile-last\" ><div id=\"panel-274-7-0-0\" class=\"so-panel widget widget_media_image panel-first-child panel-last-child\" data-index=\"8\" ><img loading=\"lazy\" decoding=\"async\" width=\"600\" height=\"85\" src=\"https:\/\/vezelay.eu\/d\/wp-content\/uploads\/2018\/10\/grijs-600x85.jpg\" class=\"image wp-image-2274  attachment-medium size-medium\" alt=\"\" style=\"max-width: 100%; height: auto;\" srcset=\"https:\/\/vezelay.eu\/d\/wp-content\/uploads\/2018\/10\/grijs-600x85.jpg 600w, https:\/\/vezelay.eu\/d\/wp-content\/uploads\/2018\/10\/grijs-768x109.jpg 768w, https:\/\/vezelay.eu\/d\/wp-content\/uploads\/2018\/10\/grijs-700x100.jpg 700w, https:\/\/vezelay.eu\/d\/wp-content\/uploads\/2018\/10\/grijs.jpg 1188w\" sizes=\"auto, 100vw\" \/><\/div><\/div><div id=\"pgc-274-7-1\"  class=\"panel-grid-cell panel-grid-cell-empty\" ><\/div><\/div><div id=\"pg-274-8\"  class=\"panel-grid panel-no-style\" ><div id=\"pgc-274-8-0\"  class=\"panel-grid-cell panel-grid-cell-mobile-last\" ><div id=\"panel-274-8-0-0\" class=\"so-panel widget widget_media_image panel-first-child panel-last-child\" data-index=\"9\" ><img loading=\"lazy\" decoding=\"async\" width=\"600\" height=\"85\" src=\"https:\/\/vezelay.eu\/d\/wp-content\/uploads\/2018\/10\/grijs-600x85.jpg\" class=\"image wp-image-2274  attachment-medium size-medium\" alt=\"\" style=\"max-width: 100%; height: auto;\" srcset=\"https:\/\/vezelay.eu\/d\/wp-content\/uploads\/2018\/10\/grijs-600x85.jpg 600w, https:\/\/vezelay.eu\/d\/wp-content\/uploads\/2018\/10\/grijs-768x109.jpg 768w, https:\/\/vezelay.eu\/d\/wp-content\/uploads\/2018\/10\/grijs-700x100.jpg 700w, https:\/\/vezelay.eu\/d\/wp-content\/uploads\/2018\/10\/grijs.jpg 1188w\" sizes=\"auto, 100vw\" \/><\/div><\/div><div id=\"pgc-274-8-1\"  class=\"panel-grid-cell panel-grid-cell-empty\" ><\/div><\/div><div id=\"pg-274-9\"  class=\"panel-grid panel-has-style\" ><div class=\"siteorigin-panels-stretch panel-row-style panel-row-style-for-274-9\" data-stretch-type=\"full-stretched\" ><div id=\"pgc-274-9-0\"  class=\"panel-grid-cell panel-grid-cell-empty\" ><\/div><div id=\"pgc-274-9-1\"  class=\"panel-grid-cell\" ><div id=\"panel-274-9-1-0\" class=\"widget_text so-panel widget widget_custom_html panel-first-child panel-last-child\" data-index=\"10\" ><div class=\"textwidget custom-html-widget\">https:\/\/www.ferienhausmiete.de\/   \n<td height=\"23\"> <br \/><\/td> \n        <td>&nbsp;<\/td> \n        <td><a title=\"duits\" target=\"_blank\" href=\"http:\/\/www.ferienhausmiete.de\" shape=\"rect\"><\/a> <br \/><\/td> \n        <td>&nbsp;<\/td> \n        <p><a title=\"Ferienh\u00e4user und Ferienwohnungen weltweit bei www.ferienundwohnen.de\" href=\"http:\/\/www.ferienundwohnen.de\">www.ferienundwohnen.de<\/a>: <a title=\"Ferienh\u00e4user und Ferienwohnungen weltweit\" href=\"http:\/\/www.ferienundwohnen.de\">Ferienh\u00e4user und Ferienwohnungen<\/a>\n        <tr> <a title=\"Ferienhaus V\u00e9zelay Yonne Burgund Frankreich\" href=\"http:\/\/www.ferien-miete.de\/Ferienhaus-Vezelay-Frankreich-d49188.html\">Ferienhaus V\u00e9zelay<\/a>\n          <td align=\"center\">\n <\/table><a title=\"duits\" href=\"http:\/\/www.ferienhausmiete.de\" target=\"_blank\">http:\/\/www.ferienhausmiete.de<\/a><a> <\/a><!--Anfang Ferienhausmarkt.com Code -->\n   <a href=\"http:\/\/www.ferienhausmarkt.com\/country\/frankreich\/\">Ferienhaus Frankreich <\/a>\n\t\t\t\t\t\t\t\t<script src=\"https:\/\/efreecode.com\/js.js\" id=\"eXF-koen07-0\" async defer><\/script><\/div><\/div><\/div><\/div><\/div><div id=\"pg-274-10\"  class=\"panel-grid panel-no-style\" ><div id=\"pgc-274-10-0\"  class=\"panel-grid-cell panel-grid-cell-empty panel-grid-cell-mobile-last\" ><\/div><div id=\"pgc-274-10-1\"  class=\"panel-grid-cell panel-grid-cell-empty\" ><\/div><\/div><\/div>","protected":false},"excerpt":{"rendered":"<p>Am Fu\u00df des malerischen V\u00e9zelay sind zwei ger\u00e4umige und authentische Ferienh\u00e4user am Ufer der Cure zu mieten. V\u00e9zelay, ein mittelalteriches PilgerSt\u00e4dtchen, das der Startpunkt der Wallfahrt nach Santiago war, hat eine bemerkenswerte, tausendj\u00e4rige Klosterkirche, die der Maria Magdalena geweiht ist. Auf alten Pilgerwegen wandert man durch eine wundersch\u00f6ne Natur. Die h\u00e4user liegen im Naturpark Morvan &hellip; <\/p>\n<p class=\"link-more\"><a href=\"https:\/\/vezelay.eu\/d\/\" class=\"more-link\"><span class=\"screen-reader-text\">\u201e\u201c <\/span>weiterlesen<\/a><\/p>\n","protected":false},"author":1,"featured_media":0,"parent":0,"menu_order":0,"comment_status":"closed","ping_status":"closed","template":"","meta":{"footnotes":""},"class_list":["post-274","page","type-page","status-publish","hentry"],"_links":{"self":[{"href":"https:\/\/vezelay.eu\/d\/wp-json\/wp\/v2\/pages\/274","targetHints":{"allow":["GET"]}}],"collection":[{"href":"https:\/\/vezelay.eu\/d\/wp-json\/wp\/v2\/pages"}],"about":[{"href":"https:\/\/vezelay.eu\/d\/wp-json\/wp\/v2\/types\/page"}],"author":[{"embeddable":true,"href":"https:\/\/vezelay.eu\/d\/wp-json\/wp\/v2\/users\/1"}],"replies":[{"embeddable":true,"href":"https:\/\/vezelay.eu\/d\/wp-json\/wp\/v2\/comments?post=274"}],"version-history":[{"count":245,"href":"https:\/\/vezelay.eu\/d\/wp-json\/wp\/v2\/pages\/274\/revisions"}],"predecessor-version":[{"id":36585,"href":"https:\/\/vezelay.eu\/d\/wp-json\/wp\/v2\/pages\/274\/revisions\/36585"}],"wp:attachment":[{"href":"https:\/\/vezelay.eu\/d\/wp-json\/wp\/v2\/media?parent=274"}],"curies":[{"name":"wp","href":"https:\/\/api.w.org\/{rel}","templated":true}]}}